{"id":9780,"date":"2020-10-06T00:00:29","date_gmt":"2020-10-06T00:00:29","guid":{"rendered":"https:\/\/originellaoriginal.se\/?post_type=product&#038;p=9780"},"modified":"2025-08-19T08:33:09","modified_gmt":"2025-08-19T07:33:09","slug":"glasunderlagg","status":"publish","type":"product","link":"https:\/\/originellaoriginal.se\/en\/shop\/glasunderlagg\/","title":{"rendered":"Sweet Serenity Coaster Styckpris"},"content":{"rendered":"<div class=\"fusion-reading-box-container reading-box-container-1\">\n<div>Glasunderl\u00e4gg i ny, unik och vacker design av Pia Bergvall Lund\u00e9n som under det g\u00e5ngna \u00e5ret 2020 \u00e4gnat en stor del av tiden till att skapa m\u00f6nster, fr\u00e4mst f\u00f6r textilier och tapeter. En helt nytt uttryck med mycket blommor och v\u00e4xter.<br \/>\nI designen Sweet Serenity, som betyder och beskriver k\u00e4nslan av ett harmoniskt lugn och fridfullhet, ville Pia skapa den d\u00e4r hemtrevliga och mysiga k\u00e4nslan som infinner sig n\u00e4r man kommer hem.<\/div>\n<div><\/div>\n<div class=\"reading-box\">\n<div class=\"reading-box-description\">Glasunderl\u00e4gg fr\u00e5n Originella Original\u00ae \u00e4r en svensk kvalitetsprodukt.<br \/>\nV\u00e5ra underl\u00e4gg tillverkas i Sverige, i sm\u00e5land. De \u00e4r gjorda av skandinavisk FSC-m\u00e4rkt bj\u00f6rkfan\u00e9r. Ett naturligt och milj\u00f6v\u00e4nligt val. Varje glasunderl\u00e4gg g\u00f6rs f\u00f6r hand och best\u00e5r av flera lager av bj\u00f6rkfaner som pressas samman och skyddas av en melaminbaserad yta. V\u00e5ra underl\u00e4gg \u00e4r livsmedelsgodk\u00e4nda.<\/div>\n<div>Glasunderl\u00e4ggen t\u00e5l maskindisk.<\/div>\n<\/div>\n<\/div>\n<p class=\"fusion-reading-box-container reading-box-container-2\">FSC visar dig v\u00e4gen till produkter av tr\u00e4 du kan k\u00f6pa med gott samvete. I en FSC-certifierad skog \u00f6verskrider avvecklingen aldrig tillv\u00e4xten. FSC v\u00e4rnar om skogens v\u00e4xter och djur och kvalitetss\u00e4krar f\u00f6r de som arbetar i skogarna.<\/p>\n","protected":false},"excerpt":{"rendered":"<p>4 st Glasunderl\u00e4gg i unik design av Pia Bergvall Lund\u00e9n \u00a92020<br \/>\nMaterial: Bj\u00f6rkfan\u00e9r. Made in Sweden<br \/>\nT\u00e5l maskindisk<\/p>\n<p>1 set = 4 st<\/p>\n","protected":false},"featured_media":9846,"comment_status":"closed","ping_status":"closed","template":"","meta":[],"product_brand":[],"product_cat":[384],"product_tag":[],"class_list":{"0":"post-9780","1":"product","2":"type-product","3":"status-publish","4":"has-post-thumbnail","6":"product_cat-rundabrickor","8":"first","9":"instock","10":"sale","11":"taxable","12":"shipping-taxable","13":"purchasable","14":"product-type-simple","15":"customify-col","16":"product-has-gallery"},"translation":{"provider":"WPGlobus","version":"3.0.1","language":"en","enabled_languages":["sv","en","undefined"],"languages":{"sv":{"title":true,"content":true,"excerpt":true},"en":{"title":false,"content":false,"excerpt":false},"undefined":{"title":false,"content":false,"excerpt":false}}},"yoast_head":"<!-- This site is optimized with the Yoast SEO plugin v26.6 - https:\/\/yoast.com\/wordpress\/plugins\/seo\/ -->\n<title>Sweet Serenity Coaster Styckpris - ORIGINELLA ORIGINAL\u00ae<\/title>\n<meta name=\"robots\" content=\"index, follow, max-snippet:-1, max-image-preview:large, max-video-preview:-1\" \/>\n<link rel=\"canonical\" href=\"https:\/\/originellaoriginal.se\/shop\/glasunderlagg\/\" \/>\n<meta property=\"og:locale\" content=\"en_US\" \/>\n<meta property=\"og:type\" content=\"article\" \/>\n<meta property=\"og:title\" content=\"Sweet Serenity Coaster Styckpris - ORIGINELLA ORIGINAL\u00ae\" \/>\n<meta property=\"og:url\" content=\"https:\/\/originellaoriginal.se\/shop\/glasunderlagg\/\" \/>\n<meta property=\"og:site_name\" content=\"ORIGINELLA ORIGINAL\u00ae\" \/>\n<meta property=\"article:publisher\" content=\"https:\/\/www.facebook.com\/Originella.Original\/\" \/>\n<meta property=\"article:modified_time\" content=\"2025-08-19T07:33:09+00:00\" \/>\n<meta property=\"og:image\" content=\"https:\/\/originellaoriginal.se\/wp-content\/uploads\/2020\/10\/Coaster_sweet-Serenity_frilagd_web-1.jpg\" \/>\n\t<meta property=\"og:image:width\" content=\"709\" \/>\n\t<meta property=\"og:image:height\" content=\"709\" \/>\n\t<meta property=\"og:image:type\" content=\"image\/jpeg\" \/>\n<meta name=\"twitter:card\" content=\"summary_large_image\" \/>\n<meta name=\"twitter:label1\" content=\"Est. reading time\" \/>\n\t<meta name=\"twitter:data1\" content=\"1 minute\" \/>\n<script type=\"application\/ld+json\" class=\"yoast-schema-graph\">{\"@context\":\"https:\/\/schema.org\",\"@graph\":[{\"@type\":\"WebPage\",\"@id\":\"https:\/\/originellaoriginal.se\/shop\/glasunderlagg\/\",\"url\":\"https:\/\/originellaoriginal.se\/shop\/glasunderlagg\/\",\"name\":\"Sweet Serenity Coaster Styckpris - ORIGINELLA ORIGINAL\u00ae\",\"isPartOf\":{\"@id\":\"https:\/\/originellaoriginal.se\/#website\"},\"primaryImageOfPage\":{\"@id\":\"https:\/\/originellaoriginal.se\/shop\/glasunderlagg\/#primaryimage\"},\"image\":{\"@id\":\"https:\/\/originellaoriginal.se\/shop\/glasunderlagg\/#primaryimage\"},\"thumbnailUrl\":\"https:\/\/originellaoriginal.se\/wp-content\/uploads\/2020\/10\/Coaster_sweet-Serenity_frilagd_web-1.jpg\",\"datePublished\":\"2020-10-06T00:00:29+00:00\",\"dateModified\":\"2025-08-19T07:33:09+00:00\",\"breadcrumb\":{\"@id\":\"https:\/\/originellaoriginal.se\/shop\/glasunderlagg\/#breadcrumb\"},\"inLanguage\":\"en-US\",\"potentialAction\":[{\"@type\":\"ReadAction\",\"target\":[\"https:\/\/originellaoriginal.se\/shop\/glasunderlagg\/\"]}]},{\"@type\":\"ImageObject\",\"inLanguage\":\"en-US\",\"@id\":\"https:\/\/originellaoriginal.se\/shop\/glasunderlagg\/#primaryimage\",\"url\":\"https:\/\/originellaoriginal.se\/wp-content\/uploads\/2020\/10\/Coaster_sweet-Serenity_frilagd_web-1.jpg\",\"contentUrl\":\"https:\/\/originellaoriginal.se\/wp-content\/uploads\/2020\/10\/Coaster_sweet-Serenity_frilagd_web-1.jpg\",\"width\":709,\"height\":709,\"caption\":\"Glasunderl\u00e4gg i design av Pia Bergvall Lund\u00e9n\"},{\"@type\":\"BreadcrumbList\",\"@id\":\"https:\/\/originellaoriginal.se\/shop\/glasunderlagg\/#breadcrumb\",\"itemListElement\":[{\"@type\":\"ListItem\",\"position\":1,\"name\":\"Hem\",\"item\":\"https:\/\/originellaoriginal.se\/\"},{\"@type\":\"ListItem\",\"position\":2,\"name\":\"Originella Original Webshop\",\"item\":\"https:\/\/originellaoriginal.se\/originella-original-webshop-heminredningsdetaljer\/\"},{\"@type\":\"ListItem\",\"position\":3,\"name\":\"Sweet Serenity Coaster Styckpris\"}]},{\"@type\":\"WebSite\",\"@id\":\"https:\/\/originellaoriginal.se\/#website\",\"url\":\"https:\/\/originellaoriginal.se\/\",\"name\":\"ORIGINELLA ORIGINAL\u00ae\",\"description\":\"Art &amp; Design by Pia Bergvall Lund\u00e9n\",\"publisher\":{\"@id\":\"https:\/\/originellaoriginal.se\/#organization\"},\"potentialAction\":[{\"@type\":\"SearchAction\",\"target\":{\"@type\":\"EntryPoint\",\"urlTemplate\":\"https:\/\/originellaoriginal.se\/?s={search_term_string}\"},\"query-input\":{\"@type\":\"PropertyValueSpecification\",\"valueRequired\":true,\"valueName\":\"search_term_string\"}}],\"inLanguage\":\"en-US\"},{\"@type\":\"Organization\",\"@id\":\"https:\/\/originellaoriginal.se\/#organization\",\"name\":\"ORIGINELLA ORIGINAL\u00ae\",\"url\":\"https:\/\/originellaoriginal.se\/\",\"logo\":{\"@type\":\"ImageObject\",\"inLanguage\":\"en-US\",\"@id\":\"https:\/\/originellaoriginal.se\/#\/schema\/logo\/image\/\",\"url\":\"https:\/\/originellaoriginal.se\/wp-content\/uploads\/2025\/08\/cropped-cropped-cropped-LOGO_OO_2020_Sign_frilagd-1.jpg\",\"contentUrl\":\"https:\/\/originellaoriginal.se\/wp-content\/uploads\/2025\/08\/cropped-cropped-cropped-LOGO_OO_2020_Sign_frilagd-1.jpg\",\"width\":468,\"height\":253,\"caption\":\"ORIGINELLA ORIGINAL\u00ae\"},\"image\":{\"@id\":\"https:\/\/originellaoriginal.se\/#\/schema\/logo\/image\/\"},\"sameAs\":[\"https:\/\/www.facebook.com\/Originella.Original\/\",\"https:\/\/www.instagram.com\/originella_original\/\",\"https:\/\/www.linkedin.com\/in\/pia-bergvall-lundn-4704585a?trk=hp-identity-name\"]}]}<\/script>\n<!-- \/ Yoast SEO plugin. -->","yoast_head_json":{"title":"Sweet Serenity Coaster Styckpris - ORIGINELLA ORIGINAL\u00ae","robots":{"index":"index","follow":"follow","max-snippet":"max-snippet:-1","max-image-preview":"max-image-preview:large","max-video-preview":"max-video-preview:-1"},"canonical":"https:\/\/originellaoriginal.se\/shop\/glasunderlagg\/","og_locale":"en_US","og_type":"article","og_title":"Sweet Serenity Coaster Styckpris - ORIGINELLA ORIGINAL\u00ae","og_url":"https:\/\/originellaoriginal.se\/shop\/glasunderlagg\/","og_site_name":"ORIGINELLA ORIGINAL\u00ae","article_publisher":"https:\/\/www.facebook.com\/Originella.Original\/","article_modified_time":"2025-08-19T07:33:09+00:00","og_image":[{"width":709,"height":709,"url":"https:\/\/originellaoriginal.se\/wp-content\/uploads\/2020\/10\/Coaster_sweet-Serenity_frilagd_web-1.jpg","type":"image\/jpeg"}],"twitter_card":"summary_large_image","twitter_misc":{"Est. reading time":"1 minute"},"schema":{"@context":"https:\/\/schema.org","@graph":[{"@type":"WebPage","@id":"https:\/\/originellaoriginal.se\/shop\/glasunderlagg\/","url":"https:\/\/originellaoriginal.se\/shop\/glasunderlagg\/","name":"Sweet Serenity Coaster Styckpris - ORIGINELLA ORIGINAL\u00ae","isPartOf":{"@id":"https:\/\/originellaoriginal.se\/#website"},"primaryImageOfPage":{"@id":"https:\/\/originellaoriginal.se\/shop\/glasunderlagg\/#primaryimage"},"image":{"@id":"https:\/\/originellaoriginal.se\/shop\/glasunderlagg\/#primaryimage"},"thumbnailUrl":"https:\/\/originellaoriginal.se\/wp-content\/uploads\/2020\/10\/Coaster_sweet-Serenity_frilagd_web-1.jpg","datePublished":"2020-10-06T00:00:29+00:00","dateModified":"2025-08-19T07:33:09+00:00","breadcrumb":{"@id":"https:\/\/originellaoriginal.se\/shop\/glasunderlagg\/#breadcrumb"},"inLanguage":"en-US","potentialAction":[{"@type":"ReadAction","target":["https:\/\/originellaoriginal.se\/shop\/glasunderlagg\/"]}]},{"@type":"ImageObject","inLanguage":"en-US","@id":"https:\/\/originellaoriginal.se\/shop\/glasunderlagg\/#primaryimage","url":"https:\/\/originellaoriginal.se\/wp-content\/uploads\/2020\/10\/Coaster_sweet-Serenity_frilagd_web-1.jpg","contentUrl":"https:\/\/originellaoriginal.se\/wp-content\/uploads\/2020\/10\/Coaster_sweet-Serenity_frilagd_web-1.jpg","width":709,"height":709,"caption":"Glasunderl\u00e4gg i design av Pia Bergvall Lund\u00e9n"},{"@type":"BreadcrumbList","@id":"https:\/\/originellaoriginal.se\/shop\/glasunderlagg\/#breadcrumb","itemListElement":[{"@type":"ListItem","position":1,"name":"Hem","item":"https:\/\/originellaoriginal.se\/"},{"@type":"ListItem","position":2,"name":"Originella Original Webshop","item":"https:\/\/originellaoriginal.se\/originella-original-webshop-heminredningsdetaljer\/"},{"@type":"ListItem","position":3,"name":"Sweet Serenity Coaster Styckpris"}]},{"@type":"WebSite","@id":"https:\/\/originellaoriginal.se\/#website","url":"https:\/\/originellaoriginal.se\/","name":"ORIGINELLA ORIGINAL\u00ae","description":"Art &amp; Design by Pia Bergvall Lund\u00e9n","publisher":{"@id":"https:\/\/originellaoriginal.se\/#organization"},"potentialAction":[{"@type":"SearchAction","target":{"@type":"EntryPoint","urlTemplate":"https:\/\/originellaoriginal.se\/?s={search_term_string}"},"query-input":{"@type":"PropertyValueSpecification","valueRequired":true,"valueName":"search_term_string"}}],"inLanguage":"en-US"},{"@type":"Organization","@id":"https:\/\/originellaoriginal.se\/#organization","name":"ORIGINELLA ORIGINAL\u00ae","url":"https:\/\/originellaoriginal.se\/","logo":{"@type":"ImageObject","inLanguage":"en-US","@id":"https:\/\/originellaoriginal.se\/#\/schema\/logo\/image\/","url":"https:\/\/originellaoriginal.se\/wp-content\/uploads\/2025\/08\/cropped-cropped-cropped-LOGO_OO_2020_Sign_frilagd-1.jpg","contentUrl":"https:\/\/originellaoriginal.se\/wp-content\/uploads\/2025\/08\/cropped-cropped-cropped-LOGO_OO_2020_Sign_frilagd-1.jpg","width":468,"height":253,"caption":"ORIGINELLA ORIGINAL\u00ae"},"image":{"@id":"https:\/\/originellaoriginal.se\/#\/schema\/logo\/image\/"},"sameAs":["https:\/\/www.facebook.com\/Originella.Original\/","https:\/\/www.instagram.com\/originella_original\/","https:\/\/www.linkedin.com\/in\/pia-bergvall-lundn-4704585a?trk=hp-identity-name"]}]}},"_links":{"self":[{"href":"https:\/\/originellaoriginal.se\/en\/wp-json\/wp\/v2\/product\/9780","targetHints":{"allow":["GET"]}}],"collection":[{"href":"https:\/\/originellaoriginal.se\/en\/wp-json\/wp\/v2\/product"}],"about":[{"href":"https:\/\/originellaoriginal.se\/en\/wp-json\/wp\/v2\/types\/product"}],"replies":[{"embeddable":true,"href":"https:\/\/originellaoriginal.se\/en\/wp-json\/wp\/v2\/comments?post=9780"}],"wp:featuredmedia":[{"embeddable":true,"href":"https:\/\/originellaoriginal.se\/en\/wp-json\/wp\/v2\/media\/9846"}],"wp:attachment":[{"href":"https:\/\/originellaoriginal.se\/en\/wp-json\/wp\/v2\/media?parent=9780"}],"wp:term":[{"taxonomy":"product_brand","embeddable":true,"href":"https:\/\/originellaoriginal.se\/en\/wp-json\/wp\/v2\/product_brand?post=9780"},{"taxonomy":"product_cat","embeddable":true,"href":"https:\/\/originellaoriginal.se\/en\/wp-json\/wp\/v2\/product_cat?post=9780"},{"taxonomy":"product_tag","embeddable":true,"href":"https:\/\/originellaoriginal.se\/en\/wp-json\/wp\/v2\/product_tag?post=9780"}],"curies":[{"name":"wp","href":"https:\/\/api.w.org\/{rel}","templated":true}]}}