{"id":15224,"date":"2024-09-25T08:34:59","date_gmt":"2024-09-25T07:34:59","guid":{"rendered":"https:\/\/originellaoriginal.se\/?post_type=product&#038;p=15224"},"modified":"2024-12-09T09:57:07","modified_gmt":"2024-12-09T08:57:07","slug":"frukostbricka-fikatt","status":"publish","type":"product","link":"https:\/\/originellaoriginal.se\/en\/shop\/frukostbricka-fikatt\/","title":{"rendered":"Frukostbricka FiKATT"},"content":{"rendered":"<div class=\"fusion-reading-box-container reading-box-container-1\">\n<div class=\"reading-box\">\n<div class=\"reading-box-description\">Frukostbricka till fika med s\u00f6ta katter. En bricka fr\u00e5n Originella Original\u00ae \u00e4r en svensk kvalitetsprodukt.<br \/>\nV\u00e5ra brickor tillverkas i Sverige, i sm\u00e5land. De \u00e4r gjorda av skandinavisk FSC-m\u00e4rkt bj\u00f6rk. Ett naturligt och milj\u00f6v\u00e4nligt val. Varje bricka g\u00f6rs f\u00f6r hand och best\u00e5r av flera lager av bj\u00f6rkfaner som pressas samman och skyddas av en melaminbaserad yta. V\u00e5ra brickor \u00e4r livsmedelsgodk\u00e4nda och t\u00e5l tuffa tag.<\/div>\n<div>Brickan kan maskindiskas i upp till 95 grader.<\/div>\n<\/div>\n<\/div>\n<p class=\"fusion-reading-box-container reading-box-container-2\">FSC visar dig v\u00e4gen till produkter av tr\u00e4 du kan k\u00f6pa med gott samvete. I en FSC-certifierad skog \u00f6verskrider avvecklingen aldrig tillv\u00e4xten. FSC v\u00e4rnar om skogens v\u00e4xter och djur och kvalitetss\u00e4krar f\u00f6r de som arbetar i skogarna.<\/p>\n","protected":false},"excerpt":{"rendered":"<p>Underbar frukostbricka av Pia Bergvall Lund\u00e9n i formpressad bj\u00f6rkfan\u00e9r.<br \/>\nSvensk tillverkning.<br \/>\nV\u00e5ra brickor t\u00e5l tuffa tag, bl.a t\u00e5l de att diskas i maskin i upp till 95 grader.<\/p>\n<p>\u00c5ter i lager v.24<\/p>\n","protected":false},"featured_media":11135,"comment_status":"closed","ping_status":"closed","template":"","meta":[],"product_brand":[],"product_cat":[398],"product_tag":[],"class_list":{"0":"post-15224","1":"product","2":"type-product","3":"status-publish","4":"has-post-thumbnail","6":"product_cat-rektangularabrickor","8":"first","9":"outofstock","10":"taxable","11":"shipping-taxable","12":"purchasable","13":"product-type-simple","14":"customify-col"},"translation":{"provider":"WPGlobus","version":"3.0.1","language":"en","enabled_languages":["sv","en","undefined"],"languages":{"sv":{"title":true,"content":true,"excerpt":true},"en":{"title":false,"content":false,"excerpt":false},"undefined":{"title":false,"content":false,"excerpt":false}}},"yoast_head":"<!-- This site is optimized with the Yoast SEO plugin v26.6 - https:\/\/yoast.com\/wordpress\/plugins\/seo\/ -->\n<title>Frukostbricka FiKatt<\/title>\n<meta name=\"robots\" content=\"index, follow, max-snippet:-1, max-image-preview:large, max-video-preview:-1\" \/>\n<link rel=\"canonical\" href=\"https:\/\/originellaoriginal.se\/shop\/frukostbricka-fikatt\/\" \/>\n<meta property=\"og:locale\" content=\"en_US\" \/>\n<meta property=\"og:type\" content=\"article\" \/>\n<meta property=\"og:title\" content=\"Frukostbricka FiKATT - ORIGINELLA ORIGINAL\u00ae\" \/>\n<meta property=\"og:url\" content=\"https:\/\/originellaoriginal.se\/shop\/frukostbricka-fikatt\/\" \/>\n<meta property=\"og:site_name\" content=\"ORIGINELLA ORIGINAL\u00ae\" \/>\n<meta property=\"article:publisher\" content=\"https:\/\/www.facebook.com\/Originella.Original\/\" \/>\n<meta property=\"article:modified_time\" content=\"2024-12-09T08:57:07+00:00\" \/>\n<meta property=\"og:image\" content=\"https:\/\/originellaoriginal.se\/wp-content\/uploads\/2021\/08\/Fikat_frukostbricka_frilagd_web.jpg\" \/>\n\t<meta property=\"og:image:width\" content=\"1000\" \/>\n\t<meta property=\"og:image:height\" content=\"1000\" \/>\n\t<meta property=\"og:image:type\" content=\"image\/jpeg\" \/>\n<meta name=\"twitter:card\" content=\"summary_large_image\" \/>\n<meta name=\"twitter:label1\" content=\"Est. reading time\" \/>\n\t<meta name=\"twitter:data1\" content=\"1 minute\" \/>\n<script type=\"application\/ld+json\" class=\"yoast-schema-graph\">{\"@context\":\"https:\/\/schema.org\",\"@graph\":[{\"@type\":\"WebPage\",\"@id\":\"https:\/\/originellaoriginal.se\/shop\/frukostbricka-fikatt\/\",\"url\":\"https:\/\/originellaoriginal.se\/shop\/frukostbricka-fikatt\/\",\"name\":\"Frukostbricka FiKatt\",\"isPartOf\":{\"@id\":\"https:\/\/originellaoriginal.se\/#website\"},\"primaryImageOfPage\":{\"@id\":\"https:\/\/originellaoriginal.se\/shop\/frukostbricka-fikatt\/#primaryimage\"},\"image\":{\"@id\":\"https:\/\/originellaoriginal.se\/shop\/frukostbricka-fikatt\/#primaryimage\"},\"thumbnailUrl\":\"https:\/\/originellaoriginal.se\/wp-content\/uploads\/2021\/08\/Fikat_frukostbricka_frilagd_web.jpg\",\"datePublished\":\"2024-09-25T07:34:59+00:00\",\"dateModified\":\"2024-12-09T08:57:07+00:00\",\"description\":\"Frukostbricka till fikat med s\u00f6ta katter framf\u00f6r en h\u00f6g av odiskade kaffekoppar. En bricka fr\u00e5n Originella Original\u00ae illustrerad av Pia Bergvall Lund\u00e9n.\",\"breadcrumb\":{\"@id\":\"https:\/\/originellaoriginal.se\/shop\/frukostbricka-fikatt\/#breadcrumb\"},\"inLanguage\":\"en-US\",\"potentialAction\":[{\"@type\":\"ReadAction\",\"target\":[\"https:\/\/originellaoriginal.se\/shop\/frukostbricka-fikatt\/\"]}]},{\"@type\":\"ImageObject\",\"inLanguage\":\"en-US\",\"@id\":\"https:\/\/originellaoriginal.se\/shop\/frukostbricka-fikatt\/#primaryimage\",\"url\":\"https:\/\/originellaoriginal.se\/wp-content\/uploads\/2021\/08\/Fikat_frukostbricka_frilagd_web.jpg\",\"contentUrl\":\"https:\/\/originellaoriginal.se\/wp-content\/uploads\/2021\/08\/Fikat_frukostbricka_frilagd_web.jpg\",\"width\":1000,\"height\":1000,\"caption\":\"Frukostbricka med s\u00f6ta katter\"},{\"@type\":\"BreadcrumbList\",\"@id\":\"https:\/\/originellaoriginal.se\/shop\/frukostbricka-fikatt\/#breadcrumb\",\"itemListElement\":[{\"@type\":\"ListItem\",\"position\":1,\"name\":\"Hem\",\"item\":\"https:\/\/originellaoriginal.se\/\"},{\"@type\":\"ListItem\",\"position\":2,\"name\":\"Originella Original Webshop\",\"item\":\"https:\/\/originellaoriginal.se\/originella-original-webshop-heminredningsdetaljer\/\"},{\"@type\":\"ListItem\",\"position\":3,\"name\":\"Frukostbricka FiKATT\"}]},{\"@type\":\"WebSite\",\"@id\":\"https:\/\/originellaoriginal.se\/#website\",\"url\":\"https:\/\/originellaoriginal.se\/\",\"name\":\"ORIGINELLA ORIGINAL\u00ae\",\"description\":\"Art &amp; Design by Pia Bergvall Lund\u00e9n\",\"publisher\":{\"@id\":\"https:\/\/originellaoriginal.se\/#organization\"},\"potentialAction\":[{\"@type\":\"SearchAction\",\"target\":{\"@type\":\"EntryPoint\",\"urlTemplate\":\"https:\/\/originellaoriginal.se\/?s={search_term_string}\"},\"query-input\":{\"@type\":\"PropertyValueSpecification\",\"valueRequired\":true,\"valueName\":\"search_term_string\"}}],\"inLanguage\":\"en-US\"},{\"@type\":\"Organization\",\"@id\":\"https:\/\/originellaoriginal.se\/#organization\",\"name\":\"ORIGINELLA ORIGINAL\u00ae\",\"url\":\"https:\/\/originellaoriginal.se\/\",\"logo\":{\"@type\":\"ImageObject\",\"inLanguage\":\"en-US\",\"@id\":\"https:\/\/originellaoriginal.se\/#\/schema\/logo\/image\/\",\"url\":\"https:\/\/originellaoriginal.se\/wp-content\/uploads\/2025\/08\/cropped-cropped-cropped-LOGO_OO_2020_Sign_frilagd-1.jpg\",\"contentUrl\":\"https:\/\/originellaoriginal.se\/wp-content\/uploads\/2025\/08\/cropped-cropped-cropped-LOGO_OO_2020_Sign_frilagd-1.jpg\",\"width\":468,\"height\":253,\"caption\":\"ORIGINELLA ORIGINAL\u00ae\"},\"image\":{\"@id\":\"https:\/\/originellaoriginal.se\/#\/schema\/logo\/image\/\"},\"sameAs\":[\"https:\/\/www.facebook.com\/Originella.Original\/\",\"https:\/\/www.instagram.com\/originella_original\/\",\"https:\/\/www.linkedin.com\/in\/pia-bergvall-lundn-4704585a?trk=hp-identity-name\"]}]}<\/script>\n<!-- \/ Yoast SEO plugin. -->","yoast_head_json":{"title":"Frukostbricka FiKatt","robots":{"index":"index","follow":"follow","max-snippet":"max-snippet:-1","max-image-preview":"max-image-preview:large","max-video-preview":"max-video-preview:-1"},"canonical":"https:\/\/originellaoriginal.se\/shop\/frukostbricka-fikatt\/","og_locale":"en_US","og_type":"article","og_title":"Frukostbricka FiKATT - ORIGINELLA ORIGINAL\u00ae","og_url":"https:\/\/originellaoriginal.se\/shop\/frukostbricka-fikatt\/","og_site_name":"ORIGINELLA ORIGINAL\u00ae","article_publisher":"https:\/\/www.facebook.com\/Originella.Original\/","article_modified_time":"2024-12-09T08:57:07+00:00","og_image":[{"width":1000,"height":1000,"url":"https:\/\/originellaoriginal.se\/wp-content\/uploads\/2021\/08\/Fikat_frukostbricka_frilagd_web.jpg","type":"image\/jpeg"}],"twitter_card":"summary_large_image","twitter_misc":{"Est. reading time":"1 minute"},"schema":{"@context":"https:\/\/schema.org","@graph":[{"@type":"WebPage","@id":"https:\/\/originellaoriginal.se\/shop\/frukostbricka-fikatt\/","url":"https:\/\/originellaoriginal.se\/shop\/frukostbricka-fikatt\/","name":"Frukostbricka FiKatt","isPartOf":{"@id":"https:\/\/originellaoriginal.se\/#website"},"primaryImageOfPage":{"@id":"https:\/\/originellaoriginal.se\/shop\/frukostbricka-fikatt\/#primaryimage"},"image":{"@id":"https:\/\/originellaoriginal.se\/shop\/frukostbricka-fikatt\/#primaryimage"},"thumbnailUrl":"https:\/\/originellaoriginal.se\/wp-content\/uploads\/2021\/08\/Fikat_frukostbricka_frilagd_web.jpg","datePublished":"2024-09-25T07:34:59+00:00","dateModified":"2024-12-09T08:57:07+00:00","description":"Frukostbricka till fikat med s\u00f6ta katter framf\u00f6r en h\u00f6g av odiskade kaffekoppar. En bricka fr\u00e5n Originella Original\u00ae illustrerad av Pia Bergvall Lund\u00e9n.","breadcrumb":{"@id":"https:\/\/originellaoriginal.se\/shop\/frukostbricka-fikatt\/#breadcrumb"},"inLanguage":"en-US","potentialAction":[{"@type":"ReadAction","target":["https:\/\/originellaoriginal.se\/shop\/frukostbricka-fikatt\/"]}]},{"@type":"ImageObject","inLanguage":"en-US","@id":"https:\/\/originellaoriginal.se\/shop\/frukostbricka-fikatt\/#primaryimage","url":"https:\/\/originellaoriginal.se\/wp-content\/uploads\/2021\/08\/Fikat_frukostbricka_frilagd_web.jpg","contentUrl":"https:\/\/originellaoriginal.se\/wp-content\/uploads\/2021\/08\/Fikat_frukostbricka_frilagd_web.jpg","width":1000,"height":1000,"caption":"Frukostbricka med s\u00f6ta katter"},{"@type":"BreadcrumbList","@id":"https:\/\/originellaoriginal.se\/shop\/frukostbricka-fikatt\/#breadcrumb","itemListElement":[{"@type":"ListItem","position":1,"name":"Hem","item":"https:\/\/originellaoriginal.se\/"},{"@type":"ListItem","position":2,"name":"Originella Original Webshop","item":"https:\/\/originellaoriginal.se\/originella-original-webshop-heminredningsdetaljer\/"},{"@type":"ListItem","position":3,"name":"Frukostbricka FiKATT"}]},{"@type":"WebSite","@id":"https:\/\/originellaoriginal.se\/#website","url":"https:\/\/originellaoriginal.se\/","name":"ORIGINELLA ORIGINAL\u00ae","description":"Art &amp; Design by Pia Bergvall Lund\u00e9n","publisher":{"@id":"https:\/\/originellaoriginal.se\/#organization"},"potentialAction":[{"@type":"SearchAction","target":{"@type":"EntryPoint","urlTemplate":"https:\/\/originellaoriginal.se\/?s={search_term_string}"},"query-input":{"@type":"PropertyValueSpecification","valueRequired":true,"valueName":"search_term_string"}}],"inLanguage":"en-US"},{"@type":"Organization","@id":"https:\/\/originellaoriginal.se\/#organization","name":"ORIGINELLA ORIGINAL\u00ae","url":"https:\/\/originellaoriginal.se\/","logo":{"@type":"ImageObject","inLanguage":"en-US","@id":"https:\/\/originellaoriginal.se\/#\/schema\/logo\/image\/","url":"https:\/\/originellaoriginal.se\/wp-content\/uploads\/2025\/08\/cropped-cropped-cropped-LOGO_OO_2020_Sign_frilagd-1.jpg","contentUrl":"https:\/\/originellaoriginal.se\/wp-content\/uploads\/2025\/08\/cropped-cropped-cropped-LOGO_OO_2020_Sign_frilagd-1.jpg","width":468,"height":253,"caption":"ORIGINELLA ORIGINAL\u00ae"},"image":{"@id":"https:\/\/originellaoriginal.se\/#\/schema\/logo\/image\/"},"sameAs":["https:\/\/www.facebook.com\/Originella.Original\/","https:\/\/www.instagram.com\/originella_original\/","https:\/\/www.linkedin.com\/in\/pia-bergvall-lundn-4704585a?trk=hp-identity-name"]}]}},"_links":{"self":[{"href":"https:\/\/originellaoriginal.se\/en\/wp-json\/wp\/v2\/product\/15224","targetHints":{"allow":["GET"]}}],"collection":[{"href":"https:\/\/originellaoriginal.se\/en\/wp-json\/wp\/v2\/product"}],"about":[{"href":"https:\/\/originellaoriginal.se\/en\/wp-json\/wp\/v2\/types\/product"}],"replies":[{"embeddable":true,"href":"https:\/\/originellaoriginal.se\/en\/wp-json\/wp\/v2\/comments?post=15224"}],"wp:featuredmedia":[{"embeddable":true,"href":"https:\/\/originellaoriginal.se\/en\/wp-json\/wp\/v2\/media\/11135"}],"wp:attachment":[{"href":"https:\/\/originellaoriginal.se\/en\/wp-json\/wp\/v2\/media?parent=15224"}],"wp:term":[{"taxonomy":"product_brand","embeddable":true,"href":"https:\/\/originellaoriginal.se\/en\/wp-json\/wp\/v2\/product_brand?post=15224"},{"taxonomy":"product_cat","embeddable":true,"href":"https:\/\/originellaoriginal.se\/en\/wp-json\/wp\/v2\/product_cat?post=15224"},{"taxonomy":"product_tag","embeddable":true,"href":"https:\/\/originellaoriginal.se\/en\/wp-json\/wp\/v2\/product_tag?post=15224"}],"curies":[{"name":"wp","href":"https:\/\/api.w.org\/{rel}","templated":true}]}}