{"id":15213,"date":"2024-09-25T07:55:44","date_gmt":"2024-09-25T06:55:44","guid":{"rendered":"https:\/\/originellaoriginal.se\/?post_type=product&#038;p=15213"},"modified":"2024-10-21T11:15:33","modified_gmt":"2024-10-21T10:15:33","slug":"frukostbricka-randiga-katter-2","status":"publish","type":"product","link":"https:\/\/originellaoriginal.se\/en\/shop\/frukostbricka-randiga-katter-2\/","title":{"rendered":"Frukostbricka &#8211; Randiga katter"},"content":{"rendered":"<div class=\"fusion-reading-box-container reading-box-container-1\">\n<div class=\"reading-box\">\n<div class=\"reading-box-description\">Frukostbricka Randiga katter \u00e4r brickan med de f\u00e4rgglatt randiga katterna. All design p\u00e5 v\u00e5ra produkter \u00e4r formgiven av Pia Bergvall Lund\u00e9n.<br \/>\nV\u00e5ra brickor tillverkas i Sverige, i sm\u00e5land av skandinavisk FSC-m\u00e4rkt bj\u00f6rk. Ett naturligt och milj\u00f6v\u00e4nligt val. Varje bricka tillverkas f\u00f6r hand och best\u00e5r av flera lager bj\u00f6rkfaner som pressas samman och skyddas av en melaminbaserad yta. V\u00e5r bricka \u00e4r livsmedelsgodk\u00e4nd och t\u00e5l tuffa tag.<\/div>\n<div>brickan t\u00e5l maskindisk.<\/div>\n<\/div>\n<\/div>\n<p class=\"fusion-reading-box-container reading-box-container-2\">FSC visar dig v\u00e4gen till produkter av tr\u00e4 du kan k\u00f6pa med gott samvete. I en FSC-certifierad skog \u00f6verskrider avvecklingen aldrig tillv\u00e4xten. FSC v\u00e4rnar om skogens v\u00e4xter och djur och kvalitetss\u00e4krar f\u00f6r de som arbetar i skogarna.<\/p>\n<p>Njut av en fika och fyll din bricka med kaffe och sm\u00f6rg\u00e5s eller varf\u00f6r inte en varm kanelbulle. Frukostbrickan \u00e4r den b\u00e4sta presenten b\u00e5de till dig sj\u00e4lv eller n\u00e5gon du tycker om.<\/p>\n","protected":false},"excerpt":{"rendered":"<p>Bricka formgiven av Pia Bergvall Lund\u00e9n.<br \/>\nStorlek 27&#215;20 cm<br \/>\nFsc certifierad bj\u00f6rkfan\u00e9r. T\u00e5l maskindisk.<\/p>\n","protected":false},"featured_media":14979,"comment_status":"closed","ping_status":"closed","template":"","meta":[],"product_brand":[],"product_cat":[398],"product_tag":[137,89,120,352],"class_list":{"0":"post-15213","1":"product","2":"type-product","3":"status-publish","4":"has-post-thumbnail","6":"product_cat-rektangularabrickor","7":"product_tag-bricka","8":"product_tag-brickor","9":"product_tag-frukostbricka","10":"product_tag-upplaggningsfat","12":"first","13":"instock","14":"taxable","15":"shipping-taxable","16":"purchasable","17":"product-type-simple","18":"customify-col"},"translation":{"provider":"WPGlobus","version":"3.0.1","language":"en","enabled_languages":["sv","en","undefined"],"languages":{"sv":{"title":true,"content":true,"excerpt":true},"en":{"title":false,"content":false,"excerpt":false},"undefined":{"title":false,"content":false,"excerpt":false}}},"yoast_head":"<!-- This site is optimized with the Yoast SEO plugin v26.6 - https:\/\/yoast.com\/wordpress\/plugins\/seo\/ -->\n<title>Frukostbricka Randiga katter<\/title>\n<meta name=\"robots\" content=\"index, follow, max-snippet:-1, max-image-preview:large, max-video-preview:-1\" \/>\n<link rel=\"canonical\" href=\"https:\/\/originellaoriginal.se\/shop\/frukostbricka-randiga-katter-2\/\" \/>\n<meta property=\"og:locale\" content=\"en_US\" \/>\n<meta property=\"og:type\" content=\"article\" \/>\n<meta property=\"og:title\" content=\"Frukostbricka - Randiga katter - ORIGINELLA ORIGINAL\u00ae\" \/>\n<meta property=\"og:url\" content=\"https:\/\/originellaoriginal.se\/shop\/frukostbricka-randiga-katter-2\/\" \/>\n<meta property=\"og:site_name\" content=\"ORIGINELLA ORIGINAL\u00ae\" \/>\n<meta property=\"article:publisher\" content=\"https:\/\/www.facebook.com\/Originella.Original\/\" \/>\n<meta property=\"article:modified_time\" content=\"2024-10-21T10:15:33+00:00\" \/>\n<meta property=\"og:image\" content=\"https:\/\/originellaoriginal.se\/wp-content\/uploads\/2024\/08\/Randiga-katter_web.jpg\" \/>\n\t<meta property=\"og:image:width\" content=\"1020\" \/>\n\t<meta property=\"og:image:height\" content=\"1020\" \/>\n\t<meta property=\"og:image:type\" content=\"image\/jpeg\" \/>\n<meta name=\"twitter:card\" content=\"summary_large_image\" \/>\n<meta name=\"twitter:label1\" content=\"Est. reading time\" \/>\n\t<meta name=\"twitter:data1\" content=\"1 minute\" \/>\n<script type=\"application\/ld+json\" class=\"yoast-schema-graph\">{\"@context\":\"https:\/\/schema.org\",\"@graph\":[{\"@type\":\"WebPage\",\"@id\":\"https:\/\/originellaoriginal.se\/shop\/frukostbricka-randiga-katter-2\/\",\"url\":\"https:\/\/originellaoriginal.se\/shop\/frukostbricka-randiga-katter-2\/\",\"name\":\"Frukostbricka Randiga katter\",\"isPartOf\":{\"@id\":\"https:\/\/originellaoriginal.se\/#website\"},\"primaryImageOfPage\":{\"@id\":\"https:\/\/originellaoriginal.se\/shop\/frukostbricka-randiga-katter-2\/#primaryimage\"},\"image\":{\"@id\":\"https:\/\/originellaoriginal.se\/shop\/frukostbricka-randiga-katter-2\/#primaryimage\"},\"thumbnailUrl\":\"https:\/\/originellaoriginal.se\/wp-content\/uploads\/2024\/08\/Randiga-katter_web.jpg\",\"datePublished\":\"2024-09-25T06:55:44+00:00\",\"dateModified\":\"2024-10-21T10:15:33+00:00\",\"description\":\"Frukostbricka med randiga katter. Omge dig med f\u00e4rg och k\u00e4nn gl\u00e4djen. En frukostbricka som present eller f\u00f6r fikastunden. Av Pia Bergvall Lund\u00e9n.\",\"breadcrumb\":{\"@id\":\"https:\/\/originellaoriginal.se\/shop\/frukostbricka-randiga-katter-2\/#breadcrumb\"},\"inLanguage\":\"en-US\",\"potentialAction\":[{\"@type\":\"ReadAction\",\"target\":[\"https:\/\/originellaoriginal.se\/shop\/frukostbricka-randiga-katter-2\/\"]}]},{\"@type\":\"ImageObject\",\"inLanguage\":\"en-US\",\"@id\":\"https:\/\/originellaoriginal.se\/shop\/frukostbricka-randiga-katter-2\/#primaryimage\",\"url\":\"https:\/\/originellaoriginal.se\/wp-content\/uploads\/2024\/08\/Randiga-katter_web.jpg\",\"contentUrl\":\"https:\/\/originellaoriginal.se\/wp-content\/uploads\/2024\/08\/Randiga-katter_web.jpg\",\"width\":1020,\"height\":1020,\"caption\":\"Frukostbricka med randiga katter\"},{\"@type\":\"BreadcrumbList\",\"@id\":\"https:\/\/originellaoriginal.se\/shop\/frukostbricka-randiga-katter-2\/#breadcrumb\",\"itemListElement\":[{\"@type\":\"ListItem\",\"position\":1,\"name\":\"Hem\",\"item\":\"https:\/\/originellaoriginal.se\/\"},{\"@type\":\"ListItem\",\"position\":2,\"name\":\"Originella Original Webshop\",\"item\":\"https:\/\/originellaoriginal.se\/originella-original-webshop-heminredningsdetaljer\/\"},{\"@type\":\"ListItem\",\"position\":3,\"name\":\"Frukostbricka &#8211; Randiga katter\"}]},{\"@type\":\"WebSite\",\"@id\":\"https:\/\/originellaoriginal.se\/#website\",\"url\":\"https:\/\/originellaoriginal.se\/\",\"name\":\"ORIGINELLA ORIGINAL\u00ae\",\"description\":\"Art &amp; Design by Pia Bergvall Lund\u00e9n\",\"publisher\":{\"@id\":\"https:\/\/originellaoriginal.se\/#organization\"},\"potentialAction\":[{\"@type\":\"SearchAction\",\"target\":{\"@type\":\"EntryPoint\",\"urlTemplate\":\"https:\/\/originellaoriginal.se\/?s={search_term_string}\"},\"query-input\":{\"@type\":\"PropertyValueSpecification\",\"valueRequired\":true,\"valueName\":\"search_term_string\"}}],\"inLanguage\":\"en-US\"},{\"@type\":\"Organization\",\"@id\":\"https:\/\/originellaoriginal.se\/#organization\",\"name\":\"ORIGINELLA ORIGINAL\u00ae\",\"url\":\"https:\/\/originellaoriginal.se\/\",\"logo\":{\"@type\":\"ImageObject\",\"inLanguage\":\"en-US\",\"@id\":\"https:\/\/originellaoriginal.se\/#\/schema\/logo\/image\/\",\"url\":\"https:\/\/originellaoriginal.se\/wp-content\/uploads\/2025\/08\/cropped-cropped-cropped-LOGO_OO_2020_Sign_frilagd-1.jpg\",\"contentUrl\":\"https:\/\/originellaoriginal.se\/wp-content\/uploads\/2025\/08\/cropped-cropped-cropped-LOGO_OO_2020_Sign_frilagd-1.jpg\",\"width\":468,\"height\":253,\"caption\":\"ORIGINELLA ORIGINAL\u00ae\"},\"image\":{\"@id\":\"https:\/\/originellaoriginal.se\/#\/schema\/logo\/image\/\"},\"sameAs\":[\"https:\/\/www.facebook.com\/Originella.Original\/\",\"https:\/\/www.instagram.com\/originella_original\/\",\"https:\/\/www.linkedin.com\/in\/pia-bergvall-lundn-4704585a?trk=hp-identity-name\"]}]}<\/script>\n<!-- \/ Yoast SEO plugin. -->","yoast_head_json":{"title":"Frukostbricka Randiga katter","robots":{"index":"index","follow":"follow","max-snippet":"max-snippet:-1","max-image-preview":"max-image-preview:large","max-video-preview":"max-video-preview:-1"},"canonical":"https:\/\/originellaoriginal.se\/shop\/frukostbricka-randiga-katter-2\/","og_locale":"en_US","og_type":"article","og_title":"Frukostbricka - Randiga katter - ORIGINELLA ORIGINAL\u00ae","og_url":"https:\/\/originellaoriginal.se\/shop\/frukostbricka-randiga-katter-2\/","og_site_name":"ORIGINELLA ORIGINAL\u00ae","article_publisher":"https:\/\/www.facebook.com\/Originella.Original\/","article_modified_time":"2024-10-21T10:15:33+00:00","og_image":[{"width":1020,"height":1020,"url":"https:\/\/originellaoriginal.se\/wp-content\/uploads\/2024\/08\/Randiga-katter_web.jpg","type":"image\/jpeg"}],"twitter_card":"summary_large_image","twitter_misc":{"Est. reading time":"1 minute"},"schema":{"@context":"https:\/\/schema.org","@graph":[{"@type":"WebPage","@id":"https:\/\/originellaoriginal.se\/shop\/frukostbricka-randiga-katter-2\/","url":"https:\/\/originellaoriginal.se\/shop\/frukostbricka-randiga-katter-2\/","name":"Frukostbricka Randiga katter","isPartOf":{"@id":"https:\/\/originellaoriginal.se\/#website"},"primaryImageOfPage":{"@id":"https:\/\/originellaoriginal.se\/shop\/frukostbricka-randiga-katter-2\/#primaryimage"},"image":{"@id":"https:\/\/originellaoriginal.se\/shop\/frukostbricka-randiga-katter-2\/#primaryimage"},"thumbnailUrl":"https:\/\/originellaoriginal.se\/wp-content\/uploads\/2024\/08\/Randiga-katter_web.jpg","datePublished":"2024-09-25T06:55:44+00:00","dateModified":"2024-10-21T10:15:33+00:00","description":"Frukostbricka med randiga katter. Omge dig med f\u00e4rg och k\u00e4nn gl\u00e4djen. En frukostbricka som present eller f\u00f6r fikastunden. Av Pia Bergvall Lund\u00e9n.","breadcrumb":{"@id":"https:\/\/originellaoriginal.se\/shop\/frukostbricka-randiga-katter-2\/#breadcrumb"},"inLanguage":"en-US","potentialAction":[{"@type":"ReadAction","target":["https:\/\/originellaoriginal.se\/shop\/frukostbricka-randiga-katter-2\/"]}]},{"@type":"ImageObject","inLanguage":"en-US","@id":"https:\/\/originellaoriginal.se\/shop\/frukostbricka-randiga-katter-2\/#primaryimage","url":"https:\/\/originellaoriginal.se\/wp-content\/uploads\/2024\/08\/Randiga-katter_web.jpg","contentUrl":"https:\/\/originellaoriginal.se\/wp-content\/uploads\/2024\/08\/Randiga-katter_web.jpg","width":1020,"height":1020,"caption":"Frukostbricka med randiga katter"},{"@type":"BreadcrumbList","@id":"https:\/\/originellaoriginal.se\/shop\/frukostbricka-randiga-katter-2\/#breadcrumb","itemListElement":[{"@type":"ListItem","position":1,"name":"Hem","item":"https:\/\/originellaoriginal.se\/"},{"@type":"ListItem","position":2,"name":"Originella Original Webshop","item":"https:\/\/originellaoriginal.se\/originella-original-webshop-heminredningsdetaljer\/"},{"@type":"ListItem","position":3,"name":"Frukostbricka &#8211; Randiga katter"}]},{"@type":"WebSite","@id":"https:\/\/originellaoriginal.se\/#website","url":"https:\/\/originellaoriginal.se\/","name":"ORIGINELLA ORIGINAL\u00ae","description":"Art &amp; Design by Pia Bergvall Lund\u00e9n","publisher":{"@id":"https:\/\/originellaoriginal.se\/#organization"},"potentialAction":[{"@type":"SearchAction","target":{"@type":"EntryPoint","urlTemplate":"https:\/\/originellaoriginal.se\/?s={search_term_string}"},"query-input":{"@type":"PropertyValueSpecification","valueRequired":true,"valueName":"search_term_string"}}],"inLanguage":"en-US"},{"@type":"Organization","@id":"https:\/\/originellaoriginal.se\/#organization","name":"ORIGINELLA ORIGINAL\u00ae","url":"https:\/\/originellaoriginal.se\/","logo":{"@type":"ImageObject","inLanguage":"en-US","@id":"https:\/\/originellaoriginal.se\/#\/schema\/logo\/image\/","url":"https:\/\/originellaoriginal.se\/wp-content\/uploads\/2025\/08\/cropped-cropped-cropped-LOGO_OO_2020_Sign_frilagd-1.jpg","contentUrl":"https:\/\/originellaoriginal.se\/wp-content\/uploads\/2025\/08\/cropped-cropped-cropped-LOGO_OO_2020_Sign_frilagd-1.jpg","width":468,"height":253,"caption":"ORIGINELLA ORIGINAL\u00ae"},"image":{"@id":"https:\/\/originellaoriginal.se\/#\/schema\/logo\/image\/"},"sameAs":["https:\/\/www.facebook.com\/Originella.Original\/","https:\/\/www.instagram.com\/originella_original\/","https:\/\/www.linkedin.com\/in\/pia-bergvall-lundn-4704585a?trk=hp-identity-name"]}]}},"_links":{"self":[{"href":"https:\/\/originellaoriginal.se\/en\/wp-json\/wp\/v2\/product\/15213","targetHints":{"allow":["GET"]}}],"collection":[{"href":"https:\/\/originellaoriginal.se\/en\/wp-json\/wp\/v2\/product"}],"about":[{"href":"https:\/\/originellaoriginal.se\/en\/wp-json\/wp\/v2\/types\/product"}],"replies":[{"embeddable":true,"href":"https:\/\/originellaoriginal.se\/en\/wp-json\/wp\/v2\/comments?post=15213"}],"wp:featuredmedia":[{"embeddable":true,"href":"https:\/\/originellaoriginal.se\/en\/wp-json\/wp\/v2\/media\/14979"}],"wp:attachment":[{"href":"https:\/\/originellaoriginal.se\/en\/wp-json\/wp\/v2\/media?parent=15213"}],"wp:term":[{"taxonomy":"product_brand","embeddable":true,"href":"https:\/\/originellaoriginal.se\/en\/wp-json\/wp\/v2\/product_brand?post=15213"},{"taxonomy":"product_cat","embeddable":true,"href":"https:\/\/originellaoriginal.se\/en\/wp-json\/wp\/v2\/product_cat?post=15213"},{"taxonomy":"product_tag","embeddable":true,"href":"https:\/\/originellaoriginal.se\/en\/wp-json\/wp\/v2\/product_tag?post=15213"}],"curies":[{"name":"wp","href":"https:\/\/api.w.org\/{rel}","templated":true}]}}