{"id":15199,"date":"2024-09-24T20:53:23","date_gmt":"2024-09-24T19:53:23","guid":{"rendered":"https:\/\/originellaoriginal.se\/?post_type=product&#038;p=15199"},"modified":"2024-09-24T20:55:02","modified_gmt":"2024-09-24T19:55:02","slug":"rund-bricka-vallentuna","status":"publish","type":"product","link":"https:\/\/originellaoriginal.se\/en\/shop\/rund-bricka-vallentuna\/","title":{"rendered":"Rund bricka &#8211; Vallentuna"},"content":{"rendered":"<p>Rund bricka &#8211; Vallentuna \u00e4r en vackert illustrerad rund bricka med byggnader och ting fr\u00e5n de olika socknarna i Vallentuna Kommun.<br \/>\nDen runda brickan \u00e4r formgiven av Pia Bergvall Lund\u00e9n som ocks\u00e5 \u00e4r bosatt och verksam i Vallentuna.<\/p>\n<p>P\u00e5 Vallentunabrickan hittar du: <!--more--><br \/>\nFr\u00f6sunda Stationshus &#8211; Fr\u00f6sunda socken<br \/>\n\u00d6sseby kyrkoruin &#8211; \u00d6sseby Garn socken<br \/>\nHusby g\u00e5rdsmuseum &#8211; Markim socken<br \/>\nV\u00e4sby Kvarn &#8211; Vallentuna socken<br \/>\nH\u00f6keriet &#8211; Orkesta socken<br \/>\nBacka g\u00e5rd &#8211; K\u00e5rsta socken<br \/>\nF\u00e5glarna och vattnet representerar Angarns sj\u00f6\u00e4ngen och Vada socken<br \/>\nRunstenarna representerar runriket<br \/>\nDjuren, h\u00e4star, kossor, f\u00e5glar mm representerar den m\u00e5ngfald av djur som finns i Vallentuna kommun.<\/p>\n<p>Vallentunas runda bricka \u00e4r, som alla v\u00e5ra brickor, tillverkad f\u00f6r hand i sm\u00e5land, i Sverige och gjord av FSC-certifierad bj\u00f6rkfaner. Brickan har en melaminbaserad yta som g\u00f6r den extra t\u00e5lig och f\u00f6rutom att den t\u00e5l maskindisk i 95 grader \u00e4r den ocks\u00e5 livsmedelsgodk\u00e4nd och ett fantastiskt fint hantverk, fr\u00e5n det handgjorda motivet till den f\u00e4rdiga brickan.<\/p>\n<p><strong>Vallentuna, rund bricka med Kvalitet du Kan Lita P\u00e5:<\/strong><br \/>\nV\u00e5ra motivbrickor \u00e4r tillverkade i Sm\u00e5land, f\u00f6r hand med omsorg och h\u00f6gkvalitativa material. F\u00f6r att s\u00e4kerst\u00e4lla att du f\u00e5r en produkt som varar, d\u00e4r klara f\u00e4rger och detaljer tillsammans med robust konstruktion g\u00f6r v\u00e5ra brickor till en investering f\u00f6r l\u00e5ng tid fram\u00f6ver.<\/p>\n<p>Perfekt presentid\u00e9:<br \/>\nLetar du efter den perfekta presenten till n\u00e5gon speciell att \u00f6verraska dem med? D\u00e5 \u00e4r en bricka det perfekta valet, eftersom den inte bara \u00e4r vacker utan ocks\u00e5 personlig och meningsfull och din g\u00e5va som kommer att uppskattas och minnas.<\/p>\n<p>F\u00f6lj oss g\u00e4rna p\u00e5 Instagram d\u00e4r vi vill sprida inspiration och gl\u00e4dje kring de alster som Pia skapar samt visa v\u00e5ra produkter som brickor, k\u00f6kshanddukar, konst och tapeter mm. <a href=\"https:\/\/www.instagram.com\/originella_original\/\">https:\/\/www.instagram.com\/originella_original\/<\/a><\/p>\n","protected":false},"excerpt":{"rendered":"<p>Vallentunabrickan \u00e4r vackert illustrerad med byggnader och ting fr\u00e5n de olika socknarna i Vallentuna Kommun.<br \/>\nBrickan \u00e4r gjord i milj\u00f6certifierad bj\u00f6rkfaner och t\u00e5l maskindisk i 95 grader och \u00e4r livsmedelsgodk\u00e4nd.<\/p>\n<p>Storlek: \u00d838 cm<\/p>\n<p>Design:Pia Bergvall Lund\u00e9n<\/p>\n<p><strong>Den perfekta g\u00e5van till dig sj\u00e4lv, till f\u00f6retaget, eller dina anst\u00e4llda<br \/>\nMade in Sweden!<\/strong><\/p>\n","protected":false},"featured_media":14975,"comment_status":"closed","ping_status":"closed","template":"","meta":[],"product_brand":[],"product_cat":[384],"product_tag":[137,97,361],"class_list":{"0":"post-15199","1":"product","2":"type-product","3":"status-publish","4":"has-post-thumbnail","6":"product_cat-rundabrickor","7":"product_tag-bricka","8":"product_tag-rund-bricka","9":"product_tag-vallentuna","11":"first","12":"instock","13":"taxable","14":"shipping-taxable","15":"purchasable","16":"product-type-simple","17":"customify-col","18":"product-has-gallery"},"translation":{"provider":"WPGlobus","version":"3.0.1","language":"en","enabled_languages":["sv","en","undefined"],"languages":{"sv":{"title":true,"content":true,"excerpt":true},"en":{"title":false,"content":false,"excerpt":false},"undefined":{"title":false,"content":false,"excerpt":false}}},"yoast_head":"<!-- This site is optimized with the Yoast SEO plugin v26.6 - https:\/\/yoast.com\/wordpress\/plugins\/seo\/ -->\n<title>Vallentuna rund bricka<\/title>\n<meta name=\"robots\" content=\"index, follow, max-snippet:-1, max-image-preview:large, max-video-preview:-1\" \/>\n<link rel=\"canonical\" href=\"https:\/\/originellaoriginal.se\/shop\/rund-bricka-vallentuna\/\" \/>\n<meta property=\"og:locale\" content=\"en_US\" \/>\n<meta property=\"og:type\" content=\"article\" \/>\n<meta property=\"og:title\" content=\"Rund bricka - Vallentuna - ORIGINELLA ORIGINAL\u00ae\" \/>\n<meta property=\"og:url\" content=\"https:\/\/originellaoriginal.se\/shop\/rund-bricka-vallentuna\/\" \/>\n<meta property=\"og:site_name\" content=\"ORIGINELLA ORIGINAL\u00ae\" \/>\n<meta property=\"article:publisher\" content=\"https:\/\/www.facebook.com\/Originella.Original\/\" \/>\n<meta property=\"article:modified_time\" content=\"2024-09-24T19:55:02+00:00\" \/>\n<meta property=\"og:image\" content=\"https:\/\/originellaoriginal.se\/wp-content\/uploads\/2023\/11\/O38-cm_Vallentuna_bricka_-2.jpg\" \/>\n\t<meta property=\"og:image:width\" content=\"1000\" \/>\n\t<meta property=\"og:image:height\" content=\"1000\" \/>\n\t<meta property=\"og:image:type\" content=\"image\/jpeg\" \/>\n<meta name=\"twitter:card\" content=\"summary_large_image\" \/>\n<meta name=\"twitter:label1\" content=\"Est. reading time\" \/>\n\t<meta name=\"twitter:data1\" content=\"2 minutes\" \/>\n<script type=\"application\/ld+json\" class=\"yoast-schema-graph\">{\"@context\":\"https:\/\/schema.org\",\"@graph\":[{\"@type\":\"WebPage\",\"@id\":\"https:\/\/originellaoriginal.se\/shop\/rund-bricka-vallentuna\/\",\"url\":\"https:\/\/originellaoriginal.se\/shop\/rund-bricka-vallentuna\/\",\"name\":\"Vallentuna rund bricka\",\"isPartOf\":{\"@id\":\"https:\/\/originellaoriginal.se\/#website\"},\"primaryImageOfPage\":{\"@id\":\"https:\/\/originellaoriginal.se\/shop\/rund-bricka-vallentuna\/#primaryimage\"},\"image\":{\"@id\":\"https:\/\/originellaoriginal.se\/shop\/rund-bricka-vallentuna\/#primaryimage\"},\"thumbnailUrl\":\"https:\/\/originellaoriginal.se\/wp-content\/uploads\/2023\/11\/O38-cm_Vallentuna_bricka_-2.jpg\",\"datePublished\":\"2024-09-24T19:53:23+00:00\",\"dateModified\":\"2024-09-24T19:55:02+00:00\",\"description\":\"Vallentuna \u00e4r en rund bricka som representerar Vallentuna kommun. Fylld med byggnader och ting fr\u00e5n de olika socknarna. Formgiven av Pia Bergvall Lund\u00e9n.\",\"breadcrumb\":{\"@id\":\"https:\/\/originellaoriginal.se\/shop\/rund-bricka-vallentuna\/#breadcrumb\"},\"inLanguage\":\"en-US\",\"potentialAction\":[{\"@type\":\"ReadAction\",\"target\":[\"https:\/\/originellaoriginal.se\/shop\/rund-bricka-vallentuna\/\"]}]},{\"@type\":\"ImageObject\",\"inLanguage\":\"en-US\",\"@id\":\"https:\/\/originellaoriginal.se\/shop\/rund-bricka-vallentuna\/#primaryimage\",\"url\":\"https:\/\/originellaoriginal.se\/wp-content\/uploads\/2023\/11\/O38-cm_Vallentuna_bricka_-2.jpg\",\"contentUrl\":\"https:\/\/originellaoriginal.se\/wp-content\/uploads\/2023\/11\/O38-cm_Vallentuna_bricka_-2.jpg\",\"width\":1000,\"height\":1000,\"caption\":\"Rund bricka - Vallentuna\"},{\"@type\":\"BreadcrumbList\",\"@id\":\"https:\/\/originellaoriginal.se\/shop\/rund-bricka-vallentuna\/#breadcrumb\",\"itemListElement\":[{\"@type\":\"ListItem\",\"position\":1,\"name\":\"Hem\",\"item\":\"https:\/\/originellaoriginal.se\/\"},{\"@type\":\"ListItem\",\"position\":2,\"name\":\"Originella Original Webshop\",\"item\":\"https:\/\/originellaoriginal.se\/originella-original-webshop-heminredningsdetaljer\/\"},{\"@type\":\"ListItem\",\"position\":3,\"name\":\"Rund bricka &#8211; Vallentuna\"}]},{\"@type\":\"WebSite\",\"@id\":\"https:\/\/originellaoriginal.se\/#website\",\"url\":\"https:\/\/originellaoriginal.se\/\",\"name\":\"ORIGINELLA ORIGINAL\u00ae\",\"description\":\"Art &amp; Design by Pia Bergvall Lund\u00e9n\",\"publisher\":{\"@id\":\"https:\/\/originellaoriginal.se\/#organization\"},\"potentialAction\":[{\"@type\":\"SearchAction\",\"target\":{\"@type\":\"EntryPoint\",\"urlTemplate\":\"https:\/\/originellaoriginal.se\/?s={search_term_string}\"},\"query-input\":{\"@type\":\"PropertyValueSpecification\",\"valueRequired\":true,\"valueName\":\"search_term_string\"}}],\"inLanguage\":\"en-US\"},{\"@type\":\"Organization\",\"@id\":\"https:\/\/originellaoriginal.se\/#organization\",\"name\":\"ORIGINELLA ORIGINAL\u00ae\",\"url\":\"https:\/\/originellaoriginal.se\/\",\"logo\":{\"@type\":\"ImageObject\",\"inLanguage\":\"en-US\",\"@id\":\"https:\/\/originellaoriginal.se\/#\/schema\/logo\/image\/\",\"url\":\"https:\/\/originellaoriginal.se\/wp-content\/uploads\/2025\/08\/cropped-cropped-cropped-LOGO_OO_2020_Sign_frilagd-1.jpg\",\"contentUrl\":\"https:\/\/originellaoriginal.se\/wp-content\/uploads\/2025\/08\/cropped-cropped-cropped-LOGO_OO_2020_Sign_frilagd-1.jpg\",\"width\":468,\"height\":253,\"caption\":\"ORIGINELLA ORIGINAL\u00ae\"},\"image\":{\"@id\":\"https:\/\/originellaoriginal.se\/#\/schema\/logo\/image\/\"},\"sameAs\":[\"https:\/\/www.facebook.com\/Originella.Original\/\",\"https:\/\/www.instagram.com\/originella_original\/\",\"https:\/\/www.linkedin.com\/in\/pia-bergvall-lundn-4704585a?trk=hp-identity-name\"]}]}<\/script>\n<!-- \/ Yoast SEO plugin. -->","yoast_head_json":{"title":"Vallentuna rund bricka","robots":{"index":"index","follow":"follow","max-snippet":"max-snippet:-1","max-image-preview":"max-image-preview:large","max-video-preview":"max-video-preview:-1"},"canonical":"https:\/\/originellaoriginal.se\/shop\/rund-bricka-vallentuna\/","og_locale":"en_US","og_type":"article","og_title":"Rund bricka - Vallentuna - ORIGINELLA ORIGINAL\u00ae","og_url":"https:\/\/originellaoriginal.se\/shop\/rund-bricka-vallentuna\/","og_site_name":"ORIGINELLA ORIGINAL\u00ae","article_publisher":"https:\/\/www.facebook.com\/Originella.Original\/","article_modified_time":"2024-09-24T19:55:02+00:00","og_image":[{"width":1000,"height":1000,"url":"https:\/\/originellaoriginal.se\/wp-content\/uploads\/2023\/11\/O38-cm_Vallentuna_bricka_-2.jpg","type":"image\/jpeg"}],"twitter_card":"summary_large_image","twitter_misc":{"Est. reading time":"2 minutes"},"schema":{"@context":"https:\/\/schema.org","@graph":[{"@type":"WebPage","@id":"https:\/\/originellaoriginal.se\/shop\/rund-bricka-vallentuna\/","url":"https:\/\/originellaoriginal.se\/shop\/rund-bricka-vallentuna\/","name":"Vallentuna rund bricka","isPartOf":{"@id":"https:\/\/originellaoriginal.se\/#website"},"primaryImageOfPage":{"@id":"https:\/\/originellaoriginal.se\/shop\/rund-bricka-vallentuna\/#primaryimage"},"image":{"@id":"https:\/\/originellaoriginal.se\/shop\/rund-bricka-vallentuna\/#primaryimage"},"thumbnailUrl":"https:\/\/originellaoriginal.se\/wp-content\/uploads\/2023\/11\/O38-cm_Vallentuna_bricka_-2.jpg","datePublished":"2024-09-24T19:53:23+00:00","dateModified":"2024-09-24T19:55:02+00:00","description":"Vallentuna \u00e4r en rund bricka som representerar Vallentuna kommun. Fylld med byggnader och ting fr\u00e5n de olika socknarna. Formgiven av Pia Bergvall Lund\u00e9n.","breadcrumb":{"@id":"https:\/\/originellaoriginal.se\/shop\/rund-bricka-vallentuna\/#breadcrumb"},"inLanguage":"en-US","potentialAction":[{"@type":"ReadAction","target":["https:\/\/originellaoriginal.se\/shop\/rund-bricka-vallentuna\/"]}]},{"@type":"ImageObject","inLanguage":"en-US","@id":"https:\/\/originellaoriginal.se\/shop\/rund-bricka-vallentuna\/#primaryimage","url":"https:\/\/originellaoriginal.se\/wp-content\/uploads\/2023\/11\/O38-cm_Vallentuna_bricka_-2.jpg","contentUrl":"https:\/\/originellaoriginal.se\/wp-content\/uploads\/2023\/11\/O38-cm_Vallentuna_bricka_-2.jpg","width":1000,"height":1000,"caption":"Rund bricka - Vallentuna"},{"@type":"BreadcrumbList","@id":"https:\/\/originellaoriginal.se\/shop\/rund-bricka-vallentuna\/#breadcrumb","itemListElement":[{"@type":"ListItem","position":1,"name":"Hem","item":"https:\/\/originellaoriginal.se\/"},{"@type":"ListItem","position":2,"name":"Originella Original Webshop","item":"https:\/\/originellaoriginal.se\/originella-original-webshop-heminredningsdetaljer\/"},{"@type":"ListItem","position":3,"name":"Rund bricka &#8211; Vallentuna"}]},{"@type":"WebSite","@id":"https:\/\/originellaoriginal.se\/#website","url":"https:\/\/originellaoriginal.se\/","name":"ORIGINELLA ORIGINAL\u00ae","description":"Art &amp; Design by Pia Bergvall Lund\u00e9n","publisher":{"@id":"https:\/\/originellaoriginal.se\/#organization"},"potentialAction":[{"@type":"SearchAction","target":{"@type":"EntryPoint","urlTemplate":"https:\/\/originellaoriginal.se\/?s={search_term_string}"},"query-input":{"@type":"PropertyValueSpecification","valueRequired":true,"valueName":"search_term_string"}}],"inLanguage":"en-US"},{"@type":"Organization","@id":"https:\/\/originellaoriginal.se\/#organization","name":"ORIGINELLA ORIGINAL\u00ae","url":"https:\/\/originellaoriginal.se\/","logo":{"@type":"ImageObject","inLanguage":"en-US","@id":"https:\/\/originellaoriginal.se\/#\/schema\/logo\/image\/","url":"https:\/\/originellaoriginal.se\/wp-content\/uploads\/2025\/08\/cropped-cropped-cropped-LOGO_OO_2020_Sign_frilagd-1.jpg","contentUrl":"https:\/\/originellaoriginal.se\/wp-content\/uploads\/2025\/08\/cropped-cropped-cropped-LOGO_OO_2020_Sign_frilagd-1.jpg","width":468,"height":253,"caption":"ORIGINELLA ORIGINAL\u00ae"},"image":{"@id":"https:\/\/originellaoriginal.se\/#\/schema\/logo\/image\/"},"sameAs":["https:\/\/www.facebook.com\/Originella.Original\/","https:\/\/www.instagram.com\/originella_original\/","https:\/\/www.linkedin.com\/in\/pia-bergvall-lundn-4704585a?trk=hp-identity-name"]}]}},"_links":{"self":[{"href":"https:\/\/originellaoriginal.se\/en\/wp-json\/wp\/v2\/product\/15199","targetHints":{"allow":["GET"]}}],"collection":[{"href":"https:\/\/originellaoriginal.se\/en\/wp-json\/wp\/v2\/product"}],"about":[{"href":"https:\/\/originellaoriginal.se\/en\/wp-json\/wp\/v2\/types\/product"}],"replies":[{"embeddable":true,"href":"https:\/\/originellaoriginal.se\/en\/wp-json\/wp\/v2\/comments?post=15199"}],"wp:featuredmedia":[{"embeddable":true,"href":"https:\/\/originellaoriginal.se\/en\/wp-json\/wp\/v2\/media\/14975"}],"wp:attachment":[{"href":"https:\/\/originellaoriginal.se\/en\/wp-json\/wp\/v2\/media?parent=15199"}],"wp:term":[{"taxonomy":"product_brand","embeddable":true,"href":"https:\/\/originellaoriginal.se\/en\/wp-json\/wp\/v2\/product_brand?post=15199"},{"taxonomy":"product_cat","embeddable":true,"href":"https:\/\/originellaoriginal.se\/en\/wp-json\/wp\/v2\/product_cat?post=15199"},{"taxonomy":"product_tag","embeddable":true,"href":"https:\/\/originellaoriginal.se\/en\/wp-json\/wp\/v2\/product_tag?post=15199"}],"curies":[{"name":"wp","href":"https:\/\/api.w.org\/{rel}","templated":true}]}}