{"id":15058,"date":"2024-09-06T11:39:17","date_gmt":"2024-09-06T10:39:17","guid":{"rendered":"https:\/\/originellaoriginal.se\/?post_type=product&#038;p=15058"},"modified":"2024-09-25T14:22:17","modified_gmt":"2024-09-25T13:22:17","slug":"secret-garden-skarbrada","status":"publish","type":"product","link":"https:\/\/originellaoriginal.se\/en\/shop\/secret-garden-skarbrada\/","title":{"rendered":"Secret Garden &#8211; Sk\u00e4rbr\u00e4da 34x20cm"},"content":{"rendered":"<p>Secret Garden Sk\u00e4rbr\u00e4da i stl 34&#215;20 cm.<\/p>\n<h4 id=\"tw-target-text\" class=\"tw-data-text tw-text-large tw-ta\" dir=\"ltr\" data-placeholder=\"\u00d6vers\u00e4ttning\" aria-label=\"\u00d6versatt text\" data-ved=\"2ahUKEwjvk_iN9a2IAxWlJBAIHXRBDiAQ3ewLegQIBxAU\"><span class=\"Y2IQFc\" lang=\"sv\"><strong>Secret Garden Collection av Pia Bergvall Lund\u00e9n<\/strong><\/span><\/h4>\n<p>Secret Garden &#8211; Kliv in i hemliga tr\u00e4dg\u00e5rdens f\u00f6rtrollande v\u00e4rld, en f\u00e4ngslande kollektion designad av Pia Bergvall Lund\u00e9n. Denna serie blandar delikat elegans med tidl\u00f6s charm och erbjuder en harmonisk blandning av brickor och textilier som f\u00f6rvandlar alla utrymmen till en lugn oas. De intrikata blomm\u00f6nstren, inspirerade av naturens sk\u00f6nhet, \u00e4r noggrant utformade i lugnande bl\u00e5 nyanser, som \u00e5beropar lugn och grace. Varje pj\u00e4s i kollektionen speglar Pias konstn\u00e4rliga vision, d\u00e4r organiska former och raffinerade detaljer m\u00f6ts f\u00f6r att skapa en lugn atmosf\u00e4r i ditt hem. Oavsett om de pryder ditt vardagsrum eller l\u00e4gger till en sofistikerad touch till ditt k\u00f6k, \u00e4r dessa f\u00f6rem\u00e5l perfekta f\u00f6r dem som uppskattar konsten att designa och sk\u00f6nheten i den naturliga v\u00e4rlden. Sk\u00e4m bort dig och l\u00e5t dess elegans blomma ut i din vardag.<\/p>\n<h4 dir=\"ltr\" data-placeholder=\"\u00d6vers\u00e4ttning\" aria-label=\"\u00d6versatt text\" data-ved=\"2ahUKEwjvk_iN9a2IAxWlJBAIHXRBDiAQ3ewLegQIBxAU\">V\u00e5ra sk\u00e4rbr\u00e4dor tillverkas i Sverige, i Sm\u00e5land av tr\u00e4 fr\u00e5n FSC certifierad skandinavisk skog. Sk\u00e4rbr\u00e4dor i HDF t\u00e5l inte maskindisk och ska inte ligga i bl\u00f6t. Handdiska och torka torr, alternativt tv\u00e4tta av med en bl\u00f6t trasa.<\/h4>\n<p><strong>Secret Garden Collection by Pia Bergvall Lund\u00e9n<\/strong><\/p>\n<p>Step into the enchanting world of the <em>Secret Garden<\/em>, a captivating collection designed by Pia Bergvall Lund\u00e9n. This series blends delicate elegance with timeless charm, offering a harmonious fusion of trays and textiles that transform any space into a tranquil haven. The intricate floral patterns, inspired by nature\u2019s beauty, are meticulously crafted in soothing shades of blue, invoking serenity and grace.<\/p>\n<p>Each piece in the <em>Secret Garden<\/em> collection reflects Pia&#8217;s artistic vision, where organic forms and refined details come together to create a serene atmosphere in your home. Whether adorning your living room or adding a sophisticated touch to your kitchen, these items are perfect for those who appreciate the art of design and the beauty of the natural world.<\/p>\n<p>Indulge in the <em>Secret Garden<\/em> and let its elegance bloom in your everyday life.<\/p>\n","protected":false},"excerpt":{"rendered":"<p>Endast tillg\u00e4nglig f\u00f6r \u00c5terf\u00f6rs\u00e4ljare<\/p>\n<p>Best\u00e4llningsvara. &#8211; Kontakta oss f\u00f6r tillg\u00e4nglighet\/best\u00e4llning samt leveranstid.<\/p>\n<p>Design Pia Bergvall Lund\u00e9n \/ Originella Original\u00ae<\/p>\n","protected":false},"featured_media":15054,"comment_status":"closed","ping_status":"closed","template":"","meta":[],"product_brand":[],"product_cat":[256],"product_tag":[],"class_list":{"0":"post-15058","1":"product","2":"type-product","3":"status-publish","4":"has-post-thumbnail","6":"product_cat-256","8":"first","9":"outofstock","10":"taxable","11":"shipping-taxable","12":"purchasable","13":"product-type-simple","14":"customify-col"},"translation":{"provider":"WPGlobus","version":"3.0.1","language":"en","enabled_languages":["sv","en","undefined"],"languages":{"sv":{"title":true,"content":true,"excerpt":true},"en":{"title":false,"content":false,"excerpt":false},"undefined":{"title":false,"content":false,"excerpt":false}}},"yoast_head":"<!-- This site is optimized with the Yoast SEO plugin v26.6 - https:\/\/yoast.com\/wordpress\/plugins\/seo\/ -->\n<title>Secret Garden - Sk\u00e4rbr\u00e4da 34x20cm - ORIGINELLA ORIGINAL\u00ae<\/title>\n<meta name=\"robots\" content=\"index, follow, max-snippet:-1, max-image-preview:large, max-video-preview:-1\" \/>\n<link rel=\"canonical\" href=\"https:\/\/originellaoriginal.se\/shop\/secret-garden-skarbrada\/\" \/>\n<meta property=\"og:locale\" content=\"en_US\" \/>\n<meta property=\"og:type\" content=\"article\" \/>\n<meta property=\"og:title\" content=\"Secret Garden - Sk\u00e4rbr\u00e4da 34x20cm - ORIGINELLA ORIGINAL\u00ae\" \/>\n<meta property=\"og:url\" content=\"https:\/\/originellaoriginal.se\/shop\/secret-garden-skarbrada\/\" \/>\n<meta property=\"og:site_name\" content=\"ORIGINELLA ORIGINAL\u00ae\" \/>\n<meta property=\"article:publisher\" content=\"https:\/\/www.facebook.com\/Originella.Original\/\" \/>\n<meta property=\"article:modified_time\" content=\"2024-09-25T13:22:17+00:00\" \/>\n<meta property=\"og:image\" content=\"https:\/\/originellaoriginal.se\/wp-content\/uploads\/2024\/09\/Secret-Garden_originalbla_web2-1.png\" \/>\n\t<meta property=\"og:image:width\" content=\"1020\" \/>\n\t<meta property=\"og:image:height\" content=\"1020\" \/>\n\t<meta property=\"og:image:type\" content=\"image\/png\" \/>\n<meta name=\"twitter:card\" content=\"summary_large_image\" \/>\n<meta name=\"twitter:label1\" content=\"Est. reading time\" \/>\n\t<meta name=\"twitter:data1\" content=\"2 minutes\" \/>\n<script type=\"application\/ld+json\" class=\"yoast-schema-graph\">{\"@context\":\"https:\/\/schema.org\",\"@graph\":[{\"@type\":\"WebPage\",\"@id\":\"https:\/\/originellaoriginal.se\/shop\/secret-garden-skarbrada\/\",\"url\":\"https:\/\/originellaoriginal.se\/shop\/secret-garden-skarbrada\/\",\"name\":\"Secret Garden - Sk\u00e4rbr\u00e4da 34x20cm - ORIGINELLA ORIGINAL\u00ae\",\"isPartOf\":{\"@id\":\"https:\/\/originellaoriginal.se\/#website\"},\"primaryImageOfPage\":{\"@id\":\"https:\/\/originellaoriginal.se\/shop\/secret-garden-skarbrada\/#primaryimage\"},\"image\":{\"@id\":\"https:\/\/originellaoriginal.se\/shop\/secret-garden-skarbrada\/#primaryimage\"},\"thumbnailUrl\":\"https:\/\/originellaoriginal.se\/wp-content\/uploads\/2024\/09\/Secret-Garden_originalbla_web2-1.png\",\"datePublished\":\"2024-09-06T10:39:17+00:00\",\"dateModified\":\"2024-09-25T13:22:17+00:00\",\"description\":\"Secret Garden Sk\u00e4rbr\u00e4da - V\u00e5ra sk\u00e4rbr\u00e4dor tillverkas i Sverige, i Sm\u00e5land av tr\u00e4 fr\u00e5n FSC certifierad skandinavisk skog. Design Pia Bergvall Lund\u00e9n\",\"breadcrumb\":{\"@id\":\"https:\/\/originellaoriginal.se\/shop\/secret-garden-skarbrada\/#breadcrumb\"},\"inLanguage\":\"en-US\",\"potentialAction\":[{\"@type\":\"ReadAction\",\"target\":[\"https:\/\/originellaoriginal.se\/shop\/secret-garden-skarbrada\/\"]}]},{\"@type\":\"ImageObject\",\"inLanguage\":\"en-US\",\"@id\":\"https:\/\/originellaoriginal.se\/shop\/secret-garden-skarbrada\/#primaryimage\",\"url\":\"https:\/\/originellaoriginal.se\/wp-content\/uploads\/2024\/09\/Secret-Garden_originalbla_web2-1.png\",\"contentUrl\":\"https:\/\/originellaoriginal.se\/wp-content\/uploads\/2024\/09\/Secret-Garden_originalbla_web2-1.png\",\"width\":1020,\"height\":1020,\"caption\":\"Secret Garden Sk\u00e4rbr\u00e4da\"},{\"@type\":\"BreadcrumbList\",\"@id\":\"https:\/\/originellaoriginal.se\/shop\/secret-garden-skarbrada\/#breadcrumb\",\"itemListElement\":[{\"@type\":\"ListItem\",\"position\":1,\"name\":\"Hem\",\"item\":\"https:\/\/originellaoriginal.se\/\"},{\"@type\":\"ListItem\",\"position\":2,\"name\":\"Originella Original Webshop\",\"item\":\"https:\/\/originellaoriginal.se\/originella-original-webshop-heminredningsdetaljer\/\"},{\"@type\":\"ListItem\",\"position\":3,\"name\":\"Secret Garden &#8211; Sk\u00e4rbr\u00e4da 34x20cm\"}]},{\"@type\":\"WebSite\",\"@id\":\"https:\/\/originellaoriginal.se\/#website\",\"url\":\"https:\/\/originellaoriginal.se\/\",\"name\":\"ORIGINELLA ORIGINAL\u00ae\",\"description\":\"Art &amp; Design by Pia Bergvall Lund\u00e9n\",\"publisher\":{\"@id\":\"https:\/\/originellaoriginal.se\/#organization\"},\"potentialAction\":[{\"@type\":\"SearchAction\",\"target\":{\"@type\":\"EntryPoint\",\"urlTemplate\":\"https:\/\/originellaoriginal.se\/?s={search_term_string}\"},\"query-input\":{\"@type\":\"PropertyValueSpecification\",\"valueRequired\":true,\"valueName\":\"search_term_string\"}}],\"inLanguage\":\"en-US\"},{\"@type\":\"Organization\",\"@id\":\"https:\/\/originellaoriginal.se\/#organization\",\"name\":\"ORIGINELLA ORIGINAL\u00ae\",\"url\":\"https:\/\/originellaoriginal.se\/\",\"logo\":{\"@type\":\"ImageObject\",\"inLanguage\":\"en-US\",\"@id\":\"https:\/\/originellaoriginal.se\/#\/schema\/logo\/image\/\",\"url\":\"https:\/\/originellaoriginal.se\/wp-content\/uploads\/2025\/08\/cropped-cropped-cropped-LOGO_OO_2020_Sign_frilagd-1.jpg\",\"contentUrl\":\"https:\/\/originellaoriginal.se\/wp-content\/uploads\/2025\/08\/cropped-cropped-cropped-LOGO_OO_2020_Sign_frilagd-1.jpg\",\"width\":468,\"height\":253,\"caption\":\"ORIGINELLA ORIGINAL\u00ae\"},\"image\":{\"@id\":\"https:\/\/originellaoriginal.se\/#\/schema\/logo\/image\/\"},\"sameAs\":[\"https:\/\/www.facebook.com\/Originella.Original\/\",\"https:\/\/www.instagram.com\/originella_original\/\",\"https:\/\/www.linkedin.com\/in\/pia-bergvall-lundn-4704585a?trk=hp-identity-name\"]}]}<\/script>\n<!-- \/ Yoast SEO plugin. -->","yoast_head_json":{"title":"Secret Garden - Sk\u00e4rbr\u00e4da 34x20cm - ORIGINELLA ORIGINAL\u00ae","robots":{"index":"index","follow":"follow","max-snippet":"max-snippet:-1","max-image-preview":"max-image-preview:large","max-video-preview":"max-video-preview:-1"},"canonical":"https:\/\/originellaoriginal.se\/shop\/secret-garden-skarbrada\/","og_locale":"en_US","og_type":"article","og_title":"Secret Garden - Sk\u00e4rbr\u00e4da 34x20cm - ORIGINELLA ORIGINAL\u00ae","og_url":"https:\/\/originellaoriginal.se\/shop\/secret-garden-skarbrada\/","og_site_name":"ORIGINELLA ORIGINAL\u00ae","article_publisher":"https:\/\/www.facebook.com\/Originella.Original\/","article_modified_time":"2024-09-25T13:22:17+00:00","og_image":[{"width":1020,"height":1020,"url":"https:\/\/originellaoriginal.se\/wp-content\/uploads\/2024\/09\/Secret-Garden_originalbla_web2-1.png","type":"image\/png"}],"twitter_card":"summary_large_image","twitter_misc":{"Est. reading time":"2 minutes"},"schema":{"@context":"https:\/\/schema.org","@graph":[{"@type":"WebPage","@id":"https:\/\/originellaoriginal.se\/shop\/secret-garden-skarbrada\/","url":"https:\/\/originellaoriginal.se\/shop\/secret-garden-skarbrada\/","name":"Secret Garden - Sk\u00e4rbr\u00e4da 34x20cm - ORIGINELLA ORIGINAL\u00ae","isPartOf":{"@id":"https:\/\/originellaoriginal.se\/#website"},"primaryImageOfPage":{"@id":"https:\/\/originellaoriginal.se\/shop\/secret-garden-skarbrada\/#primaryimage"},"image":{"@id":"https:\/\/originellaoriginal.se\/shop\/secret-garden-skarbrada\/#primaryimage"},"thumbnailUrl":"https:\/\/originellaoriginal.se\/wp-content\/uploads\/2024\/09\/Secret-Garden_originalbla_web2-1.png","datePublished":"2024-09-06T10:39:17+00:00","dateModified":"2024-09-25T13:22:17+00:00","description":"Secret Garden Sk\u00e4rbr\u00e4da - V\u00e5ra sk\u00e4rbr\u00e4dor tillverkas i Sverige, i Sm\u00e5land av tr\u00e4 fr\u00e5n FSC certifierad skandinavisk skog. Design Pia Bergvall Lund\u00e9n","breadcrumb":{"@id":"https:\/\/originellaoriginal.se\/shop\/secret-garden-skarbrada\/#breadcrumb"},"inLanguage":"en-US","potentialAction":[{"@type":"ReadAction","target":["https:\/\/originellaoriginal.se\/shop\/secret-garden-skarbrada\/"]}]},{"@type":"ImageObject","inLanguage":"en-US","@id":"https:\/\/originellaoriginal.se\/shop\/secret-garden-skarbrada\/#primaryimage","url":"https:\/\/originellaoriginal.se\/wp-content\/uploads\/2024\/09\/Secret-Garden_originalbla_web2-1.png","contentUrl":"https:\/\/originellaoriginal.se\/wp-content\/uploads\/2024\/09\/Secret-Garden_originalbla_web2-1.png","width":1020,"height":1020,"caption":"Secret Garden Sk\u00e4rbr\u00e4da"},{"@type":"BreadcrumbList","@id":"https:\/\/originellaoriginal.se\/shop\/secret-garden-skarbrada\/#breadcrumb","itemListElement":[{"@type":"ListItem","position":1,"name":"Hem","item":"https:\/\/originellaoriginal.se\/"},{"@type":"ListItem","position":2,"name":"Originella Original Webshop","item":"https:\/\/originellaoriginal.se\/originella-original-webshop-heminredningsdetaljer\/"},{"@type":"ListItem","position":3,"name":"Secret Garden &#8211; Sk\u00e4rbr\u00e4da 34x20cm"}]},{"@type":"WebSite","@id":"https:\/\/originellaoriginal.se\/#website","url":"https:\/\/originellaoriginal.se\/","name":"ORIGINELLA ORIGINAL\u00ae","description":"Art &amp; Design by Pia Bergvall Lund\u00e9n","publisher":{"@id":"https:\/\/originellaoriginal.se\/#organization"},"potentialAction":[{"@type":"SearchAction","target":{"@type":"EntryPoint","urlTemplate":"https:\/\/originellaoriginal.se\/?s={search_term_string}"},"query-input":{"@type":"PropertyValueSpecification","valueRequired":true,"valueName":"search_term_string"}}],"inLanguage":"en-US"},{"@type":"Organization","@id":"https:\/\/originellaoriginal.se\/#organization","name":"ORIGINELLA ORIGINAL\u00ae","url":"https:\/\/originellaoriginal.se\/","logo":{"@type":"ImageObject","inLanguage":"en-US","@id":"https:\/\/originellaoriginal.se\/#\/schema\/logo\/image\/","url":"https:\/\/originellaoriginal.se\/wp-content\/uploads\/2025\/08\/cropped-cropped-cropped-LOGO_OO_2020_Sign_frilagd-1.jpg","contentUrl":"https:\/\/originellaoriginal.se\/wp-content\/uploads\/2025\/08\/cropped-cropped-cropped-LOGO_OO_2020_Sign_frilagd-1.jpg","width":468,"height":253,"caption":"ORIGINELLA ORIGINAL\u00ae"},"image":{"@id":"https:\/\/originellaoriginal.se\/#\/schema\/logo\/image\/"},"sameAs":["https:\/\/www.facebook.com\/Originella.Original\/","https:\/\/www.instagram.com\/originella_original\/","https:\/\/www.linkedin.com\/in\/pia-bergvall-lundn-4704585a?trk=hp-identity-name"]}]}},"_links":{"self":[{"href":"https:\/\/originellaoriginal.se\/en\/wp-json\/wp\/v2\/product\/15058","targetHints":{"allow":["GET"]}}],"collection":[{"href":"https:\/\/originellaoriginal.se\/en\/wp-json\/wp\/v2\/product"}],"about":[{"href":"https:\/\/originellaoriginal.se\/en\/wp-json\/wp\/v2\/types\/product"}],"replies":[{"embeddable":true,"href":"https:\/\/originellaoriginal.se\/en\/wp-json\/wp\/v2\/comments?post=15058"}],"wp:featuredmedia":[{"embeddable":true,"href":"https:\/\/originellaoriginal.se\/en\/wp-json\/wp\/v2\/media\/15054"}],"wp:attachment":[{"href":"https:\/\/originellaoriginal.se\/en\/wp-json\/wp\/v2\/media?parent=15058"}],"wp:term":[{"taxonomy":"product_brand","embeddable":true,"href":"https:\/\/originellaoriginal.se\/en\/wp-json\/wp\/v2\/product_brand?post=15058"},{"taxonomy":"product_cat","embeddable":true,"href":"https:\/\/originellaoriginal.se\/en\/wp-json\/wp\/v2\/product_cat?post=15058"},{"taxonomy":"product_tag","embeddable":true,"href":"https:\/\/originellaoriginal.se\/en\/wp-json\/wp\/v2\/product_tag?post=15058"}],"curies":[{"name":"wp","href":"https:\/\/api.w.org\/{rel}","templated":true}]}}