{"id":14961,"date":"2024-08-20T08:19:35","date_gmt":"2024-08-20T07:19:35","guid":{"rendered":"https:\/\/originellaoriginal.se\/?post_type=product&#038;p=14961"},"modified":"2025-08-18T09:39:10","modified_gmt":"2025-08-18T08:39:10","slug":"poster-50-x-70-cm-vallentuna-kopia","status":"publish","type":"product","link":"https:\/\/originellaoriginal.se\/en\/shop\/poster-50-x-70-cm-vallentuna-kopia\/","title":{"rendered":"Poster 50 x 70 cm Vallentuna"},"content":{"rendered":"<div class=\"flex-shrink-0 flex flex-col relative items-end\">\n<div class=\"pt-0\">\n<div class=\"gizmo-bot-avatar flex h-8 w-8 items-center justify-center overflow-hidden rounded-full\">\n<div class=\"relative p-1 rounded-sm flex items-center justify-center bg-token-main-surface-primary text-token-text-primary h-8 w-8\">\n<div class=\"flex-shrink-0 flex flex-col relative items-end\">\n<div>\n<div class=\"pt-0\">\n<div class=\"gizmo-bot-avatar flex h-8 w-8 items-center justify-center overflow-hidden rounded-full\">\n<div class=\"relative p-1 rounded-sm flex items-center justify-center bg-token-main-surface-primary text-token-text-primary h-8 w-8\">Vallentuna heter denna poster, illustrerad av Pia Bergvall Lund\u00e9n, som ocks\u00e5 bor och arbetar i Vallentuna. Den f\u00f6rest\u00e4ller byggnader fr\u00e5n olika socknar i kommunen som ligger i s\u00f6dra Uppland.<br \/>\nMotivet f\u00f6rest\u00e4ller Fr\u00f6sunda stationshus, \u00d6sseby kyrkoruin, Husby g\u00e5rdsmuseum, V\u00e4sby kvarn och vallentunasj\u00f6n, angarns sj\u00f6\u00e4ngen, H\u00f6keriet samt Backa g\u00e5rd.<br \/>\nEn fantastiskt fin och stilren poster som passar b\u00e5de i k\u00f6k och hall som p\u00e5 kontoret.<\/div>\n<\/div>\n<\/div>\n<\/div>\n<\/div>\n<\/div>\n<\/div>\n<\/div>\n<\/div>\n<p>(ENG) <span class=\"Y2IQFc\" lang=\"en\">Vallentuna is the name of this poster, illustrated by Pia Bergvall Lund\u00e9n, who also lives and works in Vallentuna. It represents buildings from different parishes in the municipality, which is located in southern Uppland.\u00a0 The motif depicts Fr\u00f6sunda station house, \u00d6sseby church ruins, Husby farm museum, V\u00e4sby mill and Lake Vallentuna, Angarns lake meadow, H\u00f6keriet and Backa farm. A fantastically nice and stylish poster that fits both in the kitchen and hall as well as in the office.<\/span><\/p>\n","protected":false},"excerpt":{"rendered":"<p>Konsttryck \/ Poster. Levereras i vit tub med etikett. (Ram ing\u00e5r inte)<\/p>\n<p>Storlek 50 x 70 cm<\/p>\n<p>Konstn\u00e4r: Pia Bergvall Lund\u00e9n<\/p>\n","protected":false},"featured_media":14953,"comment_status":"closed","ping_status":"closed","template":"","meta":[],"product_brand":[],"product_cat":[273],"product_tag":[],"class_list":{"0":"post-14961","1":"product","2":"type-product","3":"status-publish","4":"has-post-thumbnail","6":"product_cat-konst","8":"first","9":"instock","10":"taxable","11":"shipping-taxable","12":"purchasable","13":"product-type-simple","14":"customify-col"},"translation":{"provider":"WPGlobus","version":"3.0.1","language":"en","enabled_languages":["sv","en","undefined"],"languages":{"sv":{"title":true,"content":true,"excerpt":true},"en":{"title":false,"content":false,"excerpt":false},"undefined":{"title":false,"content":false,"excerpt":false}}},"yoast_head":"<!-- This site is optimized with the Yoast SEO plugin v26.6 - https:\/\/yoast.com\/wordpress\/plugins\/seo\/ -->\n<title>Vallentuna konst Vallentuna Poster<\/title>\n<meta name=\"robots\" content=\"index, follow, max-snippet:-1, max-image-preview:large, max-video-preview:-1\" \/>\n<link rel=\"canonical\" href=\"https:\/\/originellaoriginal.se\/shop\/poster-50-x-70-cm-vallentuna-kopia\/\" \/>\n<meta property=\"og:locale\" content=\"en_US\" \/>\n<meta property=\"og:type\" content=\"article\" \/>\n<meta property=\"og:title\" content=\"Poster 50 x 70 cm Vallentuna - ORIGINELLA ORIGINAL\u00ae\" \/>\n<meta property=\"og:url\" content=\"https:\/\/originellaoriginal.se\/shop\/poster-50-x-70-cm-vallentuna-kopia\/\" \/>\n<meta property=\"og:site_name\" content=\"ORIGINELLA ORIGINAL\u00ae\" \/>\n<meta property=\"article:publisher\" content=\"https:\/\/www.facebook.com\/Originella.Original\/\" \/>\n<meta property=\"article:modified_time\" content=\"2025-08-18T08:39:10+00:00\" \/>\n<meta property=\"og:image\" content=\"https:\/\/originellaoriginal.se\/wp-content\/uploads\/2024\/08\/Vallentuna_poster_web.jpg\" \/>\n\t<meta property=\"og:image:width\" content=\"2362\" \/>\n\t<meta property=\"og:image:height\" content=\"2362\" \/>\n\t<meta property=\"og:image:type\" content=\"image\/jpeg\" \/>\n<meta name=\"twitter:card\" content=\"summary_large_image\" \/>\n<meta name=\"twitter:label1\" content=\"Est. reading time\" \/>\n\t<meta name=\"twitter:data1\" content=\"1 minute\" \/>\n<script type=\"application\/ld+json\" class=\"yoast-schema-graph\">{\"@context\":\"https:\/\/schema.org\",\"@graph\":[{\"@type\":\"WebPage\",\"@id\":\"https:\/\/originellaoriginal.se\/shop\/poster-50-x-70-cm-vallentuna-kopia\/\",\"url\":\"https:\/\/originellaoriginal.se\/shop\/poster-50-x-70-cm-vallentuna-kopia\/\",\"name\":\"Vallentuna konst Vallentuna Poster\",\"isPartOf\":{\"@id\":\"https:\/\/originellaoriginal.se\/#website\"},\"primaryImageOfPage\":{\"@id\":\"https:\/\/originellaoriginal.se\/shop\/poster-50-x-70-cm-vallentuna-kopia\/#primaryimage\"},\"image\":{\"@id\":\"https:\/\/originellaoriginal.se\/shop\/poster-50-x-70-cm-vallentuna-kopia\/#primaryimage\"},\"thumbnailUrl\":\"https:\/\/originellaoriginal.se\/wp-content\/uploads\/2024\/08\/Vallentuna_poster_web.jpg\",\"datePublished\":\"2024-08-20T07:19:35+00:00\",\"dateModified\":\"2025-08-18T08:39:10+00:00\",\"description\":\"En poster illustrerad av Pia Bergvall Lund\u00e9n, f\u00f6rest\u00e4llande byggnader fr\u00e5n Vallentunas olika socknar. Ing\u00e5r i Vallentunakollektionen.\",\"breadcrumb\":{\"@id\":\"https:\/\/originellaoriginal.se\/shop\/poster-50-x-70-cm-vallentuna-kopia\/#breadcrumb\"},\"inLanguage\":\"en-US\",\"potentialAction\":[{\"@type\":\"ReadAction\",\"target\":[\"https:\/\/originellaoriginal.se\/shop\/poster-50-x-70-cm-vallentuna-kopia\/\"]}]},{\"@type\":\"ImageObject\",\"inLanguage\":\"en-US\",\"@id\":\"https:\/\/originellaoriginal.se\/shop\/poster-50-x-70-cm-vallentuna-kopia\/#primaryimage\",\"url\":\"https:\/\/originellaoriginal.se\/wp-content\/uploads\/2024\/08\/Vallentuna_poster_web.jpg\",\"contentUrl\":\"https:\/\/originellaoriginal.se\/wp-content\/uploads\/2024\/08\/Vallentuna_poster_web.jpg\",\"width\":2362,\"height\":2362,\"caption\":\"Poster Vallentuna\"},{\"@type\":\"BreadcrumbList\",\"@id\":\"https:\/\/originellaoriginal.se\/shop\/poster-50-x-70-cm-vallentuna-kopia\/#breadcrumb\",\"itemListElement\":[{\"@type\":\"ListItem\",\"position\":1,\"name\":\"Hem\",\"item\":\"https:\/\/originellaoriginal.se\/\"},{\"@type\":\"ListItem\",\"position\":2,\"name\":\"Originella Original Webshop\",\"item\":\"https:\/\/originellaoriginal.se\/originella-original-webshop-heminredningsdetaljer\/\"},{\"@type\":\"ListItem\",\"position\":3,\"name\":\"Poster 50 x 70 cm Vallentuna\"}]},{\"@type\":\"WebSite\",\"@id\":\"https:\/\/originellaoriginal.se\/#website\",\"url\":\"https:\/\/originellaoriginal.se\/\",\"name\":\"ORIGINELLA ORIGINAL\u00ae\",\"description\":\"Art &amp; Design by Pia Bergvall Lund\u00e9n\",\"publisher\":{\"@id\":\"https:\/\/originellaoriginal.se\/#organization\"},\"potentialAction\":[{\"@type\":\"SearchAction\",\"target\":{\"@type\":\"EntryPoint\",\"urlTemplate\":\"https:\/\/originellaoriginal.se\/?s={search_term_string}\"},\"query-input\":{\"@type\":\"PropertyValueSpecification\",\"valueRequired\":true,\"valueName\":\"search_term_string\"}}],\"inLanguage\":\"en-US\"},{\"@type\":\"Organization\",\"@id\":\"https:\/\/originellaoriginal.se\/#organization\",\"name\":\"ORIGINELLA ORIGINAL\u00ae\",\"url\":\"https:\/\/originellaoriginal.se\/\",\"logo\":{\"@type\":\"ImageObject\",\"inLanguage\":\"en-US\",\"@id\":\"https:\/\/originellaoriginal.se\/#\/schema\/logo\/image\/\",\"url\":\"https:\/\/originellaoriginal.se\/wp-content\/uploads\/2025\/08\/cropped-cropped-cropped-LOGO_OO_2020_Sign_frilagd-1.jpg\",\"contentUrl\":\"https:\/\/originellaoriginal.se\/wp-content\/uploads\/2025\/08\/cropped-cropped-cropped-LOGO_OO_2020_Sign_frilagd-1.jpg\",\"width\":468,\"height\":253,\"caption\":\"ORIGINELLA ORIGINAL\u00ae\"},\"image\":{\"@id\":\"https:\/\/originellaoriginal.se\/#\/schema\/logo\/image\/\"},\"sameAs\":[\"https:\/\/www.facebook.com\/Originella.Original\/\",\"https:\/\/www.instagram.com\/originella_original\/\",\"https:\/\/www.linkedin.com\/in\/pia-bergvall-lundn-4704585a?trk=hp-identity-name\"]}]}<\/script>\n<!-- \/ Yoast SEO plugin. -->","yoast_head_json":{"title":"Vallentuna konst Vallentuna Poster","robots":{"index":"index","follow":"follow","max-snippet":"max-snippet:-1","max-image-preview":"max-image-preview:large","max-video-preview":"max-video-preview:-1"},"canonical":"https:\/\/originellaoriginal.se\/shop\/poster-50-x-70-cm-vallentuna-kopia\/","og_locale":"en_US","og_type":"article","og_title":"Poster 50 x 70 cm Vallentuna - ORIGINELLA ORIGINAL\u00ae","og_url":"https:\/\/originellaoriginal.se\/shop\/poster-50-x-70-cm-vallentuna-kopia\/","og_site_name":"ORIGINELLA ORIGINAL\u00ae","article_publisher":"https:\/\/www.facebook.com\/Originella.Original\/","article_modified_time":"2025-08-18T08:39:10+00:00","og_image":[{"width":2362,"height":2362,"url":"https:\/\/originellaoriginal.se\/wp-content\/uploads\/2024\/08\/Vallentuna_poster_web.jpg","type":"image\/jpeg"}],"twitter_card":"summary_large_image","twitter_misc":{"Est. reading time":"1 minute"},"schema":{"@context":"https:\/\/schema.org","@graph":[{"@type":"WebPage","@id":"https:\/\/originellaoriginal.se\/shop\/poster-50-x-70-cm-vallentuna-kopia\/","url":"https:\/\/originellaoriginal.se\/shop\/poster-50-x-70-cm-vallentuna-kopia\/","name":"Vallentuna konst Vallentuna Poster","isPartOf":{"@id":"https:\/\/originellaoriginal.se\/#website"},"primaryImageOfPage":{"@id":"https:\/\/originellaoriginal.se\/shop\/poster-50-x-70-cm-vallentuna-kopia\/#primaryimage"},"image":{"@id":"https:\/\/originellaoriginal.se\/shop\/poster-50-x-70-cm-vallentuna-kopia\/#primaryimage"},"thumbnailUrl":"https:\/\/originellaoriginal.se\/wp-content\/uploads\/2024\/08\/Vallentuna_poster_web.jpg","datePublished":"2024-08-20T07:19:35+00:00","dateModified":"2025-08-18T08:39:10+00:00","description":"En poster illustrerad av Pia Bergvall Lund\u00e9n, f\u00f6rest\u00e4llande byggnader fr\u00e5n Vallentunas olika socknar. Ing\u00e5r i Vallentunakollektionen.","breadcrumb":{"@id":"https:\/\/originellaoriginal.se\/shop\/poster-50-x-70-cm-vallentuna-kopia\/#breadcrumb"},"inLanguage":"en-US","potentialAction":[{"@type":"ReadAction","target":["https:\/\/originellaoriginal.se\/shop\/poster-50-x-70-cm-vallentuna-kopia\/"]}]},{"@type":"ImageObject","inLanguage":"en-US","@id":"https:\/\/originellaoriginal.se\/shop\/poster-50-x-70-cm-vallentuna-kopia\/#primaryimage","url":"https:\/\/originellaoriginal.se\/wp-content\/uploads\/2024\/08\/Vallentuna_poster_web.jpg","contentUrl":"https:\/\/originellaoriginal.se\/wp-content\/uploads\/2024\/08\/Vallentuna_poster_web.jpg","width":2362,"height":2362,"caption":"Poster Vallentuna"},{"@type":"BreadcrumbList","@id":"https:\/\/originellaoriginal.se\/shop\/poster-50-x-70-cm-vallentuna-kopia\/#breadcrumb","itemListElement":[{"@type":"ListItem","position":1,"name":"Hem","item":"https:\/\/originellaoriginal.se\/"},{"@type":"ListItem","position":2,"name":"Originella Original Webshop","item":"https:\/\/originellaoriginal.se\/originella-original-webshop-heminredningsdetaljer\/"},{"@type":"ListItem","position":3,"name":"Poster 50 x 70 cm Vallentuna"}]},{"@type":"WebSite","@id":"https:\/\/originellaoriginal.se\/#website","url":"https:\/\/originellaoriginal.se\/","name":"ORIGINELLA ORIGINAL\u00ae","description":"Art &amp; Design by Pia Bergvall Lund\u00e9n","publisher":{"@id":"https:\/\/originellaoriginal.se\/#organization"},"potentialAction":[{"@type":"SearchAction","target":{"@type":"EntryPoint","urlTemplate":"https:\/\/originellaoriginal.se\/?s={search_term_string}"},"query-input":{"@type":"PropertyValueSpecification","valueRequired":true,"valueName":"search_term_string"}}],"inLanguage":"en-US"},{"@type":"Organization","@id":"https:\/\/originellaoriginal.se\/#organization","name":"ORIGINELLA ORIGINAL\u00ae","url":"https:\/\/originellaoriginal.se\/","logo":{"@type":"ImageObject","inLanguage":"en-US","@id":"https:\/\/originellaoriginal.se\/#\/schema\/logo\/image\/","url":"https:\/\/originellaoriginal.se\/wp-content\/uploads\/2025\/08\/cropped-cropped-cropped-LOGO_OO_2020_Sign_frilagd-1.jpg","contentUrl":"https:\/\/originellaoriginal.se\/wp-content\/uploads\/2025\/08\/cropped-cropped-cropped-LOGO_OO_2020_Sign_frilagd-1.jpg","width":468,"height":253,"caption":"ORIGINELLA ORIGINAL\u00ae"},"image":{"@id":"https:\/\/originellaoriginal.se\/#\/schema\/logo\/image\/"},"sameAs":["https:\/\/www.facebook.com\/Originella.Original\/","https:\/\/www.instagram.com\/originella_original\/","https:\/\/www.linkedin.com\/in\/pia-bergvall-lundn-4704585a?trk=hp-identity-name"]}]}},"_links":{"self":[{"href":"https:\/\/originellaoriginal.se\/en\/wp-json\/wp\/v2\/product\/14961","targetHints":{"allow":["GET"]}}],"collection":[{"href":"https:\/\/originellaoriginal.se\/en\/wp-json\/wp\/v2\/product"}],"about":[{"href":"https:\/\/originellaoriginal.se\/en\/wp-json\/wp\/v2\/types\/product"}],"replies":[{"embeddable":true,"href":"https:\/\/originellaoriginal.se\/en\/wp-json\/wp\/v2\/comments?post=14961"}],"wp:featuredmedia":[{"embeddable":true,"href":"https:\/\/originellaoriginal.se\/en\/wp-json\/wp\/v2\/media\/14953"}],"wp:attachment":[{"href":"https:\/\/originellaoriginal.se\/en\/wp-json\/wp\/v2\/media?parent=14961"}],"wp:term":[{"taxonomy":"product_brand","embeddable":true,"href":"https:\/\/originellaoriginal.se\/en\/wp-json\/wp\/v2\/product_brand?post=14961"},{"taxonomy":"product_cat","embeddable":true,"href":"https:\/\/originellaoriginal.se\/en\/wp-json\/wp\/v2\/product_cat?post=14961"},{"taxonomy":"product_tag","embeddable":true,"href":"https:\/\/originellaoriginal.se\/en\/wp-json\/wp\/v2\/product_tag?post=14961"}],"curies":[{"name":"wp","href":"https:\/\/api.w.org\/{rel}","templated":true}]}}