{"id":14957,"date":"2024-08-20T07:27:45","date_gmt":"2024-08-20T06:27:45","guid":{"rendered":"https:\/\/originellaoriginal.se\/?post_type=product&#038;p=14957"},"modified":"2025-08-18T09:49:26","modified_gmt":"2025-08-18T08:49:26","slug":"konsttryck-50-x-70-cm-ugglor","status":"publish","type":"product","link":"https:\/\/originellaoriginal.se\/en\/shop\/konsttryck-50-x-70-cm-ugglor\/","title":{"rendered":"Poster 50 x 70 cm Ugglor"},"content":{"rendered":"<p>V\u00e5rt konsttryck med ugglor ger dina v\u00e4ggar en dos charm och karakt\u00e4r! Denna poster, eller konsttryck med dessa underbart charmiga ugglor, skapade av Pia Bergvall Lund\u00e9n, \u00e4r en riktig gl\u00e4djespridare. Dessa ugglor, med sina h\u00e4rliga personligheter och detaljerade penseldrag, \u00e4r som sm\u00e5 konstverk som bjuder in till leenden och nyfikenhet.<br \/>\nMed sina livfulla uttryck och varma f\u00e4rger, ger dessa ugglor en lekfull och samtidigt stilfull touch till vilket rum som helst. Oavsett om det \u00e4r i vardagsrummet, barnrummet eller p\u00e5 kontoret, s\u00e5 tillf\u00f6r denna poster en unik k\u00e4nsla av v\u00e4rme och gl\u00e4dje.<br \/>\nGe ditt hem en konstn\u00e4rlig twist och l\u00e5t dessa bed\u00e5rande ugglor flytta in p\u00e5 din v\u00e4gg \u2013 de \u00e4r garanterat ett samtals\u00e4mne och en favorit bland b\u00e5de stora och sm\u00e5!<\/p>\n<p>(ENG)<br \/>\n<span class=\"Y2IQFc\" lang=\"en\">Bring a dose of charm and character to your walls! Our art print with a motif of four wonderful charming owls, created by Pia Bergvall Lund\u00e9n, is a real joy spreader. These owls, with their lovely personalities and detailed brush strokes, are a piece of art that invite smiles and curiosity. With their vibrant expressions and warm colors, these owls add a playful yet stylish touch to any room. Whether in the living room, children&#8217;s room or in the office, this poster adds a unique feeling of warmth and joy. Give your home an artistic twist and let these adorable owls move onto your wall &#8211; they&#8217;re guaranteed to be a conversation starter and a favorite with young and old alike!<\/span><\/p>\n","protected":false},"excerpt":{"rendered":"<p>Konsttryck \/ Poster. Levereras i vit tub med etikett. (Ram ing\u00e5r inte)<\/p>\n<p>Storlek 50 x 70 cm<\/p>\n<p>Konstn\u00e4r: Pia Bergvall Lund\u00e9n<\/p>\n","protected":false},"featured_media":14948,"comment_status":"closed","ping_status":"closed","template":"","meta":[],"product_brand":[],"product_cat":[273],"product_tag":[],"class_list":{"0":"post-14957","1":"product","2":"type-product","3":"status-publish","4":"has-post-thumbnail","6":"product_cat-konst","8":"first","9":"instock","10":"taxable","11":"shipping-taxable","12":"purchasable","13":"product-type-simple","14":"customify-col"},"translation":{"provider":"WPGlobus","version":"3.0.1","language":"en","enabled_languages":["sv","en","undefined"],"languages":{"sv":{"title":true,"content":true,"excerpt":true},"en":{"title":false,"content":false,"excerpt":false},"undefined":{"title":false,"content":false,"excerpt":false}}},"yoast_head":"<!-- This site is optimized with the Yoast SEO plugin v26.6 - https:\/\/yoast.com\/wordpress\/plugins\/seo\/ -->\n<title>Konsttryck konst ugglor Konsttryck<\/title>\n<meta name=\"robots\" content=\"index, follow, max-snippet:-1, max-image-preview:large, max-video-preview:-1\" \/>\n<link rel=\"canonical\" href=\"https:\/\/originellaoriginal.se\/shop\/konsttryck-50-x-70-cm-ugglor\/\" \/>\n<meta property=\"og:locale\" content=\"en_US\" \/>\n<meta property=\"og:type\" content=\"article\" \/>\n<meta property=\"og:title\" content=\"Poster 50 x 70 cm Ugglor - ORIGINELLA ORIGINAL\u00ae\" \/>\n<meta property=\"og:url\" content=\"https:\/\/originellaoriginal.se\/shop\/konsttryck-50-x-70-cm-ugglor\/\" \/>\n<meta property=\"og:site_name\" content=\"ORIGINELLA ORIGINAL\u00ae\" \/>\n<meta property=\"article:publisher\" content=\"https:\/\/www.facebook.com\/Originella.Original\/\" \/>\n<meta property=\"article:modified_time\" content=\"2025-08-18T08:49:26+00:00\" \/>\n<meta property=\"og:image\" content=\"https:\/\/originellaoriginal.se\/wp-content\/uploads\/2024\/08\/PO1103_50x70_web.jpg\" \/>\n\t<meta property=\"og:image:width\" content=\"2362\" \/>\n\t<meta property=\"og:image:height\" content=\"2362\" \/>\n\t<meta property=\"og:image:type\" content=\"image\/jpeg\" \/>\n<meta name=\"twitter:card\" content=\"summary_large_image\" \/>\n<meta name=\"twitter:label1\" content=\"Est. reading time\" \/>\n\t<meta name=\"twitter:data1\" content=\"2 minutes\" \/>\n<script type=\"application\/ld+json\" class=\"yoast-schema-graph\">{\"@context\":\"https:\/\/schema.org\",\"@graph\":[{\"@type\":\"WebPage\",\"@id\":\"https:\/\/originellaoriginal.se\/shop\/konsttryck-50-x-70-cm-ugglor\/\",\"url\":\"https:\/\/originellaoriginal.se\/shop\/konsttryck-50-x-70-cm-ugglor\/\",\"name\":\"Konsttryck konst ugglor Konsttryck\",\"isPartOf\":{\"@id\":\"https:\/\/originellaoriginal.se\/#website\"},\"primaryImageOfPage\":{\"@id\":\"https:\/\/originellaoriginal.se\/shop\/konsttryck-50-x-70-cm-ugglor\/#primaryimage\"},\"image\":{\"@id\":\"https:\/\/originellaoriginal.se\/shop\/konsttryck-50-x-70-cm-ugglor\/#primaryimage\"},\"thumbnailUrl\":\"https:\/\/originellaoriginal.se\/wp-content\/uploads\/2024\/08\/PO1103_50x70_web.jpg\",\"datePublished\":\"2024-08-20T06:27:45+00:00\",\"dateModified\":\"2025-08-18T08:49:26+00:00\",\"description\":\"Denna poster, eller konsttryck med dessa underbart charmiga ugglor, skapade av Pia Bergvall Lund\u00e9n, \u00e4r en riktig gl\u00e4djespridare. 50 x 70 cm.\",\"breadcrumb\":{\"@id\":\"https:\/\/originellaoriginal.se\/shop\/konsttryck-50-x-70-cm-ugglor\/#breadcrumb\"},\"inLanguage\":\"en-US\",\"potentialAction\":[{\"@type\":\"ReadAction\",\"target\":[\"https:\/\/originellaoriginal.se\/shop\/konsttryck-50-x-70-cm-ugglor\/\"]}]},{\"@type\":\"ImageObject\",\"inLanguage\":\"en-US\",\"@id\":\"https:\/\/originellaoriginal.se\/shop\/konsttryck-50-x-70-cm-ugglor\/#primaryimage\",\"url\":\"https:\/\/originellaoriginal.se\/wp-content\/uploads\/2024\/08\/PO1103_50x70_web.jpg\",\"contentUrl\":\"https:\/\/originellaoriginal.se\/wp-content\/uploads\/2024\/08\/PO1103_50x70_web.jpg\",\"width\":2362,\"height\":2362,\"caption\":\"Konsttryck, poster med charmiga ugglor\"},{\"@type\":\"BreadcrumbList\",\"@id\":\"https:\/\/originellaoriginal.se\/shop\/konsttryck-50-x-70-cm-ugglor\/#breadcrumb\",\"itemListElement\":[{\"@type\":\"ListItem\",\"position\":1,\"name\":\"Hem\",\"item\":\"https:\/\/originellaoriginal.se\/\"},{\"@type\":\"ListItem\",\"position\":2,\"name\":\"Originella Original Webshop\",\"item\":\"https:\/\/originellaoriginal.se\/originella-original-webshop-heminredningsdetaljer\/\"},{\"@type\":\"ListItem\",\"position\":3,\"name\":\"Poster 50 x 70 cm Ugglor\"}]},{\"@type\":\"WebSite\",\"@id\":\"https:\/\/originellaoriginal.se\/#website\",\"url\":\"https:\/\/originellaoriginal.se\/\",\"name\":\"ORIGINELLA ORIGINAL\u00ae\",\"description\":\"Art &amp; Design by Pia Bergvall Lund\u00e9n\",\"publisher\":{\"@id\":\"https:\/\/originellaoriginal.se\/#organization\"},\"potentialAction\":[{\"@type\":\"SearchAction\",\"target\":{\"@type\":\"EntryPoint\",\"urlTemplate\":\"https:\/\/originellaoriginal.se\/?s={search_term_string}\"},\"query-input\":{\"@type\":\"PropertyValueSpecification\",\"valueRequired\":true,\"valueName\":\"search_term_string\"}}],\"inLanguage\":\"en-US\"},{\"@type\":\"Organization\",\"@id\":\"https:\/\/originellaoriginal.se\/#organization\",\"name\":\"ORIGINELLA ORIGINAL\u00ae\",\"url\":\"https:\/\/originellaoriginal.se\/\",\"logo\":{\"@type\":\"ImageObject\",\"inLanguage\":\"en-US\",\"@id\":\"https:\/\/originellaoriginal.se\/#\/schema\/logo\/image\/\",\"url\":\"https:\/\/originellaoriginal.se\/wp-content\/uploads\/2025\/08\/cropped-cropped-cropped-LOGO_OO_2020_Sign_frilagd-1.jpg\",\"contentUrl\":\"https:\/\/originellaoriginal.se\/wp-content\/uploads\/2025\/08\/cropped-cropped-cropped-LOGO_OO_2020_Sign_frilagd-1.jpg\",\"width\":468,\"height\":253,\"caption\":\"ORIGINELLA ORIGINAL\u00ae\"},\"image\":{\"@id\":\"https:\/\/originellaoriginal.se\/#\/schema\/logo\/image\/\"},\"sameAs\":[\"https:\/\/www.facebook.com\/Originella.Original\/\",\"https:\/\/www.instagram.com\/originella_original\/\",\"https:\/\/www.linkedin.com\/in\/pia-bergvall-lundn-4704585a?trk=hp-identity-name\"]}]}<\/script>\n<!-- \/ Yoast SEO plugin. -->","yoast_head_json":{"title":"Konsttryck konst ugglor Konsttryck","robots":{"index":"index","follow":"follow","max-snippet":"max-snippet:-1","max-image-preview":"max-image-preview:large","max-video-preview":"max-video-preview:-1"},"canonical":"https:\/\/originellaoriginal.se\/shop\/konsttryck-50-x-70-cm-ugglor\/","og_locale":"en_US","og_type":"article","og_title":"Poster 50 x 70 cm Ugglor - ORIGINELLA ORIGINAL\u00ae","og_url":"https:\/\/originellaoriginal.se\/shop\/konsttryck-50-x-70-cm-ugglor\/","og_site_name":"ORIGINELLA ORIGINAL\u00ae","article_publisher":"https:\/\/www.facebook.com\/Originella.Original\/","article_modified_time":"2025-08-18T08:49:26+00:00","og_image":[{"width":2362,"height":2362,"url":"https:\/\/originellaoriginal.se\/wp-content\/uploads\/2024\/08\/PO1103_50x70_web.jpg","type":"image\/jpeg"}],"twitter_card":"summary_large_image","twitter_misc":{"Est. reading time":"2 minutes"},"schema":{"@context":"https:\/\/schema.org","@graph":[{"@type":"WebPage","@id":"https:\/\/originellaoriginal.se\/shop\/konsttryck-50-x-70-cm-ugglor\/","url":"https:\/\/originellaoriginal.se\/shop\/konsttryck-50-x-70-cm-ugglor\/","name":"Konsttryck konst ugglor Konsttryck","isPartOf":{"@id":"https:\/\/originellaoriginal.se\/#website"},"primaryImageOfPage":{"@id":"https:\/\/originellaoriginal.se\/shop\/konsttryck-50-x-70-cm-ugglor\/#primaryimage"},"image":{"@id":"https:\/\/originellaoriginal.se\/shop\/konsttryck-50-x-70-cm-ugglor\/#primaryimage"},"thumbnailUrl":"https:\/\/originellaoriginal.se\/wp-content\/uploads\/2024\/08\/PO1103_50x70_web.jpg","datePublished":"2024-08-20T06:27:45+00:00","dateModified":"2025-08-18T08:49:26+00:00","description":"Denna poster, eller konsttryck med dessa underbart charmiga ugglor, skapade av Pia Bergvall Lund\u00e9n, \u00e4r en riktig gl\u00e4djespridare. 50 x 70 cm.","breadcrumb":{"@id":"https:\/\/originellaoriginal.se\/shop\/konsttryck-50-x-70-cm-ugglor\/#breadcrumb"},"inLanguage":"en-US","potentialAction":[{"@type":"ReadAction","target":["https:\/\/originellaoriginal.se\/shop\/konsttryck-50-x-70-cm-ugglor\/"]}]},{"@type":"ImageObject","inLanguage":"en-US","@id":"https:\/\/originellaoriginal.se\/shop\/konsttryck-50-x-70-cm-ugglor\/#primaryimage","url":"https:\/\/originellaoriginal.se\/wp-content\/uploads\/2024\/08\/PO1103_50x70_web.jpg","contentUrl":"https:\/\/originellaoriginal.se\/wp-content\/uploads\/2024\/08\/PO1103_50x70_web.jpg","width":2362,"height":2362,"caption":"Konsttryck, poster med charmiga ugglor"},{"@type":"BreadcrumbList","@id":"https:\/\/originellaoriginal.se\/shop\/konsttryck-50-x-70-cm-ugglor\/#breadcrumb","itemListElement":[{"@type":"ListItem","position":1,"name":"Hem","item":"https:\/\/originellaoriginal.se\/"},{"@type":"ListItem","position":2,"name":"Originella Original Webshop","item":"https:\/\/originellaoriginal.se\/originella-original-webshop-heminredningsdetaljer\/"},{"@type":"ListItem","position":3,"name":"Poster 50 x 70 cm Ugglor"}]},{"@type":"WebSite","@id":"https:\/\/originellaoriginal.se\/#website","url":"https:\/\/originellaoriginal.se\/","name":"ORIGINELLA ORIGINAL\u00ae","description":"Art &amp; Design by Pia Bergvall Lund\u00e9n","publisher":{"@id":"https:\/\/originellaoriginal.se\/#organization"},"potentialAction":[{"@type":"SearchAction","target":{"@type":"EntryPoint","urlTemplate":"https:\/\/originellaoriginal.se\/?s={search_term_string}"},"query-input":{"@type":"PropertyValueSpecification","valueRequired":true,"valueName":"search_term_string"}}],"inLanguage":"en-US"},{"@type":"Organization","@id":"https:\/\/originellaoriginal.se\/#organization","name":"ORIGINELLA ORIGINAL\u00ae","url":"https:\/\/originellaoriginal.se\/","logo":{"@type":"ImageObject","inLanguage":"en-US","@id":"https:\/\/originellaoriginal.se\/#\/schema\/logo\/image\/","url":"https:\/\/originellaoriginal.se\/wp-content\/uploads\/2025\/08\/cropped-cropped-cropped-LOGO_OO_2020_Sign_frilagd-1.jpg","contentUrl":"https:\/\/originellaoriginal.se\/wp-content\/uploads\/2025\/08\/cropped-cropped-cropped-LOGO_OO_2020_Sign_frilagd-1.jpg","width":468,"height":253,"caption":"ORIGINELLA ORIGINAL\u00ae"},"image":{"@id":"https:\/\/originellaoriginal.se\/#\/schema\/logo\/image\/"},"sameAs":["https:\/\/www.facebook.com\/Originella.Original\/","https:\/\/www.instagram.com\/originella_original\/","https:\/\/www.linkedin.com\/in\/pia-bergvall-lundn-4704585a?trk=hp-identity-name"]}]}},"_links":{"self":[{"href":"https:\/\/originellaoriginal.se\/en\/wp-json\/wp\/v2\/product\/14957","targetHints":{"allow":["GET"]}}],"collection":[{"href":"https:\/\/originellaoriginal.se\/en\/wp-json\/wp\/v2\/product"}],"about":[{"href":"https:\/\/originellaoriginal.se\/en\/wp-json\/wp\/v2\/types\/product"}],"replies":[{"embeddable":true,"href":"https:\/\/originellaoriginal.se\/en\/wp-json\/wp\/v2\/comments?post=14957"}],"wp:featuredmedia":[{"embeddable":true,"href":"https:\/\/originellaoriginal.se\/en\/wp-json\/wp\/v2\/media\/14948"}],"wp:attachment":[{"href":"https:\/\/originellaoriginal.se\/en\/wp-json\/wp\/v2\/media?parent=14957"}],"wp:term":[{"taxonomy":"product_brand","embeddable":true,"href":"https:\/\/originellaoriginal.se\/en\/wp-json\/wp\/v2\/product_brand?post=14957"},{"taxonomy":"product_cat","embeddable":true,"href":"https:\/\/originellaoriginal.se\/en\/wp-json\/wp\/v2\/product_cat?post=14957"},{"taxonomy":"product_tag","embeddable":true,"href":"https:\/\/originellaoriginal.se\/en\/wp-json\/wp\/v2\/product_tag?post=14957"}],"curies":[{"name":"wp","href":"https:\/\/api.w.org\/{rel}","templated":true}]}}