{"id":14945,"date":"2024-08-20T07:21:34","date_gmt":"2024-08-20T06:21:34","guid":{"rendered":"https:\/\/originellaoriginal.se\/?post_type=product&#038;p=14945"},"modified":"2025-08-18T09:49:37","modified_gmt":"2025-08-18T08:49:37","slug":"konsttryck-50-x-70-cm-elk","status":"publish","type":"product","link":"https:\/\/originellaoriginal.se\/en\/shop\/konsttryck-50-x-70-cm-elk\/","title":{"rendered":"Poster 50 x 70 cm Elk"},"content":{"rendered":"<p>Upplev skogens konung hemma p\u00e5 v\u00e4ggen med v\u00e5rt unika konsttryck av den av Pia Bergvall Lund\u00e9n vackert m\u00e5lade \u00e4lgen! I jordn\u00e4ra toner mot en stilren vit bakgrund f\u00f6rmedlar denna poster en k\u00e4nsla av lugn och naturens storhet. \u00c4lgen \u00e4r detaljerat \u00e5tergiven med en tidl\u00f6s elegans, perfekt f\u00f6r dig som vill ge ditt hem en touch av nordisk vildmark. Lika imponerande i vardagsrummet som i stugan eller p\u00e5 kontoret. \u00c4lgen, som symboliserar styrka och lugn, ger ditt utrymme en k\u00e4nsla av rofylld n\u00e4rvaro och skandinavisk naturk\u00e4nsla.<\/p>\n<p>(ENG) <span class=\"Y2IQFc\" lang=\"en\">Experience the greatnes of the elk. at home on the wall with our unique art print of the moose beautifully painted by Pia Bergvall Lund\u00e9n! In earthy tones against a stylish white background, this poster conveys a sense of calm and the grandeur of nature. The elk is reproduced in detail with a timeless elegance, perfect for those who want to give your home a touch of the Nordic wilderness. Just as impressive in the living room as in the cabin or in the office. <\/span>The moose, which symbolizes strength and calmness, gives your space a feeling of peaceful presence and a Scandinavian sense of nature.<\/p>\n","protected":false},"excerpt":{"rendered":"<p>Konsttryck \/ Poster. Levereras i vit tub med etikett. (Ram ing\u00e5r inte)<\/p>\n<p>Storlek 50 x 70 cm<\/p>\n<p>Konstn\u00e4r: Pia Bergvall Lund\u00e9n<\/p>\n","protected":false},"featured_media":14949,"comment_status":"closed","ping_status":"closed","template":"","meta":[],"product_brand":[],"product_cat":[273],"product_tag":[],"class_list":{"0":"post-14945","1":"product","2":"type-product","3":"status-publish","4":"has-post-thumbnail","6":"product_cat-konst","8":"first","9":"instock","10":"taxable","11":"shipping-taxable","12":"purchasable","13":"product-type-simple","14":"customify-col","15":"product-has-gallery"},"translation":{"provider":"WPGlobus","version":"3.0.1","language":"en","enabled_languages":["sv","en","undefined"],"languages":{"sv":{"title":true,"content":true,"excerpt":true},"en":{"title":false,"content":false,"excerpt":false},"undefined":{"title":false,"content":false,"excerpt":false}}},"yoast_head":"<!-- This site is optimized with the Yoast SEO plugin v26.6 - https:\/\/yoast.com\/wordpress\/plugins\/seo\/ -->\n<title>SKogens konung konst - Konsttryck<\/title>\n<meta name=\"robots\" content=\"index, follow, max-snippet:-1, max-image-preview:large, max-video-preview:-1\" \/>\n<link rel=\"canonical\" href=\"https:\/\/originellaoriginal.se\/shop\/konsttryck-50-x-70-cm-elk\/\" \/>\n<meta property=\"og:locale\" content=\"en_US\" \/>\n<meta property=\"og:type\" content=\"article\" \/>\n<meta property=\"og:title\" content=\"Poster 50 x 70 cm Elk - ORIGINELLA ORIGINAL\u00ae\" \/>\n<meta property=\"og:url\" content=\"https:\/\/originellaoriginal.se\/shop\/konsttryck-50-x-70-cm-elk\/\" \/>\n<meta property=\"og:site_name\" content=\"ORIGINELLA ORIGINAL\u00ae\" \/>\n<meta property=\"article:publisher\" content=\"https:\/\/www.facebook.com\/Originella.Original\/\" \/>\n<meta property=\"article:modified_time\" content=\"2025-08-18T08:49:37+00:00\" \/>\n<meta property=\"og:image\" content=\"https:\/\/originellaoriginal.se\/wp-content\/uploads\/2024\/08\/PO1137_web.jpg\" \/>\n\t<meta property=\"og:image:width\" content=\"2362\" \/>\n\t<meta property=\"og:image:height\" content=\"2362\" \/>\n\t<meta property=\"og:image:type\" content=\"image\/jpeg\" \/>\n<meta name=\"twitter:card\" content=\"summary_large_image\" \/>\n<meta name=\"twitter:label1\" content=\"Est. reading time\" \/>\n\t<meta name=\"twitter:data1\" content=\"2 minutes\" \/>\n<script type=\"application\/ld+json\" class=\"yoast-schema-graph\">{\"@context\":\"https:\/\/schema.org\",\"@graph\":[{\"@type\":\"WebPage\",\"@id\":\"https:\/\/originellaoriginal.se\/shop\/konsttryck-50-x-70-cm-elk\/\",\"url\":\"https:\/\/originellaoriginal.se\/shop\/konsttryck-50-x-70-cm-elk\/\",\"name\":\"SKogens konung konst - Konsttryck\",\"isPartOf\":{\"@id\":\"https:\/\/originellaoriginal.se\/#website\"},\"primaryImageOfPage\":{\"@id\":\"https:\/\/originellaoriginal.se\/shop\/konsttryck-50-x-70-cm-elk\/#primaryimage\"},\"image\":{\"@id\":\"https:\/\/originellaoriginal.se\/shop\/konsttryck-50-x-70-cm-elk\/#primaryimage\"},\"thumbnailUrl\":\"https:\/\/originellaoriginal.se\/wp-content\/uploads\/2024\/08\/PO1137_web.jpg\",\"datePublished\":\"2024-08-20T06:21:34+00:00\",\"dateModified\":\"2025-08-18T08:49:37+00:00\",\"description\":\"Upplev skogens konung hemma p\u00e5 v\u00e4ggen med v\u00e5rt unika konsttryck av den av Pia Bergvall Lund\u00e9n vackert m\u00e5lade \u00e4lgen. 50 x 70 cm.\",\"breadcrumb\":{\"@id\":\"https:\/\/originellaoriginal.se\/shop\/konsttryck-50-x-70-cm-elk\/#breadcrumb\"},\"inLanguage\":\"en-US\",\"potentialAction\":[{\"@type\":\"ReadAction\",\"target\":[\"https:\/\/originellaoriginal.se\/shop\/konsttryck-50-x-70-cm-elk\/\"]}]},{\"@type\":\"ImageObject\",\"inLanguage\":\"en-US\",\"@id\":\"https:\/\/originellaoriginal.se\/shop\/konsttryck-50-x-70-cm-elk\/#primaryimage\",\"url\":\"https:\/\/originellaoriginal.se\/wp-content\/uploads\/2024\/08\/PO1137_web.jpg\",\"contentUrl\":\"https:\/\/originellaoriginal.se\/wp-content\/uploads\/2024\/08\/PO1137_web.jpg\",\"width\":2362,\"height\":2362,\"caption\":\"Konsttryck Elk\"},{\"@type\":\"BreadcrumbList\",\"@id\":\"https:\/\/originellaoriginal.se\/shop\/konsttryck-50-x-70-cm-elk\/#breadcrumb\",\"itemListElement\":[{\"@type\":\"ListItem\",\"position\":1,\"name\":\"Hem\",\"item\":\"https:\/\/originellaoriginal.se\/\"},{\"@type\":\"ListItem\",\"position\":2,\"name\":\"Originella Original Webshop\",\"item\":\"https:\/\/originellaoriginal.se\/originella-original-webshop-heminredningsdetaljer\/\"},{\"@type\":\"ListItem\",\"position\":3,\"name\":\"Poster 50 x 70 cm Elk\"}]},{\"@type\":\"WebSite\",\"@id\":\"https:\/\/originellaoriginal.se\/#website\",\"url\":\"https:\/\/originellaoriginal.se\/\",\"name\":\"ORIGINELLA ORIGINAL\u00ae\",\"description\":\"Art &amp; Design by Pia Bergvall Lund\u00e9n\",\"publisher\":{\"@id\":\"https:\/\/originellaoriginal.se\/#organization\"},\"potentialAction\":[{\"@type\":\"SearchAction\",\"target\":{\"@type\":\"EntryPoint\",\"urlTemplate\":\"https:\/\/originellaoriginal.se\/?s={search_term_string}\"},\"query-input\":{\"@type\":\"PropertyValueSpecification\",\"valueRequired\":true,\"valueName\":\"search_term_string\"}}],\"inLanguage\":\"en-US\"},{\"@type\":\"Organization\",\"@id\":\"https:\/\/originellaoriginal.se\/#organization\",\"name\":\"ORIGINELLA ORIGINAL\u00ae\",\"url\":\"https:\/\/originellaoriginal.se\/\",\"logo\":{\"@type\":\"ImageObject\",\"inLanguage\":\"en-US\",\"@id\":\"https:\/\/originellaoriginal.se\/#\/schema\/logo\/image\/\",\"url\":\"https:\/\/originellaoriginal.se\/wp-content\/uploads\/2025\/08\/cropped-cropped-cropped-LOGO_OO_2020_Sign_frilagd-1.jpg\",\"contentUrl\":\"https:\/\/originellaoriginal.se\/wp-content\/uploads\/2025\/08\/cropped-cropped-cropped-LOGO_OO_2020_Sign_frilagd-1.jpg\",\"width\":468,\"height\":253,\"caption\":\"ORIGINELLA ORIGINAL\u00ae\"},\"image\":{\"@id\":\"https:\/\/originellaoriginal.se\/#\/schema\/logo\/image\/\"},\"sameAs\":[\"https:\/\/www.facebook.com\/Originella.Original\/\",\"https:\/\/www.instagram.com\/originella_original\/\",\"https:\/\/www.linkedin.com\/in\/pia-bergvall-lundn-4704585a?trk=hp-identity-name\"]}]}<\/script>\n<!-- \/ Yoast SEO plugin. -->","yoast_head_json":{"title":"SKogens konung konst - Konsttryck","robots":{"index":"index","follow":"follow","max-snippet":"max-snippet:-1","max-image-preview":"max-image-preview:large","max-video-preview":"max-video-preview:-1"},"canonical":"https:\/\/originellaoriginal.se\/shop\/konsttryck-50-x-70-cm-elk\/","og_locale":"en_US","og_type":"article","og_title":"Poster 50 x 70 cm Elk - ORIGINELLA ORIGINAL\u00ae","og_url":"https:\/\/originellaoriginal.se\/shop\/konsttryck-50-x-70-cm-elk\/","og_site_name":"ORIGINELLA ORIGINAL\u00ae","article_publisher":"https:\/\/www.facebook.com\/Originella.Original\/","article_modified_time":"2025-08-18T08:49:37+00:00","og_image":[{"width":2362,"height":2362,"url":"https:\/\/originellaoriginal.se\/wp-content\/uploads\/2024\/08\/PO1137_web.jpg","type":"image\/jpeg"}],"twitter_card":"summary_large_image","twitter_misc":{"Est. reading time":"2 minutes"},"schema":{"@context":"https:\/\/schema.org","@graph":[{"@type":"WebPage","@id":"https:\/\/originellaoriginal.se\/shop\/konsttryck-50-x-70-cm-elk\/","url":"https:\/\/originellaoriginal.se\/shop\/konsttryck-50-x-70-cm-elk\/","name":"SKogens konung konst - Konsttryck","isPartOf":{"@id":"https:\/\/originellaoriginal.se\/#website"},"primaryImageOfPage":{"@id":"https:\/\/originellaoriginal.se\/shop\/konsttryck-50-x-70-cm-elk\/#primaryimage"},"image":{"@id":"https:\/\/originellaoriginal.se\/shop\/konsttryck-50-x-70-cm-elk\/#primaryimage"},"thumbnailUrl":"https:\/\/originellaoriginal.se\/wp-content\/uploads\/2024\/08\/PO1137_web.jpg","datePublished":"2024-08-20T06:21:34+00:00","dateModified":"2025-08-18T08:49:37+00:00","description":"Upplev skogens konung hemma p\u00e5 v\u00e4ggen med v\u00e5rt unika konsttryck av den av Pia Bergvall Lund\u00e9n vackert m\u00e5lade \u00e4lgen. 50 x 70 cm.","breadcrumb":{"@id":"https:\/\/originellaoriginal.se\/shop\/konsttryck-50-x-70-cm-elk\/#breadcrumb"},"inLanguage":"en-US","potentialAction":[{"@type":"ReadAction","target":["https:\/\/originellaoriginal.se\/shop\/konsttryck-50-x-70-cm-elk\/"]}]},{"@type":"ImageObject","inLanguage":"en-US","@id":"https:\/\/originellaoriginal.se\/shop\/konsttryck-50-x-70-cm-elk\/#primaryimage","url":"https:\/\/originellaoriginal.se\/wp-content\/uploads\/2024\/08\/PO1137_web.jpg","contentUrl":"https:\/\/originellaoriginal.se\/wp-content\/uploads\/2024\/08\/PO1137_web.jpg","width":2362,"height":2362,"caption":"Konsttryck Elk"},{"@type":"BreadcrumbList","@id":"https:\/\/originellaoriginal.se\/shop\/konsttryck-50-x-70-cm-elk\/#breadcrumb","itemListElement":[{"@type":"ListItem","position":1,"name":"Hem","item":"https:\/\/originellaoriginal.se\/"},{"@type":"ListItem","position":2,"name":"Originella Original Webshop","item":"https:\/\/originellaoriginal.se\/originella-original-webshop-heminredningsdetaljer\/"},{"@type":"ListItem","position":3,"name":"Poster 50 x 70 cm Elk"}]},{"@type":"WebSite","@id":"https:\/\/originellaoriginal.se\/#website","url":"https:\/\/originellaoriginal.se\/","name":"ORIGINELLA ORIGINAL\u00ae","description":"Art &amp; Design by Pia Bergvall Lund\u00e9n","publisher":{"@id":"https:\/\/originellaoriginal.se\/#organization"},"potentialAction":[{"@type":"SearchAction","target":{"@type":"EntryPoint","urlTemplate":"https:\/\/originellaoriginal.se\/?s={search_term_string}"},"query-input":{"@type":"PropertyValueSpecification","valueRequired":true,"valueName":"search_term_string"}}],"inLanguage":"en-US"},{"@type":"Organization","@id":"https:\/\/originellaoriginal.se\/#organization","name":"ORIGINELLA ORIGINAL\u00ae","url":"https:\/\/originellaoriginal.se\/","logo":{"@type":"ImageObject","inLanguage":"en-US","@id":"https:\/\/originellaoriginal.se\/#\/schema\/logo\/image\/","url":"https:\/\/originellaoriginal.se\/wp-content\/uploads\/2025\/08\/cropped-cropped-cropped-LOGO_OO_2020_Sign_frilagd-1.jpg","contentUrl":"https:\/\/originellaoriginal.se\/wp-content\/uploads\/2025\/08\/cropped-cropped-cropped-LOGO_OO_2020_Sign_frilagd-1.jpg","width":468,"height":253,"caption":"ORIGINELLA ORIGINAL\u00ae"},"image":{"@id":"https:\/\/originellaoriginal.se\/#\/schema\/logo\/image\/"},"sameAs":["https:\/\/www.facebook.com\/Originella.Original\/","https:\/\/www.instagram.com\/originella_original\/","https:\/\/www.linkedin.com\/in\/pia-bergvall-lundn-4704585a?trk=hp-identity-name"]}]}},"_links":{"self":[{"href":"https:\/\/originellaoriginal.se\/en\/wp-json\/wp\/v2\/product\/14945","targetHints":{"allow":["GET"]}}],"collection":[{"href":"https:\/\/originellaoriginal.se\/en\/wp-json\/wp\/v2\/product"}],"about":[{"href":"https:\/\/originellaoriginal.se\/en\/wp-json\/wp\/v2\/types\/product"}],"replies":[{"embeddable":true,"href":"https:\/\/originellaoriginal.se\/en\/wp-json\/wp\/v2\/comments?post=14945"}],"wp:featuredmedia":[{"embeddable":true,"href":"https:\/\/originellaoriginal.se\/en\/wp-json\/wp\/v2\/media\/14949"}],"wp:attachment":[{"href":"https:\/\/originellaoriginal.se\/en\/wp-json\/wp\/v2\/media?parent=14945"}],"wp:term":[{"taxonomy":"product_brand","embeddable":true,"href":"https:\/\/originellaoriginal.se\/en\/wp-json\/wp\/v2\/product_brand?post=14945"},{"taxonomy":"product_cat","embeddable":true,"href":"https:\/\/originellaoriginal.se\/en\/wp-json\/wp\/v2\/product_cat?post=14945"},{"taxonomy":"product_tag","embeddable":true,"href":"https:\/\/originellaoriginal.se\/en\/wp-json\/wp\/v2\/product_tag?post=14945"}],"curies":[{"name":"wp","href":"https:\/\/api.w.org\/{rel}","templated":true}]}}