{"id":14342,"date":"2024-02-29T14:14:12","date_gmt":"2024-02-29T13:14:12","guid":{"rendered":"https:\/\/originellaoriginal.se\/?post_type=product&#038;p=14342"},"modified":"2024-09-24T09:17:16","modified_gmt":"2024-09-24T08:17:16","slug":"disktrasa-isbjorn","status":"publish","type":"product","link":"https:\/\/originellaoriginal.se\/en\/shop\/disktrasa-isbjorn\/","title":{"rendered":"Disktrasa Isbj\u00f6rn"},"content":{"rendered":"<p>Disktrasan \u00e4r v\u00e5r svenska vardagshj\u00e4lte. S\u00e4tter f\u00e4rg p\u00e5 tillvaron och g\u00f6r st\u00e4dningen till en fr\u00f6jd.<br \/>\nTillverkad i Sverige av cellulosa och bomull och \u00e4r 100% naturlig och biologiskt nedbrytbar.<br \/>\nEn disktrasa som \u00e4r tv\u00e4ttbar i diskmaskinen och d\u00e4rmed kan den \u00e5teranv\u00e4ndas flera g\u00e5nger innan den har gjort sitt.<\/p>\n<p class=\"p1\">\u2022 100% biologiskt nedbrytbart material &#8211; 70% cellulosa from FSC-m\u00e4rkt skog och 30% bomull.<br \/>\n\u2022 Tv\u00e4ttbar i diskmaskin eller kokas f\u00f6r att \u00e5teranv\u00e4ndas flera g\u00e5nger.<br \/>\n\u2022 Komposterbar produkt. F\u00f6rmultnas p\u00e5 8-12 veckor.<br \/>\n\u2022 Milj\u00f6v\u00e4nlig<br \/>\n\u2022 En f\u00e4rgklick som g\u00f6r st\u00e4dningen roligare.<br \/>\n\u2022 Perfekt och rolig present<br \/>\n\u2022 Stor storlek, 195&#215;195 mm, Tryck \u00f6ver hela trasan i fullf\u00e4rg.<br \/>\n\u2022 Varum\u00e4rke: Originella Original\u00ae<br \/>\n\u2022 Design av Pia Bergvall Lund\u00e9n<\/p>\n","protected":false},"excerpt":{"rendered":"<p>\u2022 100% biologiskt nedbrytbart material &#8211; 70% cellulosa from FSC-m\u00e4rkt skog och 30% bomull.<br \/>\n\u2022 Tv\u00e4ttbar i diskmaskin eller kokas f\u00f6r att \u00e5teranv\u00e4ndas flera g\u00e5nger.<br \/>\n\u2022 Komposterbar produkt. F\u00f6rmultnas p\u00e5 8-12 veckor.<br \/>\n\u2022 Milj\u00f6v\u00e4nlig<br \/>\n\u2022 Perfekt och rolig present<br \/>\n\u2022 Stor storlek, 195&#215;195 mm, Tryck \u00f6ver hela trasan i fullf\u00e4rg.<br \/>\n\u2022 Varum\u00e4rke: Originella Original\u00ae<br \/>\n\u2022 Design av Pia Bergvall Lund\u00e9n<\/p>\n","protected":false},"featured_media":15108,"comment_status":"closed","ping_status":"closed","template":"","meta":[],"product_brand":[],"product_cat":[256],"product_tag":[141],"class_list":{"0":"post-14342","1":"product","2":"type-product","3":"status-publish","4":"has-post-thumbnail","6":"product_cat-256","7":"product_tag-disktrasa","9":"first","10":"instock","11":"taxable","12":"shipping-taxable","13":"purchasable","14":"product-type-simple","15":"customify-col","16":"product-has-gallery"},"translation":{"provider":"WPGlobus","version":"3.0.1","language":"en","enabled_languages":["sv","en","undefined"],"languages":{"sv":{"title":true,"content":true,"excerpt":true},"en":{"title":false,"content":false,"excerpt":false},"undefined":{"title":false,"content":false,"excerpt":false}}},"yoast_head":"<!-- This site is optimized with the Yoast SEO plugin v26.6 - https:\/\/yoast.com\/wordpress\/plugins\/seo\/ -->\n<title>Disktrasa Isbj\u00f6rn - ORIGINELLA ORIGINAL\u00ae<\/title>\n<meta name=\"robots\" content=\"index, follow, max-snippet:-1, max-image-preview:large, max-video-preview:-1\" \/>\n<link rel=\"canonical\" href=\"https:\/\/originellaoriginal.se\/shop\/disktrasa-isbjorn\/\" \/>\n<meta property=\"og:locale\" content=\"en_US\" \/>\n<meta property=\"og:type\" content=\"article\" \/>\n<meta property=\"og:title\" content=\"Disktrasa Isbj\u00f6rn - ORIGINELLA ORIGINAL\u00ae\" \/>\n<meta property=\"og:url\" content=\"https:\/\/originellaoriginal.se\/shop\/disktrasa-isbjorn\/\" \/>\n<meta property=\"og:site_name\" content=\"ORIGINELLA ORIGINAL\u00ae\" \/>\n<meta property=\"article:publisher\" content=\"https:\/\/www.facebook.com\/Originella.Original\/\" \/>\n<meta property=\"article:modified_time\" content=\"2024-09-24T08:17:16+00:00\" \/>\n<meta property=\"og:image\" content=\"https:\/\/originellaoriginal.se\/wp-content\/uploads\/2024\/09\/Isbjornar-Disktrasa_72dpi.jpg\" \/>\n\t<meta property=\"og:image:width\" content=\"1020\" \/>\n\t<meta property=\"og:image:height\" content=\"1020\" \/>\n\t<meta property=\"og:image:type\" content=\"image\/jpeg\" \/>\n<meta name=\"twitter:card\" content=\"summary_large_image\" \/>\n<meta name=\"twitter:label1\" content=\"Est. reading time\" \/>\n\t<meta name=\"twitter:data1\" content=\"1 minute\" \/>\n<script type=\"application\/ld+json\" class=\"yoast-schema-graph\">{\"@context\":\"https:\/\/schema.org\",\"@graph\":[{\"@type\":\"WebPage\",\"@id\":\"https:\/\/originellaoriginal.se\/shop\/disktrasa-isbjorn\/\",\"url\":\"https:\/\/originellaoriginal.se\/shop\/disktrasa-isbjorn\/\",\"name\":\"Disktrasa Isbj\u00f6rn - ORIGINELLA ORIGINAL\u00ae\",\"isPartOf\":{\"@id\":\"https:\/\/originellaoriginal.se\/#website\"},\"primaryImageOfPage\":{\"@id\":\"https:\/\/originellaoriginal.se\/shop\/disktrasa-isbjorn\/#primaryimage\"},\"image\":{\"@id\":\"https:\/\/originellaoriginal.se\/shop\/disktrasa-isbjorn\/#primaryimage\"},\"thumbnailUrl\":\"https:\/\/originellaoriginal.se\/wp-content\/uploads\/2024\/09\/Isbjornar-Disktrasa_72dpi.jpg\",\"datePublished\":\"2024-02-29T13:14:12+00:00\",\"dateModified\":\"2024-09-24T08:17:16+00:00\",\"description\":\"Disktrasan \u00e4r v\u00e5r svenska milj\u00f6v\u00e4nliga vardagshj\u00e4lte. Originella Original s\u00e4tter f\u00e4rg p\u00e5 tillvaron och g\u00f6r st\u00e4dningen till en fr\u00f6jd. Tillverkad i Sverige.\",\"breadcrumb\":{\"@id\":\"https:\/\/originellaoriginal.se\/shop\/disktrasa-isbjorn\/#breadcrumb\"},\"inLanguage\":\"en-US\",\"potentialAction\":[{\"@type\":\"ReadAction\",\"target\":[\"https:\/\/originellaoriginal.se\/shop\/disktrasa-isbjorn\/\"]}]},{\"@type\":\"ImageObject\",\"inLanguage\":\"en-US\",\"@id\":\"https:\/\/originellaoriginal.se\/shop\/disktrasa-isbjorn\/#primaryimage\",\"url\":\"https:\/\/originellaoriginal.se\/wp-content\/uploads\/2024\/09\/Isbjornar-Disktrasa_72dpi.jpg\",\"contentUrl\":\"https:\/\/originellaoriginal.se\/wp-content\/uploads\/2024\/09\/Isbjornar-Disktrasa_72dpi.jpg\",\"width\":1020,\"height\":1020,\"caption\":\"Disktrasa Isbj\u00f6rnar\"},{\"@type\":\"BreadcrumbList\",\"@id\":\"https:\/\/originellaoriginal.se\/shop\/disktrasa-isbjorn\/#breadcrumb\",\"itemListElement\":[{\"@type\":\"ListItem\",\"position\":1,\"name\":\"Hem\",\"item\":\"https:\/\/originellaoriginal.se\/\"},{\"@type\":\"ListItem\",\"position\":2,\"name\":\"Originella Original Webshop\",\"item\":\"https:\/\/originellaoriginal.se\/originella-original-webshop-heminredningsdetaljer\/\"},{\"@type\":\"ListItem\",\"position\":3,\"name\":\"Disktrasa Isbj\u00f6rn\"}]},{\"@type\":\"WebSite\",\"@id\":\"https:\/\/originellaoriginal.se\/#website\",\"url\":\"https:\/\/originellaoriginal.se\/\",\"name\":\"ORIGINELLA ORIGINAL\u00ae\",\"description\":\"Art &amp; Design by Pia Bergvall Lund\u00e9n\",\"publisher\":{\"@id\":\"https:\/\/originellaoriginal.se\/#organization\"},\"potentialAction\":[{\"@type\":\"SearchAction\",\"target\":{\"@type\":\"EntryPoint\",\"urlTemplate\":\"https:\/\/originellaoriginal.se\/?s={search_term_string}\"},\"query-input\":{\"@type\":\"PropertyValueSpecification\",\"valueRequired\":true,\"valueName\":\"search_term_string\"}}],\"inLanguage\":\"en-US\"},{\"@type\":\"Organization\",\"@id\":\"https:\/\/originellaoriginal.se\/#organization\",\"name\":\"ORIGINELLA ORIGINAL\u00ae\",\"url\":\"https:\/\/originellaoriginal.se\/\",\"logo\":{\"@type\":\"ImageObject\",\"inLanguage\":\"en-US\",\"@id\":\"https:\/\/originellaoriginal.se\/#\/schema\/logo\/image\/\",\"url\":\"https:\/\/originellaoriginal.se\/wp-content\/uploads\/2025\/08\/cropped-cropped-cropped-LOGO_OO_2020_Sign_frilagd-1.jpg\",\"contentUrl\":\"https:\/\/originellaoriginal.se\/wp-content\/uploads\/2025\/08\/cropped-cropped-cropped-LOGO_OO_2020_Sign_frilagd-1.jpg\",\"width\":468,\"height\":253,\"caption\":\"ORIGINELLA ORIGINAL\u00ae\"},\"image\":{\"@id\":\"https:\/\/originellaoriginal.se\/#\/schema\/logo\/image\/\"},\"sameAs\":[\"https:\/\/www.facebook.com\/Originella.Original\/\",\"https:\/\/www.instagram.com\/originella_original\/\",\"https:\/\/www.linkedin.com\/in\/pia-bergvall-lundn-4704585a?trk=hp-identity-name\"]}]}<\/script>\n<!-- \/ Yoast SEO plugin. -->","yoast_head_json":{"title":"Disktrasa Isbj\u00f6rn - ORIGINELLA ORIGINAL\u00ae","robots":{"index":"index","follow":"follow","max-snippet":"max-snippet:-1","max-image-preview":"max-image-preview:large","max-video-preview":"max-video-preview:-1"},"canonical":"https:\/\/originellaoriginal.se\/shop\/disktrasa-isbjorn\/","og_locale":"en_US","og_type":"article","og_title":"Disktrasa Isbj\u00f6rn - ORIGINELLA ORIGINAL\u00ae","og_url":"https:\/\/originellaoriginal.se\/shop\/disktrasa-isbjorn\/","og_site_name":"ORIGINELLA ORIGINAL\u00ae","article_publisher":"https:\/\/www.facebook.com\/Originella.Original\/","article_modified_time":"2024-09-24T08:17:16+00:00","og_image":[{"width":1020,"height":1020,"url":"https:\/\/originellaoriginal.se\/wp-content\/uploads\/2024\/09\/Isbjornar-Disktrasa_72dpi.jpg","type":"image\/jpeg"}],"twitter_card":"summary_large_image","twitter_misc":{"Est. reading time":"1 minute"},"schema":{"@context":"https:\/\/schema.org","@graph":[{"@type":"WebPage","@id":"https:\/\/originellaoriginal.se\/shop\/disktrasa-isbjorn\/","url":"https:\/\/originellaoriginal.se\/shop\/disktrasa-isbjorn\/","name":"Disktrasa Isbj\u00f6rn - ORIGINELLA ORIGINAL\u00ae","isPartOf":{"@id":"https:\/\/originellaoriginal.se\/#website"},"primaryImageOfPage":{"@id":"https:\/\/originellaoriginal.se\/shop\/disktrasa-isbjorn\/#primaryimage"},"image":{"@id":"https:\/\/originellaoriginal.se\/shop\/disktrasa-isbjorn\/#primaryimage"},"thumbnailUrl":"https:\/\/originellaoriginal.se\/wp-content\/uploads\/2024\/09\/Isbjornar-Disktrasa_72dpi.jpg","datePublished":"2024-02-29T13:14:12+00:00","dateModified":"2024-09-24T08:17:16+00:00","description":"Disktrasan \u00e4r v\u00e5r svenska milj\u00f6v\u00e4nliga vardagshj\u00e4lte. Originella Original s\u00e4tter f\u00e4rg p\u00e5 tillvaron och g\u00f6r st\u00e4dningen till en fr\u00f6jd. Tillverkad i Sverige.","breadcrumb":{"@id":"https:\/\/originellaoriginal.se\/shop\/disktrasa-isbjorn\/#breadcrumb"},"inLanguage":"en-US","potentialAction":[{"@type":"ReadAction","target":["https:\/\/originellaoriginal.se\/shop\/disktrasa-isbjorn\/"]}]},{"@type":"ImageObject","inLanguage":"en-US","@id":"https:\/\/originellaoriginal.se\/shop\/disktrasa-isbjorn\/#primaryimage","url":"https:\/\/originellaoriginal.se\/wp-content\/uploads\/2024\/09\/Isbjornar-Disktrasa_72dpi.jpg","contentUrl":"https:\/\/originellaoriginal.se\/wp-content\/uploads\/2024\/09\/Isbjornar-Disktrasa_72dpi.jpg","width":1020,"height":1020,"caption":"Disktrasa Isbj\u00f6rnar"},{"@type":"BreadcrumbList","@id":"https:\/\/originellaoriginal.se\/shop\/disktrasa-isbjorn\/#breadcrumb","itemListElement":[{"@type":"ListItem","position":1,"name":"Hem","item":"https:\/\/originellaoriginal.se\/"},{"@type":"ListItem","position":2,"name":"Originella Original Webshop","item":"https:\/\/originellaoriginal.se\/originella-original-webshop-heminredningsdetaljer\/"},{"@type":"ListItem","position":3,"name":"Disktrasa Isbj\u00f6rn"}]},{"@type":"WebSite","@id":"https:\/\/originellaoriginal.se\/#website","url":"https:\/\/originellaoriginal.se\/","name":"ORIGINELLA ORIGINAL\u00ae","description":"Art &amp; Design by Pia Bergvall Lund\u00e9n","publisher":{"@id":"https:\/\/originellaoriginal.se\/#organization"},"potentialAction":[{"@type":"SearchAction","target":{"@type":"EntryPoint","urlTemplate":"https:\/\/originellaoriginal.se\/?s={search_term_string}"},"query-input":{"@type":"PropertyValueSpecification","valueRequired":true,"valueName":"search_term_string"}}],"inLanguage":"en-US"},{"@type":"Organization","@id":"https:\/\/originellaoriginal.se\/#organization","name":"ORIGINELLA ORIGINAL\u00ae","url":"https:\/\/originellaoriginal.se\/","logo":{"@type":"ImageObject","inLanguage":"en-US","@id":"https:\/\/originellaoriginal.se\/#\/schema\/logo\/image\/","url":"https:\/\/originellaoriginal.se\/wp-content\/uploads\/2025\/08\/cropped-cropped-cropped-LOGO_OO_2020_Sign_frilagd-1.jpg","contentUrl":"https:\/\/originellaoriginal.se\/wp-content\/uploads\/2025\/08\/cropped-cropped-cropped-LOGO_OO_2020_Sign_frilagd-1.jpg","width":468,"height":253,"caption":"ORIGINELLA ORIGINAL\u00ae"},"image":{"@id":"https:\/\/originellaoriginal.se\/#\/schema\/logo\/image\/"},"sameAs":["https:\/\/www.facebook.com\/Originella.Original\/","https:\/\/www.instagram.com\/originella_original\/","https:\/\/www.linkedin.com\/in\/pia-bergvall-lundn-4704585a?trk=hp-identity-name"]}]}},"_links":{"self":[{"href":"https:\/\/originellaoriginal.se\/en\/wp-json\/wp\/v2\/product\/14342","targetHints":{"allow":["GET"]}}],"collection":[{"href":"https:\/\/originellaoriginal.se\/en\/wp-json\/wp\/v2\/product"}],"about":[{"href":"https:\/\/originellaoriginal.se\/en\/wp-json\/wp\/v2\/types\/product"}],"replies":[{"embeddable":true,"href":"https:\/\/originellaoriginal.se\/en\/wp-json\/wp\/v2\/comments?post=14342"}],"wp:featuredmedia":[{"embeddable":true,"href":"https:\/\/originellaoriginal.se\/en\/wp-json\/wp\/v2\/media\/15108"}],"wp:attachment":[{"href":"https:\/\/originellaoriginal.se\/en\/wp-json\/wp\/v2\/media?parent=14342"}],"wp:term":[{"taxonomy":"product_brand","embeddable":true,"href":"https:\/\/originellaoriginal.se\/en\/wp-json\/wp\/v2\/product_brand?post=14342"},{"taxonomy":"product_cat","embeddable":true,"href":"https:\/\/originellaoriginal.se\/en\/wp-json\/wp\/v2\/product_cat?post=14342"},{"taxonomy":"product_tag","embeddable":true,"href":"https:\/\/originellaoriginal.se\/en\/wp-json\/wp\/v2\/product_tag?post=14342"}],"curies":[{"name":"wp","href":"https:\/\/api.w.org\/{rel}","templated":true}]}}