{"id":14103,"date":"2024-01-11T10:29:37","date_gmt":"2024-01-11T09:29:37","guid":{"rendered":"https:\/\/originellaoriginal.se\/?post_type=product&#038;p=14103"},"modified":"2024-01-22T14:33:45","modified_gmt":"2024-01-22T13:33:45","slug":"maritim-tapet-ocean-blue","status":"publish","type":"product","link":"https:\/\/originellaoriginal.se\/en\/shop\/maritim-tapet-ocean-blue\/","title":{"rendered":"Maritim tapet &#8211; Ocean Blue"},"content":{"rendered":"<p>Maritim tapet likt en v\u00e4rldsomsegling under havet. Uppt\u00e4ck en v\u00e4rld under ytan med v\u00e5r fantastiska tapet formgiven av Pia Bergvall Lund\u00e9n. Med sitt b\u00f6ljande m\u00f6nster av sj\u00f6h\u00e4star, sn\u00e4ckor och fiskar ger en maritim tapet ditt hem en f\u00f6rtrollande atmosf\u00e4r influerad av havet. Marina m\u00f6nster ger en k\u00e4nsla av sk\u00e4rg\u00e5rdsliv och b\u00e5tliv.<br \/>\nDe detaljerade illustrationerna av sj\u00f6h\u00e4star, med sina eleganta kroppar, sn\u00e4ckor med sina spiralformer och fiskar i olika f\u00e4rger och former skapar en harmonisk komposition som ger ditt rum en unik karakt\u00e4r.<br \/>\nDet h\u00e4r \u00e4r en maritim tapet som ger illusionen av att vara neds\u00e4nkt i havets djup. Varje detalj \u00e4r noggrant utformad f\u00f6r att skapa en lugnande och harmonisk atmosf\u00e4r i ditt hem. L\u00e5t denna tapet bli ett konstn\u00e4rligt inslag i ditt hem.<br \/>\nV\u00e5r tapet \u00e4r av h\u00f6gkvalitativ Non Woven och tryckt med milj\u00f6v\u00e4nliga f\u00e4rger. Ge ditt hem en touch av havet och l\u00e5t Pia Bergvall Lund\u00e9ns konst ta dig med p\u00e5 en resa under ytan. Skapa ett rum som inspirerar och ger dig ro i sj\u00e4len med denna unika maritima tapet.<\/p>\n<p>&nbsp;<\/p>\n","protected":false},"excerpt":{"rendered":"<p>Unik tapet fr\u00e5n Originella Original<br \/>\nFormgiven av Pia Lund\u00e9n<\/p>\n<p>bredd 0,5 m<br \/>\n10,05 m per rulle<br \/>\nMaterial: Non Woven<br \/>\nF\u00f6rskjuten m\u00f6nsterpassning<\/p>\n","protected":false},"featured_media":14088,"comment_status":"closed","ping_status":"closed","template":"","meta":[],"product_brand":[],"product_cat":[387,364,366],"product_tag":[],"class_list":{"0":"post-14103","1":"product","2":"type-product","3":"status-publish","4":"has-post-thumbnail","6":"product_cat-blatt","7":"product_cat-stormonstrade-tapeter","8":"product_cat-tapeter","10":"first","11":"instock","12":"taxable","13":"shipping-taxable","14":"purchasable","15":"product-type-simple","16":"customify-col","17":"product-has-gallery"},"translation":{"provider":"WPGlobus","version":"3.0.1","language":"en","enabled_languages":["sv","en","undefined"],"languages":{"sv":{"title":true,"content":true,"excerpt":true},"en":{"title":false,"content":false,"excerpt":false},"undefined":{"title":false,"content":false,"excerpt":false}}},"yoast_head":"<!-- This site is optimized with the Yoast SEO plugin v26.6 - https:\/\/yoast.com\/wordpress\/plugins\/seo\/ -->\n<title>Maritim tapet - Ocean Blue - ORIGINELLA ORIGINAL\u00ae<\/title>\n<meta name=\"robots\" content=\"index, follow, max-snippet:-1, max-image-preview:large, max-video-preview:-1\" \/>\n<link rel=\"canonical\" href=\"https:\/\/originellaoriginal.se\/shop\/maritim-tapet-ocean-blue\/\" \/>\n<meta property=\"og:locale\" content=\"en_US\" \/>\n<meta property=\"og:type\" content=\"article\" \/>\n<meta property=\"og:title\" content=\"Maritim tapet - Ocean Blue - ORIGINELLA ORIGINAL\u00ae\" \/>\n<meta property=\"og:url\" content=\"https:\/\/originellaoriginal.se\/shop\/maritim-tapet-ocean-blue\/\" \/>\n<meta property=\"og:site_name\" content=\"ORIGINELLA ORIGINAL\u00ae\" \/>\n<meta property=\"article:publisher\" content=\"https:\/\/www.facebook.com\/Originella.Original\/\" \/>\n<meta property=\"article:modified_time\" content=\"2024-01-22T13:33:45+00:00\" \/>\n<meta property=\"og:image\" content=\"https:\/\/originellaoriginal.se\/wp-content\/uploads\/2024\/01\/Ocean-blue_bla_web2.png\" \/>\n\t<meta property=\"og:image:width\" content=\"1020\" \/>\n\t<meta property=\"og:image:height\" content=\"1020\" \/>\n\t<meta property=\"og:image:type\" content=\"image\/png\" \/>\n<meta name=\"twitter:card\" content=\"summary_large_image\" \/>\n<meta name=\"twitter:label1\" content=\"Est. reading time\" \/>\n\t<meta name=\"twitter:data1\" content=\"2 minutes\" \/>\n<script type=\"application\/ld+json\" class=\"yoast-schema-graph\">{\"@context\":\"https:\/\/schema.org\",\"@graph\":[{\"@type\":\"WebPage\",\"@id\":\"https:\/\/originellaoriginal.se\/shop\/maritim-tapet-ocean-blue\/\",\"url\":\"https:\/\/originellaoriginal.se\/shop\/maritim-tapet-ocean-blue\/\",\"name\":\"Maritim tapet - Ocean Blue - ORIGINELLA ORIGINAL\u00ae\",\"isPartOf\":{\"@id\":\"https:\/\/originellaoriginal.se\/#website\"},\"primaryImageOfPage\":{\"@id\":\"https:\/\/originellaoriginal.se\/shop\/maritim-tapet-ocean-blue\/#primaryimage\"},\"image\":{\"@id\":\"https:\/\/originellaoriginal.se\/shop\/maritim-tapet-ocean-blue\/#primaryimage\"},\"thumbnailUrl\":\"https:\/\/originellaoriginal.se\/wp-content\/uploads\/2024\/01\/Ocean-blue_bla_web2.png\",\"datePublished\":\"2024-01-11T09:29:37+00:00\",\"dateModified\":\"2024-01-22T13:33:45+00:00\",\"description\":\"Maritim tapet likt en v\u00e4rldsomsegling under havet. Uppt\u00e4ck en v\u00e4rld under ytan med v\u00e5r fantastiska tapet formgiven av Pia Bergvall Lund\u00e9n.\",\"breadcrumb\":{\"@id\":\"https:\/\/originellaoriginal.se\/shop\/maritim-tapet-ocean-blue\/#breadcrumb\"},\"inLanguage\":\"en-US\",\"potentialAction\":[{\"@type\":\"ReadAction\",\"target\":[\"https:\/\/originellaoriginal.se\/shop\/maritim-tapet-ocean-blue\/\"]}]},{\"@type\":\"ImageObject\",\"inLanguage\":\"en-US\",\"@id\":\"https:\/\/originellaoriginal.se\/shop\/maritim-tapet-ocean-blue\/#primaryimage\",\"url\":\"https:\/\/originellaoriginal.se\/wp-content\/uploads\/2024\/01\/Ocean-blue_bla_web2.png\",\"contentUrl\":\"https:\/\/originellaoriginal.se\/wp-content\/uploads\/2024\/01\/Ocean-blue_bla_web2.png\",\"width\":1020,\"height\":1020,\"caption\":\"Marin tapet\"},{\"@type\":\"BreadcrumbList\",\"@id\":\"https:\/\/originellaoriginal.se\/shop\/maritim-tapet-ocean-blue\/#breadcrumb\",\"itemListElement\":[{\"@type\":\"ListItem\",\"position\":1,\"name\":\"Hem\",\"item\":\"https:\/\/originellaoriginal.se\/\"},{\"@type\":\"ListItem\",\"position\":2,\"name\":\"Originella Original Webshop\",\"item\":\"https:\/\/originellaoriginal.se\/originella-original-webshop-heminredningsdetaljer\/\"},{\"@type\":\"ListItem\",\"position\":3,\"name\":\"Maritim tapet &#8211; Ocean Blue\"}]},{\"@type\":\"WebSite\",\"@id\":\"https:\/\/originellaoriginal.se\/#website\",\"url\":\"https:\/\/originellaoriginal.se\/\",\"name\":\"ORIGINELLA ORIGINAL\u00ae\",\"description\":\"Art &amp; Design by Pia Bergvall Lund\u00e9n\",\"publisher\":{\"@id\":\"https:\/\/originellaoriginal.se\/#organization\"},\"potentialAction\":[{\"@type\":\"SearchAction\",\"target\":{\"@type\":\"EntryPoint\",\"urlTemplate\":\"https:\/\/originellaoriginal.se\/?s={search_term_string}\"},\"query-input\":{\"@type\":\"PropertyValueSpecification\",\"valueRequired\":true,\"valueName\":\"search_term_string\"}}],\"inLanguage\":\"en-US\"},{\"@type\":\"Organization\",\"@id\":\"https:\/\/originellaoriginal.se\/#organization\",\"name\":\"ORIGINELLA ORIGINAL\u00ae\",\"url\":\"https:\/\/originellaoriginal.se\/\",\"logo\":{\"@type\":\"ImageObject\",\"inLanguage\":\"en-US\",\"@id\":\"https:\/\/originellaoriginal.se\/#\/schema\/logo\/image\/\",\"url\":\"https:\/\/originellaoriginal.se\/wp-content\/uploads\/2025\/08\/cropped-cropped-cropped-LOGO_OO_2020_Sign_frilagd-1.jpg\",\"contentUrl\":\"https:\/\/originellaoriginal.se\/wp-content\/uploads\/2025\/08\/cropped-cropped-cropped-LOGO_OO_2020_Sign_frilagd-1.jpg\",\"width\":468,\"height\":253,\"caption\":\"ORIGINELLA ORIGINAL\u00ae\"},\"image\":{\"@id\":\"https:\/\/originellaoriginal.se\/#\/schema\/logo\/image\/\"},\"sameAs\":[\"https:\/\/www.facebook.com\/Originella.Original\/\",\"https:\/\/www.instagram.com\/originella_original\/\",\"https:\/\/www.linkedin.com\/in\/pia-bergvall-lundn-4704585a?trk=hp-identity-name\"]}]}<\/script>\n<!-- \/ Yoast SEO plugin. -->","yoast_head_json":{"title":"Maritim tapet - Ocean Blue - ORIGINELLA ORIGINAL\u00ae","robots":{"index":"index","follow":"follow","max-snippet":"max-snippet:-1","max-image-preview":"max-image-preview:large","max-video-preview":"max-video-preview:-1"},"canonical":"https:\/\/originellaoriginal.se\/shop\/maritim-tapet-ocean-blue\/","og_locale":"en_US","og_type":"article","og_title":"Maritim tapet - Ocean Blue - ORIGINELLA ORIGINAL\u00ae","og_url":"https:\/\/originellaoriginal.se\/shop\/maritim-tapet-ocean-blue\/","og_site_name":"ORIGINELLA ORIGINAL\u00ae","article_publisher":"https:\/\/www.facebook.com\/Originella.Original\/","article_modified_time":"2024-01-22T13:33:45+00:00","og_image":[{"width":1020,"height":1020,"url":"https:\/\/originellaoriginal.se\/wp-content\/uploads\/2024\/01\/Ocean-blue_bla_web2.png","type":"image\/png"}],"twitter_card":"summary_large_image","twitter_misc":{"Est. reading time":"2 minutes"},"schema":{"@context":"https:\/\/schema.org","@graph":[{"@type":"WebPage","@id":"https:\/\/originellaoriginal.se\/shop\/maritim-tapet-ocean-blue\/","url":"https:\/\/originellaoriginal.se\/shop\/maritim-tapet-ocean-blue\/","name":"Maritim tapet - Ocean Blue - ORIGINELLA ORIGINAL\u00ae","isPartOf":{"@id":"https:\/\/originellaoriginal.se\/#website"},"primaryImageOfPage":{"@id":"https:\/\/originellaoriginal.se\/shop\/maritim-tapet-ocean-blue\/#primaryimage"},"image":{"@id":"https:\/\/originellaoriginal.se\/shop\/maritim-tapet-ocean-blue\/#primaryimage"},"thumbnailUrl":"https:\/\/originellaoriginal.se\/wp-content\/uploads\/2024\/01\/Ocean-blue_bla_web2.png","datePublished":"2024-01-11T09:29:37+00:00","dateModified":"2024-01-22T13:33:45+00:00","description":"Maritim tapet likt en v\u00e4rldsomsegling under havet. Uppt\u00e4ck en v\u00e4rld under ytan med v\u00e5r fantastiska tapet formgiven av Pia Bergvall Lund\u00e9n.","breadcrumb":{"@id":"https:\/\/originellaoriginal.se\/shop\/maritim-tapet-ocean-blue\/#breadcrumb"},"inLanguage":"en-US","potentialAction":[{"@type":"ReadAction","target":["https:\/\/originellaoriginal.se\/shop\/maritim-tapet-ocean-blue\/"]}]},{"@type":"ImageObject","inLanguage":"en-US","@id":"https:\/\/originellaoriginal.se\/shop\/maritim-tapet-ocean-blue\/#primaryimage","url":"https:\/\/originellaoriginal.se\/wp-content\/uploads\/2024\/01\/Ocean-blue_bla_web2.png","contentUrl":"https:\/\/originellaoriginal.se\/wp-content\/uploads\/2024\/01\/Ocean-blue_bla_web2.png","width":1020,"height":1020,"caption":"Marin tapet"},{"@type":"BreadcrumbList","@id":"https:\/\/originellaoriginal.se\/shop\/maritim-tapet-ocean-blue\/#breadcrumb","itemListElement":[{"@type":"ListItem","position":1,"name":"Hem","item":"https:\/\/originellaoriginal.se\/"},{"@type":"ListItem","position":2,"name":"Originella Original Webshop","item":"https:\/\/originellaoriginal.se\/originella-original-webshop-heminredningsdetaljer\/"},{"@type":"ListItem","position":3,"name":"Maritim tapet &#8211; Ocean Blue"}]},{"@type":"WebSite","@id":"https:\/\/originellaoriginal.se\/#website","url":"https:\/\/originellaoriginal.se\/","name":"ORIGINELLA ORIGINAL\u00ae","description":"Art &amp; Design by Pia Bergvall Lund\u00e9n","publisher":{"@id":"https:\/\/originellaoriginal.se\/#organization"},"potentialAction":[{"@type":"SearchAction","target":{"@type":"EntryPoint","urlTemplate":"https:\/\/originellaoriginal.se\/?s={search_term_string}"},"query-input":{"@type":"PropertyValueSpecification","valueRequired":true,"valueName":"search_term_string"}}],"inLanguage":"en-US"},{"@type":"Organization","@id":"https:\/\/originellaoriginal.se\/#organization","name":"ORIGINELLA ORIGINAL\u00ae","url":"https:\/\/originellaoriginal.se\/","logo":{"@type":"ImageObject","inLanguage":"en-US","@id":"https:\/\/originellaoriginal.se\/#\/schema\/logo\/image\/","url":"https:\/\/originellaoriginal.se\/wp-content\/uploads\/2025\/08\/cropped-cropped-cropped-LOGO_OO_2020_Sign_frilagd-1.jpg","contentUrl":"https:\/\/originellaoriginal.se\/wp-content\/uploads\/2025\/08\/cropped-cropped-cropped-LOGO_OO_2020_Sign_frilagd-1.jpg","width":468,"height":253,"caption":"ORIGINELLA ORIGINAL\u00ae"},"image":{"@id":"https:\/\/originellaoriginal.se\/#\/schema\/logo\/image\/"},"sameAs":["https:\/\/www.facebook.com\/Originella.Original\/","https:\/\/www.instagram.com\/originella_original\/","https:\/\/www.linkedin.com\/in\/pia-bergvall-lundn-4704585a?trk=hp-identity-name"]}]}},"_links":{"self":[{"href":"https:\/\/originellaoriginal.se\/en\/wp-json\/wp\/v2\/product\/14103","targetHints":{"allow":["GET"]}}],"collection":[{"href":"https:\/\/originellaoriginal.se\/en\/wp-json\/wp\/v2\/product"}],"about":[{"href":"https:\/\/originellaoriginal.se\/en\/wp-json\/wp\/v2\/types\/product"}],"replies":[{"embeddable":true,"href":"https:\/\/originellaoriginal.se\/en\/wp-json\/wp\/v2\/comments?post=14103"}],"wp:featuredmedia":[{"embeddable":true,"href":"https:\/\/originellaoriginal.se\/en\/wp-json\/wp\/v2\/media\/14088"}],"wp:attachment":[{"href":"https:\/\/originellaoriginal.se\/en\/wp-json\/wp\/v2\/media?parent=14103"}],"wp:term":[{"taxonomy":"product_brand","embeddable":true,"href":"https:\/\/originellaoriginal.se\/en\/wp-json\/wp\/v2\/product_brand?post=14103"},{"taxonomy":"product_cat","embeddable":true,"href":"https:\/\/originellaoriginal.se\/en\/wp-json\/wp\/v2\/product_cat?post=14103"},{"taxonomy":"product_tag","embeddable":true,"href":"https:\/\/originellaoriginal.se\/en\/wp-json\/wp\/v2\/product_tag?post=14103"}],"curies":[{"name":"wp","href":"https:\/\/api.w.org\/{rel}","templated":true}]}}