{"id":14081,"date":"2024-01-10T21:31:00","date_gmt":"2024-01-10T20:31:00","guid":{"rendered":"https:\/\/originellaoriginal.se\/?post_type=product&#038;p=14081"},"modified":"2025-08-18T09:54:42","modified_gmt":"2025-08-18T08:54:42","slug":"tapet-vita-blommor","status":"publish","type":"product","link":"https:\/\/originellaoriginal.se\/en\/shop\/tapet-vita-blommor\/","title":{"rendered":""},"content":{"rendered":"<p>Tapet med vita blommor i en uppfriskande design av Pia Lund\u00e9n. Tapeten \u00e4r fylld med vita blomster i olika storlekar som skapar ett balanserat m\u00f6nster. En ljus tapet med vita blommor att dr\u00f6mma sig bort i, till sommar\u00e4ngar och glada stunder. Det h\u00e4r \u00e4r en ljus tapet som f\u00f6rmedlar en k\u00e4nsla av gl\u00e4dje och fr\u00e4sch\u00f6r, perfekt f\u00f6r att skapa en ljus och livlig atmosf\u00e4r i ett rum. Den somriga och vita blomsterdesignen passar bra i olika inredningsstilar, fr\u00e5n romantiskt till modernt och tapeten ger ett tidl\u00f6st och glatt uttryck i rummet.<\/p>\n","protected":false},"excerpt":{"rendered":"<p>Blommig \u00a0tapet fr\u00e5n Originella Original<br \/>\nFormgivare: Pia Lund\u00e9n<\/p>\n<p>Bredd 0,5 m<br \/>\n10,05 m per rulle<br \/>\nMaterial Non Woven<br \/>\nM\u00f6nsterpassning<\/p>\n","protected":false},"featured_media":14067,"comment_status":"closed","ping_status":"closed","template":"","meta":[],"product_brand":[],"product_cat":[390,365,366],"product_tag":[],"class_list":{"0":"post-14081","1":"product","2":"type-product","3":"status-publish","4":"has-post-thumbnail","6":"product_cat-beige-toner","7":"product_cat-smamonstrade-tapeter","8":"product_cat-tapeter","10":"first","11":"instock","12":"taxable","13":"shipping-taxable","14":"purchasable","15":"product-type-simple","16":"customify-col","17":"product-has-gallery"},"translation":{"provider":"WPGlobus","version":"3.0.1","language":"en","enabled_languages":["sv","en","undefined"],"languages":{"sv":{"title":false,"content":true,"excerpt":true},"en":{"title":false,"content":false,"excerpt":false},"undefined":{"title":false,"content":false,"excerpt":false}}},"yoast_head":"<!-- This site is optimized with the Yoast SEO plugin v26.6 - https:\/\/yoast.com\/wordpress\/plugins\/seo\/ -->\n<title>- ORIGINELLA ORIGINAL\u00ae<\/title>\n<meta name=\"robots\" content=\"index, follow, max-snippet:-1, max-image-preview:large, max-video-preview:-1\" \/>\n<link rel=\"canonical\" href=\"https:\/\/originellaoriginal.se\/shop\/tapet-vita-blommor\/\" \/>\n<meta property=\"og:locale\" content=\"en_US\" \/>\n<meta property=\"og:type\" content=\"article\" \/>\n<meta property=\"og:title\" content=\"- ORIGINELLA ORIGINAL\u00ae\" \/>\n<meta property=\"og:url\" content=\"https:\/\/originellaoriginal.se\/shop\/tapet-vita-blommor\/\" \/>\n<meta property=\"og:site_name\" content=\"ORIGINELLA ORIGINAL\u00ae\" \/>\n<meta property=\"article:publisher\" content=\"https:\/\/www.facebook.com\/Originella.Original\/\" \/>\n<meta property=\"article:modified_time\" content=\"2025-08-18T08:54:42+00:00\" \/>\n<meta property=\"og:image\" content=\"https:\/\/originellaoriginal.se\/wp-content\/uploads\/2024\/01\/Gloria_Mandel_web2.png\" \/>\n\t<meta property=\"og:image:width\" content=\"1020\" \/>\n\t<meta property=\"og:image:height\" content=\"1020\" \/>\n\t<meta property=\"og:image:type\" content=\"image\/png\" \/>\n<meta name=\"twitter:card\" content=\"summary_large_image\" \/>\n<meta name=\"twitter:label1\" content=\"Est. reading time\" \/>\n\t<meta name=\"twitter:data1\" content=\"1 minute\" \/>\n<script type=\"application\/ld+json\" class=\"yoast-schema-graph\">{\"@context\":\"https:\/\/schema.org\",\"@graph\":[{\"@type\":\"WebPage\",\"@id\":\"https:\/\/originellaoriginal.se\/shop\/tapet-vita-blommor\/\",\"url\":\"https:\/\/originellaoriginal.se\/shop\/tapet-vita-blommor\/\",\"name\":\"- ORIGINELLA ORIGINAL\u00ae\",\"isPartOf\":{\"@id\":\"https:\/\/originellaoriginal.se\/#website\"},\"primaryImageOfPage\":{\"@id\":\"https:\/\/originellaoriginal.se\/shop\/tapet-vita-blommor\/#primaryimage\"},\"image\":{\"@id\":\"https:\/\/originellaoriginal.se\/shop\/tapet-vita-blommor\/#primaryimage\"},\"thumbnailUrl\":\"https:\/\/originellaoriginal.se\/wp-content\/uploads\/2024\/01\/Gloria_Mandel_web2.png\",\"datePublished\":\"2024-01-10T20:31:00+00:00\",\"dateModified\":\"2025-08-18T08:54:42+00:00\",\"description\":\"Tapet med vita blommor i en uppfriskande design av Pia Lund\u00e9n. Tapeten \u00e4r fylld med vita blomster i olika storlekar som skapar ett balanserat m\u00f6nster.\",\"breadcrumb\":{\"@id\":\"https:\/\/originellaoriginal.se\/shop\/tapet-vita-blommor\/#breadcrumb\"},\"inLanguage\":\"en-US\",\"potentialAction\":[{\"@type\":\"ReadAction\",\"target\":[\"https:\/\/originellaoriginal.se\/shop\/tapet-vita-blommor\/\"]}]},{\"@type\":\"ImageObject\",\"inLanguage\":\"en-US\",\"@id\":\"https:\/\/originellaoriginal.se\/shop\/tapet-vita-blommor\/#primaryimage\",\"url\":\"https:\/\/originellaoriginal.se\/wp-content\/uploads\/2024\/01\/Gloria_Mandel_web2.png\",\"contentUrl\":\"https:\/\/originellaoriginal.se\/wp-content\/uploads\/2024\/01\/Gloria_Mandel_web2.png\",\"width\":1020,\"height\":1020,\"caption\":\"Tapet med vita blommor\"},{\"@type\":\"BreadcrumbList\",\"@id\":\"https:\/\/originellaoriginal.se\/shop\/tapet-vita-blommor\/#breadcrumb\",\"itemListElement\":[{\"@type\":\"ListItem\",\"position\":1,\"name\":\"Hem\",\"item\":\"https:\/\/originellaoriginal.se\/\"},{\"@type\":\"ListItem\",\"position\":2,\"name\":\"Originella Original Webshop\",\"item\":\"https:\/\/originellaoriginal.se\/originella-original-webshop-heminredningsdetaljer\/\"}]},{\"@type\":\"WebSite\",\"@id\":\"https:\/\/originellaoriginal.se\/#website\",\"url\":\"https:\/\/originellaoriginal.se\/\",\"name\":\"ORIGINELLA ORIGINAL\u00ae\",\"description\":\"Art &amp; Design by Pia Bergvall Lund\u00e9n\",\"publisher\":{\"@id\":\"https:\/\/originellaoriginal.se\/#organization\"},\"potentialAction\":[{\"@type\":\"SearchAction\",\"target\":{\"@type\":\"EntryPoint\",\"urlTemplate\":\"https:\/\/originellaoriginal.se\/?s={search_term_string}\"},\"query-input\":{\"@type\":\"PropertyValueSpecification\",\"valueRequired\":true,\"valueName\":\"search_term_string\"}}],\"inLanguage\":\"en-US\"},{\"@type\":\"Organization\",\"@id\":\"https:\/\/originellaoriginal.se\/#organization\",\"name\":\"ORIGINELLA ORIGINAL\u00ae\",\"url\":\"https:\/\/originellaoriginal.se\/\",\"logo\":{\"@type\":\"ImageObject\",\"inLanguage\":\"en-US\",\"@id\":\"https:\/\/originellaoriginal.se\/#\/schema\/logo\/image\/\",\"url\":\"https:\/\/originellaoriginal.se\/wp-content\/uploads\/2025\/08\/cropped-cropped-cropped-LOGO_OO_2020_Sign_frilagd-1.jpg\",\"contentUrl\":\"https:\/\/originellaoriginal.se\/wp-content\/uploads\/2025\/08\/cropped-cropped-cropped-LOGO_OO_2020_Sign_frilagd-1.jpg\",\"width\":468,\"height\":253,\"caption\":\"ORIGINELLA ORIGINAL\u00ae\"},\"image\":{\"@id\":\"https:\/\/originellaoriginal.se\/#\/schema\/logo\/image\/\"},\"sameAs\":[\"https:\/\/www.facebook.com\/Originella.Original\/\",\"https:\/\/www.instagram.com\/originella_original\/\",\"https:\/\/www.linkedin.com\/in\/pia-bergvall-lundn-4704585a?trk=hp-identity-name\"]}]}<\/script>\n<!-- \/ Yoast SEO plugin. -->","yoast_head_json":{"title":"- ORIGINELLA ORIGINAL\u00ae","robots":{"index":"index","follow":"follow","max-snippet":"max-snippet:-1","max-image-preview":"max-image-preview:large","max-video-preview":"max-video-preview:-1"},"canonical":"https:\/\/originellaoriginal.se\/shop\/tapet-vita-blommor\/","og_locale":"en_US","og_type":"article","og_title":"- ORIGINELLA ORIGINAL\u00ae","og_url":"https:\/\/originellaoriginal.se\/shop\/tapet-vita-blommor\/","og_site_name":"ORIGINELLA ORIGINAL\u00ae","article_publisher":"https:\/\/www.facebook.com\/Originella.Original\/","article_modified_time":"2025-08-18T08:54:42+00:00","og_image":[{"width":1020,"height":1020,"url":"https:\/\/originellaoriginal.se\/wp-content\/uploads\/2024\/01\/Gloria_Mandel_web2.png","type":"image\/png"}],"twitter_card":"summary_large_image","twitter_misc":{"Est. reading time":"1 minute"},"schema":{"@context":"https:\/\/schema.org","@graph":[{"@type":"WebPage","@id":"https:\/\/originellaoriginal.se\/shop\/tapet-vita-blommor\/","url":"https:\/\/originellaoriginal.se\/shop\/tapet-vita-blommor\/","name":"- ORIGINELLA ORIGINAL\u00ae","isPartOf":{"@id":"https:\/\/originellaoriginal.se\/#website"},"primaryImageOfPage":{"@id":"https:\/\/originellaoriginal.se\/shop\/tapet-vita-blommor\/#primaryimage"},"image":{"@id":"https:\/\/originellaoriginal.se\/shop\/tapet-vita-blommor\/#primaryimage"},"thumbnailUrl":"https:\/\/originellaoriginal.se\/wp-content\/uploads\/2024\/01\/Gloria_Mandel_web2.png","datePublished":"2024-01-10T20:31:00+00:00","dateModified":"2025-08-18T08:54:42+00:00","description":"Tapet med vita blommor i en uppfriskande design av Pia Lund\u00e9n. Tapeten \u00e4r fylld med vita blomster i olika storlekar som skapar ett balanserat m\u00f6nster.","breadcrumb":{"@id":"https:\/\/originellaoriginal.se\/shop\/tapet-vita-blommor\/#breadcrumb"},"inLanguage":"en-US","potentialAction":[{"@type":"ReadAction","target":["https:\/\/originellaoriginal.se\/shop\/tapet-vita-blommor\/"]}]},{"@type":"ImageObject","inLanguage":"en-US","@id":"https:\/\/originellaoriginal.se\/shop\/tapet-vita-blommor\/#primaryimage","url":"https:\/\/originellaoriginal.se\/wp-content\/uploads\/2024\/01\/Gloria_Mandel_web2.png","contentUrl":"https:\/\/originellaoriginal.se\/wp-content\/uploads\/2024\/01\/Gloria_Mandel_web2.png","width":1020,"height":1020,"caption":"Tapet med vita blommor"},{"@type":"BreadcrumbList","@id":"https:\/\/originellaoriginal.se\/shop\/tapet-vita-blommor\/#breadcrumb","itemListElement":[{"@type":"ListItem","position":1,"name":"Hem","item":"https:\/\/originellaoriginal.se\/"},{"@type":"ListItem","position":2,"name":"Originella Original Webshop","item":"https:\/\/originellaoriginal.se\/originella-original-webshop-heminredningsdetaljer\/"}]},{"@type":"WebSite","@id":"https:\/\/originellaoriginal.se\/#website","url":"https:\/\/originellaoriginal.se\/","name":"ORIGINELLA ORIGINAL\u00ae","description":"Art &amp; Design by Pia Bergvall Lund\u00e9n","publisher":{"@id":"https:\/\/originellaoriginal.se\/#organization"},"potentialAction":[{"@type":"SearchAction","target":{"@type":"EntryPoint","urlTemplate":"https:\/\/originellaoriginal.se\/?s={search_term_string}"},"query-input":{"@type":"PropertyValueSpecification","valueRequired":true,"valueName":"search_term_string"}}],"inLanguage":"en-US"},{"@type":"Organization","@id":"https:\/\/originellaoriginal.se\/#organization","name":"ORIGINELLA ORIGINAL\u00ae","url":"https:\/\/originellaoriginal.se\/","logo":{"@type":"ImageObject","inLanguage":"en-US","@id":"https:\/\/originellaoriginal.se\/#\/schema\/logo\/image\/","url":"https:\/\/originellaoriginal.se\/wp-content\/uploads\/2025\/08\/cropped-cropped-cropped-LOGO_OO_2020_Sign_frilagd-1.jpg","contentUrl":"https:\/\/originellaoriginal.se\/wp-content\/uploads\/2025\/08\/cropped-cropped-cropped-LOGO_OO_2020_Sign_frilagd-1.jpg","width":468,"height":253,"caption":"ORIGINELLA ORIGINAL\u00ae"},"image":{"@id":"https:\/\/originellaoriginal.se\/#\/schema\/logo\/image\/"},"sameAs":["https:\/\/www.facebook.com\/Originella.Original\/","https:\/\/www.instagram.com\/originella_original\/","https:\/\/www.linkedin.com\/in\/pia-bergvall-lundn-4704585a?trk=hp-identity-name"]}]}},"_links":{"self":[{"href":"https:\/\/originellaoriginal.se\/en\/wp-json\/wp\/v2\/product\/14081","targetHints":{"allow":["GET"]}}],"collection":[{"href":"https:\/\/originellaoriginal.se\/en\/wp-json\/wp\/v2\/product"}],"about":[{"href":"https:\/\/originellaoriginal.se\/en\/wp-json\/wp\/v2\/types\/product"}],"replies":[{"embeddable":true,"href":"https:\/\/originellaoriginal.se\/en\/wp-json\/wp\/v2\/comments?post=14081"}],"wp:featuredmedia":[{"embeddable":true,"href":"https:\/\/originellaoriginal.se\/en\/wp-json\/wp\/v2\/media\/14067"}],"wp:attachment":[{"href":"https:\/\/originellaoriginal.se\/en\/wp-json\/wp\/v2\/media?parent=14081"}],"wp:term":[{"taxonomy":"product_brand","embeddable":true,"href":"https:\/\/originellaoriginal.se\/en\/wp-json\/wp\/v2\/product_brand?post=14081"},{"taxonomy":"product_cat","embeddable":true,"href":"https:\/\/originellaoriginal.se\/en\/wp-json\/wp\/v2\/product_cat?post=14081"},{"taxonomy":"product_tag","embeddable":true,"href":"https:\/\/originellaoriginal.se\/en\/wp-json\/wp\/v2\/product_tag?post=14081"}],"curies":[{"name":"wp","href":"https:\/\/api.w.org\/{rel}","templated":true}]}}