{"id":14042,"date":"2024-01-09T17:03:15","date_gmt":"2024-01-09T16:03:15","guid":{"rendered":"https:\/\/originellaoriginal.se\/?post_type=product&#038;p=14042"},"modified":"2025-08-18T09:58:36","modified_gmt":"2025-08-18T08:58:36","slug":"romance-lindblomsgron-rosa","status":"publish","type":"product","link":"https:\/\/originellaoriginal.se\/en\/shop\/romance-lindblomsgron-rosa\/","title":{"rendered":"Romance &#8211; Lindblomsgr\u00f6n\/rosa"},"content":{"rendered":"<p>En romantisk tapetdr\u00f6m<\/p>\n<p>Tapeten \u00e4r Formgiven av Pia Bergvall Lund\u00e9n<\/p>\n<p id=\"tw-target-text\" class=\"tw-data-text tw-text-large tw-ta\" dir=\"ltr\" data-placeholder=\"\u00d6vers\u00e4ttning\"><span class=\"Y2IQFc\" lang=\"sv\">V\u00e5r non-woven tapet \u00e4r tillverkad av h\u00f6gkvalitativt, robust non-woven material med en matt finish som \u00e4r rep- och vattenbest\u00e4ndig, vilket f\u00f6rb\u00e4ttrar b\u00e5de dess estetik och h\u00e5llbarhet.<\/span><\/p>\n","protected":false},"excerpt":{"rendered":"<p>Tapet i Non Voven<\/p>\n<p>10,05 m per rulle<br \/>\n50 cm bred<br \/>\nM\u00f6nsterpassning<\/p>\n<p>Formgivare: Pia Bergvall Lund\u00e9n<\/p>\n","protected":false},"featured_media":14035,"comment_status":"closed","ping_status":"closed","template":"","meta":[],"product_brand":[],"product_cat":[388,367,364,366],"product_tag":[],"class_list":{"0":"post-14042","1":"product","2":"type-product","3":"status-publish","4":"has-post-thumbnail","6":"product_cat-grona-toner","7":"product_cat-romantisk","8":"product_cat-stormonstrade-tapeter","9":"product_cat-tapeter","11":"first","12":"instock","13":"taxable","14":"shipping-taxable","15":"purchasable","16":"product-type-simple","17":"customify-col","18":"product-has-gallery"},"translation":{"provider":"WPGlobus","version":"3.0.1","language":"en","enabled_languages":["sv","en","undefined"],"languages":{"sv":{"title":true,"content":true,"excerpt":true},"en":{"title":false,"content":false,"excerpt":false},"undefined":{"title":false,"content":false,"excerpt":false}}},"yoast_head":"<!-- This site is optimized with the Yoast SEO plugin v26.6 - https:\/\/yoast.com\/wordpress\/plugins\/seo\/ -->\n<title>Romance - Lindblomsgr\u00f6n\/rosa - ORIGINELLA ORIGINAL\u00ae<\/title>\n<meta name=\"robots\" content=\"index, follow, max-snippet:-1, max-image-preview:large, max-video-preview:-1\" \/>\n<link rel=\"canonical\" href=\"https:\/\/originellaoriginal.se\/shop\/romance-lindblomsgron-rosa\/\" \/>\n<meta property=\"og:locale\" content=\"en_US\" \/>\n<meta property=\"og:type\" content=\"article\" \/>\n<meta property=\"og:title\" content=\"Romance - Lindblomsgr\u00f6n\/rosa - ORIGINELLA ORIGINAL\u00ae\" \/>\n<meta property=\"og:url\" content=\"https:\/\/originellaoriginal.se\/shop\/romance-lindblomsgron-rosa\/\" \/>\n<meta property=\"og:site_name\" content=\"ORIGINELLA ORIGINAL\u00ae\" \/>\n<meta property=\"article:publisher\" content=\"https:\/\/www.facebook.com\/Originella.Original\/\" \/>\n<meta property=\"article:modified_time\" content=\"2025-08-18T08:58:36+00:00\" \/>\n<meta property=\"og:image\" content=\"https:\/\/originellaoriginal.se\/wp-content\/uploads\/2024\/01\/Romance_lindblomsgron_stor_web.png\" \/>\n\t<meta property=\"og:image:width\" content=\"1020\" \/>\n\t<meta property=\"og:image:height\" content=\"1020\" \/>\n\t<meta property=\"og:image:type\" content=\"image\/png\" \/>\n<meta name=\"twitter:card\" content=\"summary_large_image\" \/>\n<meta name=\"twitter:label1\" content=\"Est. reading time\" \/>\n\t<meta name=\"twitter:data1\" content=\"1 minute\" \/>\n<script type=\"application\/ld+json\" class=\"yoast-schema-graph\">{\"@context\":\"https:\/\/schema.org\",\"@graph\":[{\"@type\":\"WebPage\",\"@id\":\"https:\/\/originellaoriginal.se\/shop\/romance-lindblomsgron-rosa\/\",\"url\":\"https:\/\/originellaoriginal.se\/shop\/romance-lindblomsgron-rosa\/\",\"name\":\"Romance - Lindblomsgr\u00f6n\/rosa - ORIGINELLA ORIGINAL\u00ae\",\"isPartOf\":{\"@id\":\"https:\/\/originellaoriginal.se\/#website\"},\"primaryImageOfPage\":{\"@id\":\"https:\/\/originellaoriginal.se\/shop\/romance-lindblomsgron-rosa\/#primaryimage\"},\"image\":{\"@id\":\"https:\/\/originellaoriginal.se\/shop\/romance-lindblomsgron-rosa\/#primaryimage\"},\"thumbnailUrl\":\"https:\/\/originellaoriginal.se\/wp-content\/uploads\/2024\/01\/Romance_lindblomsgron_stor_web.png\",\"datePublished\":\"2024-01-09T16:03:15+00:00\",\"dateModified\":\"2025-08-18T08:58:36+00:00\",\"description\":\"En romantisk tapetdr\u00f6m formgiven av Pia Bergvall Lund\u00e9n.\",\"breadcrumb\":{\"@id\":\"https:\/\/originellaoriginal.se\/shop\/romance-lindblomsgron-rosa\/#breadcrumb\"},\"inLanguage\":\"en-US\",\"potentialAction\":[{\"@type\":\"ReadAction\",\"target\":[\"https:\/\/originellaoriginal.se\/shop\/romance-lindblomsgron-rosa\/\"]}]},{\"@type\":\"ImageObject\",\"inLanguage\":\"en-US\",\"@id\":\"https:\/\/originellaoriginal.se\/shop\/romance-lindblomsgron-rosa\/#primaryimage\",\"url\":\"https:\/\/originellaoriginal.se\/wp-content\/uploads\/2024\/01\/Romance_lindblomsgron_stor_web.png\",\"contentUrl\":\"https:\/\/originellaoriginal.se\/wp-content\/uploads\/2024\/01\/Romance_lindblomsgron_stor_web.png\",\"width\":1020,\"height\":1020,\"caption\":\"Tapet i romantisk stil\"},{\"@type\":\"BreadcrumbList\",\"@id\":\"https:\/\/originellaoriginal.se\/shop\/romance-lindblomsgron-rosa\/#breadcrumb\",\"itemListElement\":[{\"@type\":\"ListItem\",\"position\":1,\"name\":\"Hem\",\"item\":\"https:\/\/originellaoriginal.se\/\"},{\"@type\":\"ListItem\",\"position\":2,\"name\":\"Originella Original Webshop\",\"item\":\"https:\/\/originellaoriginal.se\/originella-original-webshop-heminredningsdetaljer\/\"},{\"@type\":\"ListItem\",\"position\":3,\"name\":\"Romance &#8211; Lindblomsgr\u00f6n\/rosa\"}]},{\"@type\":\"WebSite\",\"@id\":\"https:\/\/originellaoriginal.se\/#website\",\"url\":\"https:\/\/originellaoriginal.se\/\",\"name\":\"ORIGINELLA ORIGINAL\u00ae\",\"description\":\"Art &amp; Design by Pia Bergvall Lund\u00e9n\",\"publisher\":{\"@id\":\"https:\/\/originellaoriginal.se\/#organization\"},\"potentialAction\":[{\"@type\":\"SearchAction\",\"target\":{\"@type\":\"EntryPoint\",\"urlTemplate\":\"https:\/\/originellaoriginal.se\/?s={search_term_string}\"},\"query-input\":{\"@type\":\"PropertyValueSpecification\",\"valueRequired\":true,\"valueName\":\"search_term_string\"}}],\"inLanguage\":\"en-US\"},{\"@type\":\"Organization\",\"@id\":\"https:\/\/originellaoriginal.se\/#organization\",\"name\":\"ORIGINELLA ORIGINAL\u00ae\",\"url\":\"https:\/\/originellaoriginal.se\/\",\"logo\":{\"@type\":\"ImageObject\",\"inLanguage\":\"en-US\",\"@id\":\"https:\/\/originellaoriginal.se\/#\/schema\/logo\/image\/\",\"url\":\"https:\/\/originellaoriginal.se\/wp-content\/uploads\/2025\/08\/cropped-cropped-cropped-LOGO_OO_2020_Sign_frilagd-1.jpg\",\"contentUrl\":\"https:\/\/originellaoriginal.se\/wp-content\/uploads\/2025\/08\/cropped-cropped-cropped-LOGO_OO_2020_Sign_frilagd-1.jpg\",\"width\":468,\"height\":253,\"caption\":\"ORIGINELLA ORIGINAL\u00ae\"},\"image\":{\"@id\":\"https:\/\/originellaoriginal.se\/#\/schema\/logo\/image\/\"},\"sameAs\":[\"https:\/\/www.facebook.com\/Originella.Original\/\",\"https:\/\/www.instagram.com\/originella_original\/\",\"https:\/\/www.linkedin.com\/in\/pia-bergvall-lundn-4704585a?trk=hp-identity-name\"]}]}<\/script>\n<!-- \/ Yoast SEO plugin. -->","yoast_head_json":{"title":"Romance - Lindblomsgr\u00f6n\/rosa - ORIGINELLA ORIGINAL\u00ae","robots":{"index":"index","follow":"follow","max-snippet":"max-snippet:-1","max-image-preview":"max-image-preview:large","max-video-preview":"max-video-preview:-1"},"canonical":"https:\/\/originellaoriginal.se\/shop\/romance-lindblomsgron-rosa\/","og_locale":"en_US","og_type":"article","og_title":"Romance - Lindblomsgr\u00f6n\/rosa - ORIGINELLA ORIGINAL\u00ae","og_url":"https:\/\/originellaoriginal.se\/shop\/romance-lindblomsgron-rosa\/","og_site_name":"ORIGINELLA ORIGINAL\u00ae","article_publisher":"https:\/\/www.facebook.com\/Originella.Original\/","article_modified_time":"2025-08-18T08:58:36+00:00","og_image":[{"width":1020,"height":1020,"url":"https:\/\/originellaoriginal.se\/wp-content\/uploads\/2024\/01\/Romance_lindblomsgron_stor_web.png","type":"image\/png"}],"twitter_card":"summary_large_image","twitter_misc":{"Est. reading time":"1 minute"},"schema":{"@context":"https:\/\/schema.org","@graph":[{"@type":"WebPage","@id":"https:\/\/originellaoriginal.se\/shop\/romance-lindblomsgron-rosa\/","url":"https:\/\/originellaoriginal.se\/shop\/romance-lindblomsgron-rosa\/","name":"Romance - Lindblomsgr\u00f6n\/rosa - ORIGINELLA ORIGINAL\u00ae","isPartOf":{"@id":"https:\/\/originellaoriginal.se\/#website"},"primaryImageOfPage":{"@id":"https:\/\/originellaoriginal.se\/shop\/romance-lindblomsgron-rosa\/#primaryimage"},"image":{"@id":"https:\/\/originellaoriginal.se\/shop\/romance-lindblomsgron-rosa\/#primaryimage"},"thumbnailUrl":"https:\/\/originellaoriginal.se\/wp-content\/uploads\/2024\/01\/Romance_lindblomsgron_stor_web.png","datePublished":"2024-01-09T16:03:15+00:00","dateModified":"2025-08-18T08:58:36+00:00","description":"En romantisk tapetdr\u00f6m formgiven av Pia Bergvall Lund\u00e9n.","breadcrumb":{"@id":"https:\/\/originellaoriginal.se\/shop\/romance-lindblomsgron-rosa\/#breadcrumb"},"inLanguage":"en-US","potentialAction":[{"@type":"ReadAction","target":["https:\/\/originellaoriginal.se\/shop\/romance-lindblomsgron-rosa\/"]}]},{"@type":"ImageObject","inLanguage":"en-US","@id":"https:\/\/originellaoriginal.se\/shop\/romance-lindblomsgron-rosa\/#primaryimage","url":"https:\/\/originellaoriginal.se\/wp-content\/uploads\/2024\/01\/Romance_lindblomsgron_stor_web.png","contentUrl":"https:\/\/originellaoriginal.se\/wp-content\/uploads\/2024\/01\/Romance_lindblomsgron_stor_web.png","width":1020,"height":1020,"caption":"Tapet i romantisk stil"},{"@type":"BreadcrumbList","@id":"https:\/\/originellaoriginal.se\/shop\/romance-lindblomsgron-rosa\/#breadcrumb","itemListElement":[{"@type":"ListItem","position":1,"name":"Hem","item":"https:\/\/originellaoriginal.se\/"},{"@type":"ListItem","position":2,"name":"Originella Original Webshop","item":"https:\/\/originellaoriginal.se\/originella-original-webshop-heminredningsdetaljer\/"},{"@type":"ListItem","position":3,"name":"Romance &#8211; Lindblomsgr\u00f6n\/rosa"}]},{"@type":"WebSite","@id":"https:\/\/originellaoriginal.se\/#website","url":"https:\/\/originellaoriginal.se\/","name":"ORIGINELLA ORIGINAL\u00ae","description":"Art &amp; Design by Pia Bergvall Lund\u00e9n","publisher":{"@id":"https:\/\/originellaoriginal.se\/#organization"},"potentialAction":[{"@type":"SearchAction","target":{"@type":"EntryPoint","urlTemplate":"https:\/\/originellaoriginal.se\/?s={search_term_string}"},"query-input":{"@type":"PropertyValueSpecification","valueRequired":true,"valueName":"search_term_string"}}],"inLanguage":"en-US"},{"@type":"Organization","@id":"https:\/\/originellaoriginal.se\/#organization","name":"ORIGINELLA ORIGINAL\u00ae","url":"https:\/\/originellaoriginal.se\/","logo":{"@type":"ImageObject","inLanguage":"en-US","@id":"https:\/\/originellaoriginal.se\/#\/schema\/logo\/image\/","url":"https:\/\/originellaoriginal.se\/wp-content\/uploads\/2025\/08\/cropped-cropped-cropped-LOGO_OO_2020_Sign_frilagd-1.jpg","contentUrl":"https:\/\/originellaoriginal.se\/wp-content\/uploads\/2025\/08\/cropped-cropped-cropped-LOGO_OO_2020_Sign_frilagd-1.jpg","width":468,"height":253,"caption":"ORIGINELLA ORIGINAL\u00ae"},"image":{"@id":"https:\/\/originellaoriginal.se\/#\/schema\/logo\/image\/"},"sameAs":["https:\/\/www.facebook.com\/Originella.Original\/","https:\/\/www.instagram.com\/originella_original\/","https:\/\/www.linkedin.com\/in\/pia-bergvall-lundn-4704585a?trk=hp-identity-name"]}]}},"_links":{"self":[{"href":"https:\/\/originellaoriginal.se\/en\/wp-json\/wp\/v2\/product\/14042","targetHints":{"allow":["GET"]}}],"collection":[{"href":"https:\/\/originellaoriginal.se\/en\/wp-json\/wp\/v2\/product"}],"about":[{"href":"https:\/\/originellaoriginal.se\/en\/wp-json\/wp\/v2\/types\/product"}],"replies":[{"embeddable":true,"href":"https:\/\/originellaoriginal.se\/en\/wp-json\/wp\/v2\/comments?post=14042"}],"wp:featuredmedia":[{"embeddable":true,"href":"https:\/\/originellaoriginal.se\/en\/wp-json\/wp\/v2\/media\/14035"}],"wp:attachment":[{"href":"https:\/\/originellaoriginal.se\/en\/wp-json\/wp\/v2\/media?parent=14042"}],"wp:term":[{"taxonomy":"product_brand","embeddable":true,"href":"https:\/\/originellaoriginal.se\/en\/wp-json\/wp\/v2\/product_brand?post=14042"},{"taxonomy":"product_cat","embeddable":true,"href":"https:\/\/originellaoriginal.se\/en\/wp-json\/wp\/v2\/product_cat?post=14042"},{"taxonomy":"product_tag","embeddable":true,"href":"https:\/\/originellaoriginal.se\/en\/wp-json\/wp\/v2\/product_tag?post=14042"}],"curies":[{"name":"wp","href":"https:\/\/api.w.org\/{rel}","templated":true}]}}