{"id":13932,"date":"2023-11-23T11:30:42","date_gmt":"2023-11-23T10:30:42","guid":{"rendered":"https:\/\/originellaoriginal.se\/?post_type=product&#038;p=13932"},"modified":"2025-08-18T10:00:26","modified_gmt":"2025-08-18T09:00:26","slug":"en-sagolik-tapet","status":"publish","type":"product","link":"https:\/\/originellaoriginal.se\/en\/shop\/en-sagolik-tapet\/","title":{"rendered":"Leah &#8211; Blyerts"},"content":{"rendered":"<p>En Sagolik tapet till barnrummet &#8211; Leah. V\u00e4lkommen till en magisk v\u00e4rld av s\u00f6thet och lekfullhet med v\u00e5r exklusiva tapetdesign, Leah! Denna f\u00f6rtrollande tapet \u00e4r skapad f\u00f6r att omvandla ditt rum till en dr\u00f6mlik oas fylld med lek och gl\u00e4dje.<br \/>\nLeah-tapeten \u00e4r en sagolik tapet med illustrationer av s\u00f6ta gungh\u00e4star, mjuka nallar och skimrande stj\u00e4rnor \u00e4r formgiven av Pia Bergvall Lund\u00e9n. Varje detalj har noggrant utformats f\u00f6r att skapa en mjuk och behaglig atmosf\u00e4r.<\/p>\n<p><strong>Material och Kvalitet:<\/strong> Vi str\u00e4var efter att erbjuda inte bara en fantastisk design utan \u00e4ven en tapet av h\u00f6gsta kvalitet. V\u00e5ra tapeter \u00e4r tillverkade av h\u00e5llbara material och tryckta med precision f\u00f6r att s\u00e4kerst\u00e4lla klarhet och f\u00e4rgstyrka. &#8220;Leah&#8221; \u00e4r inte bara en dekorativ yta utan ett konstverk som kommer att lysa upp ditt rum i m\u00e5nga \u00e5r fram\u00f6ver.<\/p>\n<p>Alla v\u00e5ra tapeter \u00e4r av h\u00f6gkvalitativt, robust non-woven material med en matt finish som \u00e4r rep- och vattenbest\u00e4ndig, vilket f\u00f6rb\u00e4ttrar b\u00e5de dess estetik och h\u00e5llbarhet. <a href=\"https:\/\/originellaoriginal.se\/produkt\/tapeter\/\">https:\/\/originellaoriginal.se\/produkt\/tapeter\/<\/a><\/p>\n<p>P\u00e5 Instagram l\u00e4gger vi bl.a ut inspirationsbilder och nyheter <a href=\"https:\/\/www.instagram.com\/originella_original\/\">https:\/\/www.instagram.com\/originella_original\/<\/a><\/p>\n<p>&nbsp;<\/p>\n","protected":false},"excerpt":{"rendered":"<p>Leah &#8211; Tapet till barnrummet<\/p>\n<p>Bredd: 50 cm<br \/>\nL\u00e4ngd p\u00e5 rulle: 10,05 meter<br \/>\nM\u00f6nsterpassning<\/p>\n<p>Formgivare: Pia Bergvall Lund\u00e9n<\/p>\n","protected":false},"featured_media":13935,"comment_status":"closed","ping_status":"closed","template":"","meta":[],"product_brand":[],"product_cat":[363,388,366],"product_tag":[],"class_list":{"0":"post-13932","1":"product","2":"type-product","3":"status-publish","4":"has-post-thumbnail","6":"product_cat-barnrum","7":"product_cat-grona-toner","8":"product_cat-tapeter","10":"first","11":"instock","12":"taxable","13":"shipping-taxable","14":"purchasable","15":"product-type-simple","16":"customify-col","17":"product-has-gallery"},"translation":{"provider":"WPGlobus","version":"3.0.1","language":"en","enabled_languages":["sv","en","undefined"],"languages":{"sv":{"title":true,"content":true,"excerpt":true},"en":{"title":false,"content":false,"excerpt":false},"undefined":{"title":false,"content":false,"excerpt":false}}},"yoast_head":"<!-- This site is optimized with the Yoast SEO plugin v26.6 - https:\/\/yoast.com\/wordpress\/plugins\/seo\/ -->\n<title>En sagolik tapet Tapeter Leah<\/title>\n<meta name=\"robots\" content=\"index, follow, max-snippet:-1, max-image-preview:large, max-video-preview:-1\" \/>\n<link rel=\"canonical\" href=\"https:\/\/originellaoriginal.se\/shop\/en-sagolik-tapet\/\" \/>\n<meta property=\"og:locale\" content=\"en_US\" \/>\n<meta property=\"og:type\" content=\"article\" \/>\n<meta property=\"og:title\" content=\"Leah - Blyerts - ORIGINELLA ORIGINAL\u00ae\" \/>\n<meta property=\"og:url\" content=\"https:\/\/originellaoriginal.se\/shop\/en-sagolik-tapet\/\" \/>\n<meta property=\"og:site_name\" content=\"ORIGINELLA ORIGINAL\u00ae\" \/>\n<meta property=\"article:publisher\" content=\"https:\/\/www.facebook.com\/Originella.Original\/\" \/>\n<meta property=\"article:modified_time\" content=\"2025-08-18T09:00:26+00:00\" \/>\n<meta property=\"og:image\" content=\"https:\/\/originellaoriginal.se\/wp-content\/uploads\/2023\/11\/Leah_blyerts_interior2.jpg\" \/>\n\t<meta property=\"og:image:width\" content=\"1020\" \/>\n\t<meta property=\"og:image:height\" content=\"1020\" \/>\n\t<meta property=\"og:image:type\" content=\"image\/jpeg\" \/>\n<meta name=\"twitter:card\" content=\"summary_large_image\" \/>\n<meta name=\"twitter:label1\" content=\"Est. reading time\" \/>\n\t<meta name=\"twitter:data1\" content=\"2 minutes\" \/>\n<script type=\"application\/ld+json\" class=\"yoast-schema-graph\">{\"@context\":\"https:\/\/schema.org\",\"@graph\":[{\"@type\":\"WebPage\",\"@id\":\"https:\/\/originellaoriginal.se\/shop\/en-sagolik-tapet\/\",\"url\":\"https:\/\/originellaoriginal.se\/shop\/en-sagolik-tapet\/\",\"name\":\"En sagolik tapet Tapeter Leah\",\"isPartOf\":{\"@id\":\"https:\/\/originellaoriginal.se\/#website\"},\"primaryImageOfPage\":{\"@id\":\"https:\/\/originellaoriginal.se\/shop\/en-sagolik-tapet\/#primaryimage\"},\"image\":{\"@id\":\"https:\/\/originellaoriginal.se\/shop\/en-sagolik-tapet\/#primaryimage\"},\"thumbnailUrl\":\"https:\/\/originellaoriginal.se\/wp-content\/uploads\/2023\/11\/Leah_blyerts_interior2.jpg\",\"datePublished\":\"2023-11-23T10:30:42+00:00\",\"dateModified\":\"2025-08-18T09:00:26+00:00\",\"description\":\"Leah \u00e4r en ljuvlig och sagolik tapet till barnrummet eller lekrummet med s\u00f6ta gungh\u00e4star, nallar och stj\u00e4rnor. Tapeten \u00e4r Formgiven av Pia Bergvall Lund\u00e9n\",\"breadcrumb\":{\"@id\":\"https:\/\/originellaoriginal.se\/shop\/en-sagolik-tapet\/#breadcrumb\"},\"inLanguage\":\"en-US\",\"potentialAction\":[{\"@type\":\"ReadAction\",\"target\":[\"https:\/\/originellaoriginal.se\/shop\/en-sagolik-tapet\/\"]}]},{\"@type\":\"ImageObject\",\"inLanguage\":\"en-US\",\"@id\":\"https:\/\/originellaoriginal.se\/shop\/en-sagolik-tapet\/#primaryimage\",\"url\":\"https:\/\/originellaoriginal.se\/wp-content\/uploads\/2023\/11\/Leah_blyerts_interior2.jpg\",\"contentUrl\":\"https:\/\/originellaoriginal.se\/wp-content\/uploads\/2023\/11\/Leah_blyerts_interior2.jpg\",\"width\":1020,\"height\":1020,\"caption\":\"En sagolik tapet\"},{\"@type\":\"BreadcrumbList\",\"@id\":\"https:\/\/originellaoriginal.se\/shop\/en-sagolik-tapet\/#breadcrumb\",\"itemListElement\":[{\"@type\":\"ListItem\",\"position\":1,\"name\":\"Hem\",\"item\":\"https:\/\/originellaoriginal.se\/\"},{\"@type\":\"ListItem\",\"position\":2,\"name\":\"Originella Original Webshop\",\"item\":\"https:\/\/originellaoriginal.se\/originella-original-webshop-heminredningsdetaljer\/\"},{\"@type\":\"ListItem\",\"position\":3,\"name\":\"Leah &#8211; Blyerts\"}]},{\"@type\":\"WebSite\",\"@id\":\"https:\/\/originellaoriginal.se\/#website\",\"url\":\"https:\/\/originellaoriginal.se\/\",\"name\":\"ORIGINELLA ORIGINAL\u00ae\",\"description\":\"Art &amp; Design by Pia Bergvall Lund\u00e9n\",\"publisher\":{\"@id\":\"https:\/\/originellaoriginal.se\/#organization\"},\"potentialAction\":[{\"@type\":\"SearchAction\",\"target\":{\"@type\":\"EntryPoint\",\"urlTemplate\":\"https:\/\/originellaoriginal.se\/?s={search_term_string}\"},\"query-input\":{\"@type\":\"PropertyValueSpecification\",\"valueRequired\":true,\"valueName\":\"search_term_string\"}}],\"inLanguage\":\"en-US\"},{\"@type\":\"Organization\",\"@id\":\"https:\/\/originellaoriginal.se\/#organization\",\"name\":\"ORIGINELLA ORIGINAL\u00ae\",\"url\":\"https:\/\/originellaoriginal.se\/\",\"logo\":{\"@type\":\"ImageObject\",\"inLanguage\":\"en-US\",\"@id\":\"https:\/\/originellaoriginal.se\/#\/schema\/logo\/image\/\",\"url\":\"https:\/\/originellaoriginal.se\/wp-content\/uploads\/2025\/08\/cropped-cropped-cropped-LOGO_OO_2020_Sign_frilagd-1.jpg\",\"contentUrl\":\"https:\/\/originellaoriginal.se\/wp-content\/uploads\/2025\/08\/cropped-cropped-cropped-LOGO_OO_2020_Sign_frilagd-1.jpg\",\"width\":468,\"height\":253,\"caption\":\"ORIGINELLA ORIGINAL\u00ae\"},\"image\":{\"@id\":\"https:\/\/originellaoriginal.se\/#\/schema\/logo\/image\/\"},\"sameAs\":[\"https:\/\/www.facebook.com\/Originella.Original\/\",\"https:\/\/www.instagram.com\/originella_original\/\",\"https:\/\/www.linkedin.com\/in\/pia-bergvall-lundn-4704585a?trk=hp-identity-name\"]}]}<\/script>\n<!-- \/ Yoast SEO plugin. -->","yoast_head_json":{"title":"En sagolik tapet Tapeter Leah","robots":{"index":"index","follow":"follow","max-snippet":"max-snippet:-1","max-image-preview":"max-image-preview:large","max-video-preview":"max-video-preview:-1"},"canonical":"https:\/\/originellaoriginal.se\/shop\/en-sagolik-tapet\/","og_locale":"en_US","og_type":"article","og_title":"Leah - Blyerts - ORIGINELLA ORIGINAL\u00ae","og_url":"https:\/\/originellaoriginal.se\/shop\/en-sagolik-tapet\/","og_site_name":"ORIGINELLA ORIGINAL\u00ae","article_publisher":"https:\/\/www.facebook.com\/Originella.Original\/","article_modified_time":"2025-08-18T09:00:26+00:00","og_image":[{"width":1020,"height":1020,"url":"https:\/\/originellaoriginal.se\/wp-content\/uploads\/2023\/11\/Leah_blyerts_interior2.jpg","type":"image\/jpeg"}],"twitter_card":"summary_large_image","twitter_misc":{"Est. reading time":"2 minutes"},"schema":{"@context":"https:\/\/schema.org","@graph":[{"@type":"WebPage","@id":"https:\/\/originellaoriginal.se\/shop\/en-sagolik-tapet\/","url":"https:\/\/originellaoriginal.se\/shop\/en-sagolik-tapet\/","name":"En sagolik tapet Tapeter Leah","isPartOf":{"@id":"https:\/\/originellaoriginal.se\/#website"},"primaryImageOfPage":{"@id":"https:\/\/originellaoriginal.se\/shop\/en-sagolik-tapet\/#primaryimage"},"image":{"@id":"https:\/\/originellaoriginal.se\/shop\/en-sagolik-tapet\/#primaryimage"},"thumbnailUrl":"https:\/\/originellaoriginal.se\/wp-content\/uploads\/2023\/11\/Leah_blyerts_interior2.jpg","datePublished":"2023-11-23T10:30:42+00:00","dateModified":"2025-08-18T09:00:26+00:00","description":"Leah \u00e4r en ljuvlig och sagolik tapet till barnrummet eller lekrummet med s\u00f6ta gungh\u00e4star, nallar och stj\u00e4rnor. Tapeten \u00e4r Formgiven av Pia Bergvall Lund\u00e9n","breadcrumb":{"@id":"https:\/\/originellaoriginal.se\/shop\/en-sagolik-tapet\/#breadcrumb"},"inLanguage":"en-US","potentialAction":[{"@type":"ReadAction","target":["https:\/\/originellaoriginal.se\/shop\/en-sagolik-tapet\/"]}]},{"@type":"ImageObject","inLanguage":"en-US","@id":"https:\/\/originellaoriginal.se\/shop\/en-sagolik-tapet\/#primaryimage","url":"https:\/\/originellaoriginal.se\/wp-content\/uploads\/2023\/11\/Leah_blyerts_interior2.jpg","contentUrl":"https:\/\/originellaoriginal.se\/wp-content\/uploads\/2023\/11\/Leah_blyerts_interior2.jpg","width":1020,"height":1020,"caption":"En sagolik tapet"},{"@type":"BreadcrumbList","@id":"https:\/\/originellaoriginal.se\/shop\/en-sagolik-tapet\/#breadcrumb","itemListElement":[{"@type":"ListItem","position":1,"name":"Hem","item":"https:\/\/originellaoriginal.se\/"},{"@type":"ListItem","position":2,"name":"Originella Original Webshop","item":"https:\/\/originellaoriginal.se\/originella-original-webshop-heminredningsdetaljer\/"},{"@type":"ListItem","position":3,"name":"Leah &#8211; Blyerts"}]},{"@type":"WebSite","@id":"https:\/\/originellaoriginal.se\/#website","url":"https:\/\/originellaoriginal.se\/","name":"ORIGINELLA ORIGINAL\u00ae","description":"Art &amp; Design by Pia Bergvall Lund\u00e9n","publisher":{"@id":"https:\/\/originellaoriginal.se\/#organization"},"potentialAction":[{"@type":"SearchAction","target":{"@type":"EntryPoint","urlTemplate":"https:\/\/originellaoriginal.se\/?s={search_term_string}"},"query-input":{"@type":"PropertyValueSpecification","valueRequired":true,"valueName":"search_term_string"}}],"inLanguage":"en-US"},{"@type":"Organization","@id":"https:\/\/originellaoriginal.se\/#organization","name":"ORIGINELLA ORIGINAL\u00ae","url":"https:\/\/originellaoriginal.se\/","logo":{"@type":"ImageObject","inLanguage":"en-US","@id":"https:\/\/originellaoriginal.se\/#\/schema\/logo\/image\/","url":"https:\/\/originellaoriginal.se\/wp-content\/uploads\/2025\/08\/cropped-cropped-cropped-LOGO_OO_2020_Sign_frilagd-1.jpg","contentUrl":"https:\/\/originellaoriginal.se\/wp-content\/uploads\/2025\/08\/cropped-cropped-cropped-LOGO_OO_2020_Sign_frilagd-1.jpg","width":468,"height":253,"caption":"ORIGINELLA ORIGINAL\u00ae"},"image":{"@id":"https:\/\/originellaoriginal.se\/#\/schema\/logo\/image\/"},"sameAs":["https:\/\/www.facebook.com\/Originella.Original\/","https:\/\/www.instagram.com\/originella_original\/","https:\/\/www.linkedin.com\/in\/pia-bergvall-lundn-4704585a?trk=hp-identity-name"]}]}},"_links":{"self":[{"href":"https:\/\/originellaoriginal.se\/en\/wp-json\/wp\/v2\/product\/13932","targetHints":{"allow":["GET"]}}],"collection":[{"href":"https:\/\/originellaoriginal.se\/en\/wp-json\/wp\/v2\/product"}],"about":[{"href":"https:\/\/originellaoriginal.se\/en\/wp-json\/wp\/v2\/types\/product"}],"replies":[{"embeddable":true,"href":"https:\/\/originellaoriginal.se\/en\/wp-json\/wp\/v2\/comments?post=13932"}],"wp:featuredmedia":[{"embeddable":true,"href":"https:\/\/originellaoriginal.se\/en\/wp-json\/wp\/v2\/media\/13935"}],"wp:attachment":[{"href":"https:\/\/originellaoriginal.se\/en\/wp-json\/wp\/v2\/media?parent=13932"}],"wp:term":[{"taxonomy":"product_brand","embeddable":true,"href":"https:\/\/originellaoriginal.se\/en\/wp-json\/wp\/v2\/product_brand?post=13932"},{"taxonomy":"product_cat","embeddable":true,"href":"https:\/\/originellaoriginal.se\/en\/wp-json\/wp\/v2\/product_cat?post=13932"},{"taxonomy":"product_tag","embeddable":true,"href":"https:\/\/originellaoriginal.se\/en\/wp-json\/wp\/v2\/product_tag?post=13932"}],"curies":[{"name":"wp","href":"https:\/\/api.w.org\/{rel}","templated":true}]}}