{"id":13089,"date":"2023-09-19T14:40:34","date_gmt":"2023-09-19T14:40:34","guid":{"rendered":"https:\/\/originellaoriginal.se\/?post_type=product&#038;p=13089"},"modified":"2025-08-18T10:04:43","modified_gmt":"2025-08-18T09:04:43","slug":"careless-whisper-bla-kopia","status":"publish","type":"product","link":"https:\/\/originellaoriginal.se\/en\/shop\/careless-whisper-bla-kopia\/","title":{"rendered":"Careless Whisper &#8211; bl\u00e5 vitt"},"content":{"rendered":"<p>I denna f\u00f6rtjusande tapet fl\u00e4tas grenarna samman och skapar ett harmoniskt och lugnande m\u00f6nster som utstr\u00e5lar en k\u00e4nsla av balans och harmoni. N\u00e4r du tittar p\u00e5 den h\u00e4r tapeten kan du n\u00e4stan h\u00f6ra det milda prasslet av l\u00f6v i en mjuk bris och h\u00f6ra de f\u00f6rsiktiga viskningarna i vinden.<\/p>\n<p>Tapeten \u00e4r Formgiven av Pia Bergvall Lund\u00e9n, Studio Pibelu<\/p>\n<p id=\"tw-target-text\" class=\"tw-data-text tw-text-large tw-ta\" dir=\"ltr\" data-placeholder=\"\u00d6vers\u00e4ttning\"><span class=\"Y2IQFc\" lang=\"sv\">V\u00e5r non-woven tapet \u00e4r tillverkad av h\u00f6gkvalitativt, robust non-woven material med en matt finish som \u00e4r rep- och vattenbest\u00e4ndig, vilket f\u00f6rb\u00e4ttrar b\u00e5de dess estetik och h\u00e5llbarhet.<\/span><\/p>\n","protected":false},"excerpt":{"rendered":"<p>Bredd: 0,5 m<br \/>\nH\u00f6jd: 10,05 m<br \/>\nFormgivare: Pia Bergvall Lund\u00e9n, Studio Pibelu<\/p>\n<p>M\u00f6nsterpassning<\/p>\n<p>&nbsp;<\/p>\n","protected":false},"featured_media":13072,"comment_status":"closed","ping_status":"closed","template":"","meta":[],"product_brand":[],"product_cat":[387,365,366],"product_tag":[],"class_list":{"0":"post-13089","1":"product","2":"type-product","3":"status-publish","4":"has-post-thumbnail","6":"product_cat-blatt","7":"product_cat-smamonstrade-tapeter","8":"product_cat-tapeter","10":"first","11":"instock","12":"taxable","13":"shipping-taxable","14":"purchasable","15":"product-type-simple","16":"customify-col","17":"product-has-gallery"},"translation":{"provider":"WPGlobus","version":"3.0.1","language":"en","enabled_languages":["sv","en","undefined"],"languages":{"sv":{"title":true,"content":true,"excerpt":true},"en":{"title":false,"content":false,"excerpt":false},"undefined":{"title":false,"content":false,"excerpt":false}}},"yoast_head":"<!-- This site is optimized with the Yoast SEO plugin v26.6 - https:\/\/yoast.com\/wordpress\/plugins\/seo\/ -->\n<title>Careless Whisper - bl\u00e5 vitt - ORIGINELLA ORIGINAL\u00ae<\/title>\n<meta name=\"robots\" content=\"index, follow, max-snippet:-1, max-image-preview:large, max-video-preview:-1\" \/>\n<link rel=\"canonical\" href=\"https:\/\/originellaoriginal.se\/shop\/careless-whisper-bla-kopia\/\" \/>\n<meta property=\"og:locale\" content=\"en_US\" \/>\n<meta property=\"og:type\" content=\"article\" \/>\n<meta property=\"og:title\" content=\"Careless Whisper - bl\u00e5 vitt - ORIGINELLA ORIGINAL\u00ae\" \/>\n<meta property=\"og:url\" content=\"https:\/\/originellaoriginal.se\/shop\/careless-whisper-bla-kopia\/\" \/>\n<meta property=\"og:site_name\" content=\"ORIGINELLA ORIGINAL\u00ae\" \/>\n<meta property=\"article:publisher\" content=\"https:\/\/www.facebook.com\/Originella.Original\/\" \/>\n<meta property=\"article:modified_time\" content=\"2025-08-18T09:04:43+00:00\" \/>\n<meta property=\"og:image\" content=\"https:\/\/originellaoriginal.se\/wp-content\/uploads\/2023\/09\/Careless-Whisper_bla-vit_Interior1.png\" \/>\n\t<meta property=\"og:image:width\" content=\"1020\" \/>\n\t<meta property=\"og:image:height\" content=\"1020\" \/>\n\t<meta property=\"og:image:type\" content=\"image\/png\" \/>\n<meta name=\"twitter:card\" content=\"summary_large_image\" \/>\n<meta name=\"twitter:label1\" content=\"Est. reading time\" \/>\n\t<meta name=\"twitter:data1\" content=\"1 minute\" \/>\n<script type=\"application\/ld+json\" class=\"yoast-schema-graph\">{\"@context\":\"https:\/\/schema.org\",\"@graph\":[{\"@type\":\"WebPage\",\"@id\":\"https:\/\/originellaoriginal.se\/shop\/careless-whisper-bla-kopia\/\",\"url\":\"https:\/\/originellaoriginal.se\/shop\/careless-whisper-bla-kopia\/\",\"name\":\"Careless Whisper - bl\u00e5 vitt - ORIGINELLA ORIGINAL\u00ae\",\"isPartOf\":{\"@id\":\"https:\/\/originellaoriginal.se\/#website\"},\"primaryImageOfPage\":{\"@id\":\"https:\/\/originellaoriginal.se\/shop\/careless-whisper-bla-kopia\/#primaryimage\"},\"image\":{\"@id\":\"https:\/\/originellaoriginal.se\/shop\/careless-whisper-bla-kopia\/#primaryimage\"},\"thumbnailUrl\":\"https:\/\/originellaoriginal.se\/wp-content\/uploads\/2023\/09\/Careless-Whisper_bla-vit_Interior1.png\",\"datePublished\":\"2023-09-19T14:40:34+00:00\",\"dateModified\":\"2025-08-18T09:04:43+00:00\",\"description\":\"Man kan n\u00e4stan h\u00f6ra l\u00f6vprasslet och de f\u00f6rsiktiga viskningarna i vinden n\u00e4r man tittar p\u00e5 den h\u00e4r tapeten.\u00a0Formgiven av Pia Bergvall Lund\u00e9n, Studio Pibelu\",\"breadcrumb\":{\"@id\":\"https:\/\/originellaoriginal.se\/shop\/careless-whisper-bla-kopia\/#breadcrumb\"},\"inLanguage\":\"en-US\",\"potentialAction\":[{\"@type\":\"ReadAction\",\"target\":[\"https:\/\/originellaoriginal.se\/shop\/careless-whisper-bla-kopia\/\"]}]},{\"@type\":\"ImageObject\",\"inLanguage\":\"en-US\",\"@id\":\"https:\/\/originellaoriginal.se\/shop\/careless-whisper-bla-kopia\/#primaryimage\",\"url\":\"https:\/\/originellaoriginal.se\/wp-content\/uploads\/2023\/09\/Careless-Whisper_bla-vit_Interior1.png\",\"contentUrl\":\"https:\/\/originellaoriginal.se\/wp-content\/uploads\/2023\/09\/Careless-Whisper_bla-vit_Interior1.png\",\"width\":1020,\"height\":1020,\"caption\":\"Tapet i bl\u00e5tt och vitt\"},{\"@type\":\"BreadcrumbList\",\"@id\":\"https:\/\/originellaoriginal.se\/shop\/careless-whisper-bla-kopia\/#breadcrumb\",\"itemListElement\":[{\"@type\":\"ListItem\",\"position\":1,\"name\":\"Hem\",\"item\":\"https:\/\/originellaoriginal.se\/\"},{\"@type\":\"ListItem\",\"position\":2,\"name\":\"Originella Original Webshop\",\"item\":\"https:\/\/originellaoriginal.se\/originella-original-webshop-heminredningsdetaljer\/\"},{\"@type\":\"ListItem\",\"position\":3,\"name\":\"Careless Whisper &#8211; bl\u00e5 vitt\"}]},{\"@type\":\"WebSite\",\"@id\":\"https:\/\/originellaoriginal.se\/#website\",\"url\":\"https:\/\/originellaoriginal.se\/\",\"name\":\"ORIGINELLA ORIGINAL\u00ae\",\"description\":\"Art &amp; Design by Pia Bergvall Lund\u00e9n\",\"publisher\":{\"@id\":\"https:\/\/originellaoriginal.se\/#organization\"},\"potentialAction\":[{\"@type\":\"SearchAction\",\"target\":{\"@type\":\"EntryPoint\",\"urlTemplate\":\"https:\/\/originellaoriginal.se\/?s={search_term_string}\"},\"query-input\":{\"@type\":\"PropertyValueSpecification\",\"valueRequired\":true,\"valueName\":\"search_term_string\"}}],\"inLanguage\":\"en-US\"},{\"@type\":\"Organization\",\"@id\":\"https:\/\/originellaoriginal.se\/#organization\",\"name\":\"ORIGINELLA ORIGINAL\u00ae\",\"url\":\"https:\/\/originellaoriginal.se\/\",\"logo\":{\"@type\":\"ImageObject\",\"inLanguage\":\"en-US\",\"@id\":\"https:\/\/originellaoriginal.se\/#\/schema\/logo\/image\/\",\"url\":\"https:\/\/originellaoriginal.se\/wp-content\/uploads\/2025\/08\/cropped-cropped-cropped-LOGO_OO_2020_Sign_frilagd-1.jpg\",\"contentUrl\":\"https:\/\/originellaoriginal.se\/wp-content\/uploads\/2025\/08\/cropped-cropped-cropped-LOGO_OO_2020_Sign_frilagd-1.jpg\",\"width\":468,\"height\":253,\"caption\":\"ORIGINELLA ORIGINAL\u00ae\"},\"image\":{\"@id\":\"https:\/\/originellaoriginal.se\/#\/schema\/logo\/image\/\"},\"sameAs\":[\"https:\/\/www.facebook.com\/Originella.Original\/\",\"https:\/\/www.instagram.com\/originella_original\/\",\"https:\/\/www.linkedin.com\/in\/pia-bergvall-lundn-4704585a?trk=hp-identity-name\"]}]}<\/script>\n<!-- \/ Yoast SEO plugin. -->","yoast_head_json":{"title":"Careless Whisper - bl\u00e5 vitt - ORIGINELLA ORIGINAL\u00ae","robots":{"index":"index","follow":"follow","max-snippet":"max-snippet:-1","max-image-preview":"max-image-preview:large","max-video-preview":"max-video-preview:-1"},"canonical":"https:\/\/originellaoriginal.se\/shop\/careless-whisper-bla-kopia\/","og_locale":"en_US","og_type":"article","og_title":"Careless Whisper - bl\u00e5 vitt - ORIGINELLA ORIGINAL\u00ae","og_url":"https:\/\/originellaoriginal.se\/shop\/careless-whisper-bla-kopia\/","og_site_name":"ORIGINELLA ORIGINAL\u00ae","article_publisher":"https:\/\/www.facebook.com\/Originella.Original\/","article_modified_time":"2025-08-18T09:04:43+00:00","og_image":[{"width":1020,"height":1020,"url":"https:\/\/originellaoriginal.se\/wp-content\/uploads\/2023\/09\/Careless-Whisper_bla-vit_Interior1.png","type":"image\/png"}],"twitter_card":"summary_large_image","twitter_misc":{"Est. reading time":"1 minute"},"schema":{"@context":"https:\/\/schema.org","@graph":[{"@type":"WebPage","@id":"https:\/\/originellaoriginal.se\/shop\/careless-whisper-bla-kopia\/","url":"https:\/\/originellaoriginal.se\/shop\/careless-whisper-bla-kopia\/","name":"Careless Whisper - bl\u00e5 vitt - ORIGINELLA ORIGINAL\u00ae","isPartOf":{"@id":"https:\/\/originellaoriginal.se\/#website"},"primaryImageOfPage":{"@id":"https:\/\/originellaoriginal.se\/shop\/careless-whisper-bla-kopia\/#primaryimage"},"image":{"@id":"https:\/\/originellaoriginal.se\/shop\/careless-whisper-bla-kopia\/#primaryimage"},"thumbnailUrl":"https:\/\/originellaoriginal.se\/wp-content\/uploads\/2023\/09\/Careless-Whisper_bla-vit_Interior1.png","datePublished":"2023-09-19T14:40:34+00:00","dateModified":"2025-08-18T09:04:43+00:00","description":"Man kan n\u00e4stan h\u00f6ra l\u00f6vprasslet och de f\u00f6rsiktiga viskningarna i vinden n\u00e4r man tittar p\u00e5 den h\u00e4r tapeten.\u00a0Formgiven av Pia Bergvall Lund\u00e9n, Studio Pibelu","breadcrumb":{"@id":"https:\/\/originellaoriginal.se\/shop\/careless-whisper-bla-kopia\/#breadcrumb"},"inLanguage":"en-US","potentialAction":[{"@type":"ReadAction","target":["https:\/\/originellaoriginal.se\/shop\/careless-whisper-bla-kopia\/"]}]},{"@type":"ImageObject","inLanguage":"en-US","@id":"https:\/\/originellaoriginal.se\/shop\/careless-whisper-bla-kopia\/#primaryimage","url":"https:\/\/originellaoriginal.se\/wp-content\/uploads\/2023\/09\/Careless-Whisper_bla-vit_Interior1.png","contentUrl":"https:\/\/originellaoriginal.se\/wp-content\/uploads\/2023\/09\/Careless-Whisper_bla-vit_Interior1.png","width":1020,"height":1020,"caption":"Tapet i bl\u00e5tt och vitt"},{"@type":"BreadcrumbList","@id":"https:\/\/originellaoriginal.se\/shop\/careless-whisper-bla-kopia\/#breadcrumb","itemListElement":[{"@type":"ListItem","position":1,"name":"Hem","item":"https:\/\/originellaoriginal.se\/"},{"@type":"ListItem","position":2,"name":"Originella Original Webshop","item":"https:\/\/originellaoriginal.se\/originella-original-webshop-heminredningsdetaljer\/"},{"@type":"ListItem","position":3,"name":"Careless Whisper &#8211; bl\u00e5 vitt"}]},{"@type":"WebSite","@id":"https:\/\/originellaoriginal.se\/#website","url":"https:\/\/originellaoriginal.se\/","name":"ORIGINELLA ORIGINAL\u00ae","description":"Art &amp; Design by Pia Bergvall Lund\u00e9n","publisher":{"@id":"https:\/\/originellaoriginal.se\/#organization"},"potentialAction":[{"@type":"SearchAction","target":{"@type":"EntryPoint","urlTemplate":"https:\/\/originellaoriginal.se\/?s={search_term_string}"},"query-input":{"@type":"PropertyValueSpecification","valueRequired":true,"valueName":"search_term_string"}}],"inLanguage":"en-US"},{"@type":"Organization","@id":"https:\/\/originellaoriginal.se\/#organization","name":"ORIGINELLA ORIGINAL\u00ae","url":"https:\/\/originellaoriginal.se\/","logo":{"@type":"ImageObject","inLanguage":"en-US","@id":"https:\/\/originellaoriginal.se\/#\/schema\/logo\/image\/","url":"https:\/\/originellaoriginal.se\/wp-content\/uploads\/2025\/08\/cropped-cropped-cropped-LOGO_OO_2020_Sign_frilagd-1.jpg","contentUrl":"https:\/\/originellaoriginal.se\/wp-content\/uploads\/2025\/08\/cropped-cropped-cropped-LOGO_OO_2020_Sign_frilagd-1.jpg","width":468,"height":253,"caption":"ORIGINELLA ORIGINAL\u00ae"},"image":{"@id":"https:\/\/originellaoriginal.se\/#\/schema\/logo\/image\/"},"sameAs":["https:\/\/www.facebook.com\/Originella.Original\/","https:\/\/www.instagram.com\/originella_original\/","https:\/\/www.linkedin.com\/in\/pia-bergvall-lundn-4704585a?trk=hp-identity-name"]}]}},"_links":{"self":[{"href":"https:\/\/originellaoriginal.se\/en\/wp-json\/wp\/v2\/product\/13089","targetHints":{"allow":["GET"]}}],"collection":[{"href":"https:\/\/originellaoriginal.se\/en\/wp-json\/wp\/v2\/product"}],"about":[{"href":"https:\/\/originellaoriginal.se\/en\/wp-json\/wp\/v2\/types\/product"}],"replies":[{"embeddable":true,"href":"https:\/\/originellaoriginal.se\/en\/wp-json\/wp\/v2\/comments?post=13089"}],"wp:featuredmedia":[{"embeddable":true,"href":"https:\/\/originellaoriginal.se\/en\/wp-json\/wp\/v2\/media\/13072"}],"wp:attachment":[{"href":"https:\/\/originellaoriginal.se\/en\/wp-json\/wp\/v2\/media?parent=13089"}],"wp:term":[{"taxonomy":"product_brand","embeddable":true,"href":"https:\/\/originellaoriginal.se\/en\/wp-json\/wp\/v2\/product_brand?post=13089"},{"taxonomy":"product_cat","embeddable":true,"href":"https:\/\/originellaoriginal.se\/en\/wp-json\/wp\/v2\/product_cat?post=13089"},{"taxonomy":"product_tag","embeddable":true,"href":"https:\/\/originellaoriginal.se\/en\/wp-json\/wp\/v2\/product_tag?post=13089"}],"curies":[{"name":"wp","href":"https:\/\/api.w.org\/{rel}","templated":true}]}}