{"id":12471,"date":"2023-05-24T16:12:53","date_gmt":"2023-05-24T16:12:53","guid":{"rendered":"https:\/\/originellaoriginal.se\/?post_type=product&#038;p=12471"},"modified":"2025-08-19T08:30:59","modified_gmt":"2025-08-19T07:30:59","slug":"glasunderlagg-vallmo","status":"publish","type":"product","link":"https:\/\/originellaoriginal.se\/en\/shop\/glasunderlagg-vallmo\/","title":{"rendered":"Glasunderl\u00e4gg Vallmo styckpris"},"content":{"rendered":"<p>Glasunderl\u00e4gg Vallmo fr\u00e5n Originella Original. Den vackra minibrickan har m\u00e5nga anv\u00e4ndningsomr\u00e5den s\u00e5som f\u00f6rutom glasunderl\u00e4gg, \u00e4ven passar att l\u00e4gga smycken p\u00e5, eller servera praliner p\u00e5 till kaffet. En mycket uppskattad present som f\u00f6rgyller dukningen. V\u00e5ra glasunderl\u00e4gg tillverkas i Sverige av formpressad FSc-certifierad bj\u00f6rkfan\u00e9r.<br \/>\nMotivet \u00e4r illustrerat av Pia Bergvall Lund\u00e9n, hj\u00e4rtat bakom Originella Original<\/p>\n","protected":false},"excerpt":{"rendered":"<p>Vackert glasunderl\u00e4gg<br \/>\nFormgivare: Pia Bergvall Lund\u00e9n<br \/>\nVarum\u00e4rke: Originella Original<\/p>\n<p>Glasunderl\u00e4gg med kant (minibricka) som passar som glasunderl\u00e4gg, att l\u00e4gga smycken p\u00e5, till tep\u00e5sen, till chokladpralinen.<br \/>\nT\u00e5l maskindisk.<br \/>\nMade in Sweden<\/p>\n","protected":false},"featured_media":12472,"comment_status":"closed","ping_status":"closed","template":"","meta":[],"product_brand":[],"product_cat":[384],"product_tag":[],"class_list":{"0":"post-12471","1":"product","2":"type-product","3":"status-publish","4":"has-post-thumbnail","6":"product_cat-rundabrickor","8":"first","9":"instock","10":"sale","11":"taxable","12":"shipping-taxable","13":"purchasable","14":"product-type-simple","15":"customify-col","16":"product-has-gallery"},"translation":{"provider":"WPGlobus","version":"3.0.1","language":"en","enabled_languages":["sv","en","undefined"],"languages":{"sv":{"title":true,"content":true,"excerpt":true},"en":{"title":false,"content":false,"excerpt":false},"undefined":{"title":false,"content":false,"excerpt":false}}},"yoast_head":"<!-- This site is optimized with the Yoast SEO plugin v26.6 - https:\/\/yoast.com\/wordpress\/plugins\/seo\/ -->\n<title>Glasunderl\u00e4gg Vallmo - Glasunderl\u00e4gg Vallmo<\/title>\n<meta name=\"robots\" content=\"index, follow, max-snippet:-1, max-image-preview:large, max-video-preview:-1\" \/>\n<link rel=\"canonical\" href=\"https:\/\/originellaoriginal.se\/shop\/glasunderlagg-vallmo\/\" \/>\n<meta property=\"og:locale\" content=\"en_US\" \/>\n<meta property=\"og:type\" content=\"article\" \/>\n<meta property=\"og:title\" content=\"Glasunderl\u00e4gg Vallmo styckpris - ORIGINELLA ORIGINAL\u00ae\" \/>\n<meta property=\"og:url\" content=\"https:\/\/originellaoriginal.se\/shop\/glasunderlagg-vallmo\/\" \/>\n<meta property=\"og:site_name\" content=\"ORIGINELLA ORIGINAL\u00ae\" \/>\n<meta property=\"article:publisher\" content=\"https:\/\/www.facebook.com\/Originella.Original\/\" \/>\n<meta property=\"article:modified_time\" content=\"2025-08-19T07:30:59+00:00\" \/>\n<meta property=\"og:image\" content=\"https:\/\/originellaoriginal.se\/wp-content\/uploads\/2023\/05\/20230524_173408-scaled.jpg\" \/>\n\t<meta property=\"og:image:width\" content=\"2560\" \/>\n\t<meta property=\"og:image:height\" content=\"2560\" \/>\n\t<meta property=\"og:image:type\" content=\"image\/jpeg\" \/>\n<meta name=\"twitter:card\" content=\"summary_large_image\" \/>\n<meta name=\"twitter:label1\" content=\"Est. reading time\" \/>\n\t<meta name=\"twitter:data1\" content=\"1 minute\" \/>\n<script type=\"application\/ld+json\" class=\"yoast-schema-graph\">{\"@context\":\"https:\/\/schema.org\",\"@graph\":[{\"@type\":\"WebPage\",\"@id\":\"https:\/\/originellaoriginal.se\/shop\/glasunderlagg-vallmo\/\",\"url\":\"https:\/\/originellaoriginal.se\/shop\/glasunderlagg-vallmo\/\",\"name\":\"Glasunderl\u00e4gg Vallmo - Glasunderl\u00e4gg Vallmo\",\"isPartOf\":{\"@id\":\"https:\/\/originellaoriginal.se\/#website\"},\"primaryImageOfPage\":{\"@id\":\"https:\/\/originellaoriginal.se\/shop\/glasunderlagg-vallmo\/#primaryimage\"},\"image\":{\"@id\":\"https:\/\/originellaoriginal.se\/shop\/glasunderlagg-vallmo\/#primaryimage\"},\"thumbnailUrl\":\"https:\/\/originellaoriginal.se\/wp-content\/uploads\/2023\/05\/20230524_173408-scaled.jpg\",\"datePublished\":\"2023-05-24T16:12:53+00:00\",\"dateModified\":\"2025-08-19T07:30:59+00:00\",\"description\":\"Glasunderl\u00e4gg Vallmo fr\u00e5n Originella Original i design av Pia Bergvall Lund\u00e9n. Glasunderl\u00e4gg med m\u00e5nga anv\u00e4ndningsomr\u00e5den.\",\"breadcrumb\":{\"@id\":\"https:\/\/originellaoriginal.se\/shop\/glasunderlagg-vallmo\/#breadcrumb\"},\"inLanguage\":\"en-US\",\"potentialAction\":[{\"@type\":\"ReadAction\",\"target\":[\"https:\/\/originellaoriginal.se\/shop\/glasunderlagg-vallmo\/\"]}]},{\"@type\":\"ImageObject\",\"inLanguage\":\"en-US\",\"@id\":\"https:\/\/originellaoriginal.se\/shop\/glasunderlagg-vallmo\/#primaryimage\",\"url\":\"https:\/\/originellaoriginal.se\/wp-content\/uploads\/2023\/05\/20230524_173408-scaled.jpg\",\"contentUrl\":\"https:\/\/originellaoriginal.se\/wp-content\/uploads\/2023\/05\/20230524_173408-scaled.jpg\",\"width\":2560,\"height\":2560,\"caption\":\"Glasunderl\u00e4gg med Vallmo\"},{\"@type\":\"BreadcrumbList\",\"@id\":\"https:\/\/originellaoriginal.se\/shop\/glasunderlagg-vallmo\/#breadcrumb\",\"itemListElement\":[{\"@type\":\"ListItem\",\"position\":1,\"name\":\"Hem\",\"item\":\"https:\/\/originellaoriginal.se\/\"},{\"@type\":\"ListItem\",\"position\":2,\"name\":\"Originella Original Webshop\",\"item\":\"https:\/\/originellaoriginal.se\/originella-original-webshop-heminredningsdetaljer\/\"},{\"@type\":\"ListItem\",\"position\":3,\"name\":\"Glasunderl\u00e4gg Vallmo styckpris\"}]},{\"@type\":\"WebSite\",\"@id\":\"https:\/\/originellaoriginal.se\/#website\",\"url\":\"https:\/\/originellaoriginal.se\/\",\"name\":\"ORIGINELLA ORIGINAL\u00ae\",\"description\":\"Art &amp; Design by Pia Bergvall Lund\u00e9n\",\"publisher\":{\"@id\":\"https:\/\/originellaoriginal.se\/#organization\"},\"potentialAction\":[{\"@type\":\"SearchAction\",\"target\":{\"@type\":\"EntryPoint\",\"urlTemplate\":\"https:\/\/originellaoriginal.se\/?s={search_term_string}\"},\"query-input\":{\"@type\":\"PropertyValueSpecification\",\"valueRequired\":true,\"valueName\":\"search_term_string\"}}],\"inLanguage\":\"en-US\"},{\"@type\":\"Organization\",\"@id\":\"https:\/\/originellaoriginal.se\/#organization\",\"name\":\"ORIGINELLA ORIGINAL\u00ae\",\"url\":\"https:\/\/originellaoriginal.se\/\",\"logo\":{\"@type\":\"ImageObject\",\"inLanguage\":\"en-US\",\"@id\":\"https:\/\/originellaoriginal.se\/#\/schema\/logo\/image\/\",\"url\":\"https:\/\/originellaoriginal.se\/wp-content\/uploads\/2025\/08\/cropped-cropped-cropped-LOGO_OO_2020_Sign_frilagd-1.jpg\",\"contentUrl\":\"https:\/\/originellaoriginal.se\/wp-content\/uploads\/2025\/08\/cropped-cropped-cropped-LOGO_OO_2020_Sign_frilagd-1.jpg\",\"width\":468,\"height\":253,\"caption\":\"ORIGINELLA ORIGINAL\u00ae\"},\"image\":{\"@id\":\"https:\/\/originellaoriginal.se\/#\/schema\/logo\/image\/\"},\"sameAs\":[\"https:\/\/www.facebook.com\/Originella.Original\/\",\"https:\/\/www.instagram.com\/originella_original\/\",\"https:\/\/www.linkedin.com\/in\/pia-bergvall-lundn-4704585a?trk=hp-identity-name\"]}]}<\/script>\n<!-- \/ Yoast SEO plugin. -->","yoast_head_json":{"title":"Glasunderl\u00e4gg Vallmo - Glasunderl\u00e4gg Vallmo","robots":{"index":"index","follow":"follow","max-snippet":"max-snippet:-1","max-image-preview":"max-image-preview:large","max-video-preview":"max-video-preview:-1"},"canonical":"https:\/\/originellaoriginal.se\/shop\/glasunderlagg-vallmo\/","og_locale":"en_US","og_type":"article","og_title":"Glasunderl\u00e4gg Vallmo styckpris - ORIGINELLA ORIGINAL\u00ae","og_url":"https:\/\/originellaoriginal.se\/shop\/glasunderlagg-vallmo\/","og_site_name":"ORIGINELLA ORIGINAL\u00ae","article_publisher":"https:\/\/www.facebook.com\/Originella.Original\/","article_modified_time":"2025-08-19T07:30:59+00:00","og_image":[{"width":2560,"height":2560,"url":"https:\/\/originellaoriginal.se\/wp-content\/uploads\/2023\/05\/20230524_173408-scaled.jpg","type":"image\/jpeg"}],"twitter_card":"summary_large_image","twitter_misc":{"Est. reading time":"1 minute"},"schema":{"@context":"https:\/\/schema.org","@graph":[{"@type":"WebPage","@id":"https:\/\/originellaoriginal.se\/shop\/glasunderlagg-vallmo\/","url":"https:\/\/originellaoriginal.se\/shop\/glasunderlagg-vallmo\/","name":"Glasunderl\u00e4gg Vallmo - Glasunderl\u00e4gg Vallmo","isPartOf":{"@id":"https:\/\/originellaoriginal.se\/#website"},"primaryImageOfPage":{"@id":"https:\/\/originellaoriginal.se\/shop\/glasunderlagg-vallmo\/#primaryimage"},"image":{"@id":"https:\/\/originellaoriginal.se\/shop\/glasunderlagg-vallmo\/#primaryimage"},"thumbnailUrl":"https:\/\/originellaoriginal.se\/wp-content\/uploads\/2023\/05\/20230524_173408-scaled.jpg","datePublished":"2023-05-24T16:12:53+00:00","dateModified":"2025-08-19T07:30:59+00:00","description":"Glasunderl\u00e4gg Vallmo fr\u00e5n Originella Original i design av Pia Bergvall Lund\u00e9n. Glasunderl\u00e4gg med m\u00e5nga anv\u00e4ndningsomr\u00e5den.","breadcrumb":{"@id":"https:\/\/originellaoriginal.se\/shop\/glasunderlagg-vallmo\/#breadcrumb"},"inLanguage":"en-US","potentialAction":[{"@type":"ReadAction","target":["https:\/\/originellaoriginal.se\/shop\/glasunderlagg-vallmo\/"]}]},{"@type":"ImageObject","inLanguage":"en-US","@id":"https:\/\/originellaoriginal.se\/shop\/glasunderlagg-vallmo\/#primaryimage","url":"https:\/\/originellaoriginal.se\/wp-content\/uploads\/2023\/05\/20230524_173408-scaled.jpg","contentUrl":"https:\/\/originellaoriginal.se\/wp-content\/uploads\/2023\/05\/20230524_173408-scaled.jpg","width":2560,"height":2560,"caption":"Glasunderl\u00e4gg med Vallmo"},{"@type":"BreadcrumbList","@id":"https:\/\/originellaoriginal.se\/shop\/glasunderlagg-vallmo\/#breadcrumb","itemListElement":[{"@type":"ListItem","position":1,"name":"Hem","item":"https:\/\/originellaoriginal.se\/"},{"@type":"ListItem","position":2,"name":"Originella Original Webshop","item":"https:\/\/originellaoriginal.se\/originella-original-webshop-heminredningsdetaljer\/"},{"@type":"ListItem","position":3,"name":"Glasunderl\u00e4gg Vallmo styckpris"}]},{"@type":"WebSite","@id":"https:\/\/originellaoriginal.se\/#website","url":"https:\/\/originellaoriginal.se\/","name":"ORIGINELLA ORIGINAL\u00ae","description":"Art &amp; Design by Pia Bergvall Lund\u00e9n","publisher":{"@id":"https:\/\/originellaoriginal.se\/#organization"},"potentialAction":[{"@type":"SearchAction","target":{"@type":"EntryPoint","urlTemplate":"https:\/\/originellaoriginal.se\/?s={search_term_string}"},"query-input":{"@type":"PropertyValueSpecification","valueRequired":true,"valueName":"search_term_string"}}],"inLanguage":"en-US"},{"@type":"Organization","@id":"https:\/\/originellaoriginal.se\/#organization","name":"ORIGINELLA ORIGINAL\u00ae","url":"https:\/\/originellaoriginal.se\/","logo":{"@type":"ImageObject","inLanguage":"en-US","@id":"https:\/\/originellaoriginal.se\/#\/schema\/logo\/image\/","url":"https:\/\/originellaoriginal.se\/wp-content\/uploads\/2025\/08\/cropped-cropped-cropped-LOGO_OO_2020_Sign_frilagd-1.jpg","contentUrl":"https:\/\/originellaoriginal.se\/wp-content\/uploads\/2025\/08\/cropped-cropped-cropped-LOGO_OO_2020_Sign_frilagd-1.jpg","width":468,"height":253,"caption":"ORIGINELLA ORIGINAL\u00ae"},"image":{"@id":"https:\/\/originellaoriginal.se\/#\/schema\/logo\/image\/"},"sameAs":["https:\/\/www.facebook.com\/Originella.Original\/","https:\/\/www.instagram.com\/originella_original\/","https:\/\/www.linkedin.com\/in\/pia-bergvall-lundn-4704585a?trk=hp-identity-name"]}]}},"_links":{"self":[{"href":"https:\/\/originellaoriginal.se\/en\/wp-json\/wp\/v2\/product\/12471","targetHints":{"allow":["GET"]}}],"collection":[{"href":"https:\/\/originellaoriginal.se\/en\/wp-json\/wp\/v2\/product"}],"about":[{"href":"https:\/\/originellaoriginal.se\/en\/wp-json\/wp\/v2\/types\/product"}],"replies":[{"embeddable":true,"href":"https:\/\/originellaoriginal.se\/en\/wp-json\/wp\/v2\/comments?post=12471"}],"wp:featuredmedia":[{"embeddable":true,"href":"https:\/\/originellaoriginal.se\/en\/wp-json\/wp\/v2\/media\/12472"}],"wp:attachment":[{"href":"https:\/\/originellaoriginal.se\/en\/wp-json\/wp\/v2\/media?parent=12471"}],"wp:term":[{"taxonomy":"product_brand","embeddable":true,"href":"https:\/\/originellaoriginal.se\/en\/wp-json\/wp\/v2\/product_brand?post=12471"},{"taxonomy":"product_cat","embeddable":true,"href":"https:\/\/originellaoriginal.se\/en\/wp-json\/wp\/v2\/product_cat?post=12471"},{"taxonomy":"product_tag","embeddable":true,"href":"https:\/\/originellaoriginal.se\/en\/wp-json\/wp\/v2\/product_tag?post=12471"}],"curies":[{"name":"wp","href":"https:\/\/api.w.org\/{rel}","templated":true}]}}