{"id":11416,"date":"2022-02-07T11:20:27","date_gmt":"2022-02-07T11:20:27","guid":{"rendered":"https:\/\/originellaoriginal.se\/?post_type=product&#038;p=11416"},"modified":"2025-08-12T15:02:01","modified_gmt":"2025-08-12T14:02:01","slug":"frukostbricka","status":"publish","type":"product","link":"https:\/\/originellaoriginal.se\/en\/shop\/frukostbricka\/","title":{"rendered":"Frukostbricka Springtime Bloom"},"content":{"rendered":"<div class=\"fusion-reading-box-container reading-box-container-1\">\n<div class=\"reading-box\">\n<div class=\"reading-box-description\">Frukostbricka Springtime Bloom fr\u00e5n Originella Original\u00ae. En riktig svensk kvalitetsprodukt.<br \/>\nV\u00e5ra frukostbrickor tillverkas i Sverige, i sm\u00e5land av skandinavisk FSC-m\u00e4rkt bj\u00f6rk. Ett naturligt och milj\u00f6v\u00e4nligt val. Varje frukostbricka tillverkas f\u00f6r hand och best\u00e5r av flera lager bj\u00f6rkfaner som pressas samman och skyddas av en melaminbaserad yta. V\u00e5ra frukostbrickor \u00e4r livsmedelsgodk\u00e4nda och t\u00e5l tuffa tag.<\/div>\n<div>Frukostbrickan t\u00e5l maskindisk i upp till 95 grader.<\/div>\n<\/div>\n<\/div>\n<p class=\"fusion-reading-box-container reading-box-container-2\">FSC visar dig v\u00e4gen till produkter av tr\u00e4 du kan k\u00f6pa med gott samvete. I en FSC-certifierad skog \u00f6verskrider avvecklingen aldrig tillv\u00e4xten. FSC v\u00e4rnar om skogens v\u00e4xter och djur och kvalitetss\u00e4krar f\u00f6r de som arbetar i skogarna.<\/p>\n<p>Njut av en fika i solen och fyll din frukostbricka med kaffe och sm\u00f6rg\u00e5s eller varf\u00f6r inte en varm kanelbulle. Frukostbrickan \u00e4r den b\u00e4sta presenten b\u00e5de till dig sj\u00e4lv eller n\u00e5gon du tycker om.<\/p>\n","protected":false},"excerpt":{"rendered":"<p>Frukostbrickan \u00e4r en underbart vacker bricka i design av Pia Bergvall Lund\u00e9n.<br \/>\nM\u00f6nstret p\u00e5minner om en b\u00f6ljande blomster\u00e4ng i gr\u00f6nt och f\u00f6r tankarna till v\u00e5r och sommar.<br \/>\nDesign: Springtime Bloom<br \/>\nStorlek 27&#215;20 cm<br \/>\nT\u00e5l maskindisk<br \/>\nMade in Sweden<\/p>\n","protected":false},"featured_media":11418,"comment_status":"open","ping_status":"closed","template":"","meta":[],"product_brand":[],"product_cat":[398],"product_tag":[120,179,342,92],"class_list":{"0":"post-11416","1":"product","2":"type-product","3":"status-publish","4":"has-post-thumbnail","6":"product_cat-rektangularabrickor","7":"product_tag-frukostbricka","8":"product_tag-liten-bricka","9":"product_tag-small-tray","10":"product_tag-tray","12":"first","13":"outofstock","14":"taxable","15":"shipping-taxable","16":"purchasable","17":"product-type-simple","18":"customify-col"},"translation":{"provider":"WPGlobus","version":"3.0.1","language":"en","enabled_languages":["sv","en","undefined"],"languages":{"sv":{"title":true,"content":true,"excerpt":true},"en":{"title":false,"content":false,"excerpt":false},"undefined":{"title":false,"content":false,"excerpt":false}}},"yoast_head":"<!-- This site is optimized with the Yoast SEO plugin v26.6 - https:\/\/yoast.com\/wordpress\/plugins\/seo\/ -->\n<title>Frukostbricka Springtime Bloom - ORIGINELLA ORIGINAL\u00ae<\/title>\n<meta name=\"robots\" content=\"index, follow, max-snippet:-1, max-image-preview:large, max-video-preview:-1\" \/>\n<link rel=\"canonical\" href=\"https:\/\/originellaoriginal.se\/shop\/frukostbricka\/\" \/>\n<meta property=\"og:locale\" content=\"en_US\" \/>\n<meta property=\"og:type\" content=\"article\" \/>\n<meta property=\"og:title\" content=\"Frukostbricka Springtime Bloom - ORIGINELLA ORIGINAL\u00ae\" \/>\n<meta property=\"og:url\" content=\"https:\/\/originellaoriginal.se\/shop\/frukostbricka\/\" \/>\n<meta property=\"og:site_name\" content=\"ORIGINELLA ORIGINAL\u00ae\" \/>\n<meta property=\"article:publisher\" content=\"https:\/\/www.facebook.com\/Originella.Original\/\" \/>\n<meta property=\"article:modified_time\" content=\"2025-08-12T14:02:01+00:00\" \/>\n<meta property=\"og:image\" content=\"https:\/\/originellaoriginal.se\/wp-content\/uploads\/2022\/02\/Springtime-bloom_gro\u0308n_27x20_web.jpg\" \/>\n\t<meta property=\"og:image:width\" content=\"1100\" \/>\n\t<meta property=\"og:image:height\" content=\"1100\" \/>\n\t<meta property=\"og:image:type\" content=\"image\/jpeg\" \/>\n<meta name=\"twitter:card\" content=\"summary_large_image\" \/>\n<meta name=\"twitter:label1\" content=\"Est. reading time\" \/>\n\t<meta name=\"twitter:data1\" content=\"1 minute\" \/>\n<script type=\"application\/ld+json\" class=\"yoast-schema-graph\">{\"@context\":\"https:\/\/schema.org\",\"@graph\":[{\"@type\":\"WebPage\",\"@id\":\"https:\/\/originellaoriginal.se\/shop\/frukostbricka\/\",\"url\":\"https:\/\/originellaoriginal.se\/shop\/frukostbricka\/\",\"name\":\"Frukostbricka Springtime Bloom - ORIGINELLA ORIGINAL\u00ae\",\"isPartOf\":{\"@id\":\"https:\/\/originellaoriginal.se\/#website\"},\"primaryImageOfPage\":{\"@id\":\"https:\/\/originellaoriginal.se\/shop\/frukostbricka\/#primaryimage\"},\"image\":{\"@id\":\"https:\/\/originellaoriginal.se\/shop\/frukostbricka\/#primaryimage\"},\"thumbnailUrl\":\"https:\/\/originellaoriginal.se\/wp-content\/uploads\/2022\/02\/Springtime-bloom_gro\u0308n_27x20_web.jpg\",\"datePublished\":\"2022-02-07T11:20:27+00:00\",\"dateModified\":\"2025-08-12T14:02:01+00:00\",\"description\":\"Frukostbricka i design av Pia Bergvall Lund\u00e9n. Springtime bloom \u00e4r som en kaskad av blommor p\u00e5 en gr\u00f6n och turkos sommar\u00e4ng.\",\"breadcrumb\":{\"@id\":\"https:\/\/originellaoriginal.se\/shop\/frukostbricka\/#breadcrumb\"},\"inLanguage\":\"en-US\",\"potentialAction\":[{\"@type\":\"ReadAction\",\"target\":[\"https:\/\/originellaoriginal.se\/shop\/frukostbricka\/\"]}]},{\"@type\":\"ImageObject\",\"inLanguage\":\"en-US\",\"@id\":\"https:\/\/originellaoriginal.se\/shop\/frukostbricka\/#primaryimage\",\"url\":\"https:\/\/originellaoriginal.se\/wp-content\/uploads\/2022\/02\/Springtime-bloom_gro\u0308n_27x20_web.jpg\",\"contentUrl\":\"https:\/\/originellaoriginal.se\/wp-content\/uploads\/2022\/02\/Springtime-bloom_gro\u0308n_27x20_web.jpg\",\"width\":1100,\"height\":1100,\"caption\":\"Frukostbricka med gr\u00f6na blommor\"},{\"@type\":\"BreadcrumbList\",\"@id\":\"https:\/\/originellaoriginal.se\/shop\/frukostbricka\/#breadcrumb\",\"itemListElement\":[{\"@type\":\"ListItem\",\"position\":1,\"name\":\"Hem\",\"item\":\"https:\/\/originellaoriginal.se\/\"},{\"@type\":\"ListItem\",\"position\":2,\"name\":\"Originella Original Webshop\",\"item\":\"https:\/\/originellaoriginal.se\/originella-original-webshop-heminredningsdetaljer\/\"},{\"@type\":\"ListItem\",\"position\":3,\"name\":\"Frukostbricka Springtime Bloom\"}]},{\"@type\":\"WebSite\",\"@id\":\"https:\/\/originellaoriginal.se\/#website\",\"url\":\"https:\/\/originellaoriginal.se\/\",\"name\":\"ORIGINELLA ORIGINAL\u00ae\",\"description\":\"Art &amp; Design by Pia Bergvall Lund\u00e9n\",\"publisher\":{\"@id\":\"https:\/\/originellaoriginal.se\/#organization\"},\"potentialAction\":[{\"@type\":\"SearchAction\",\"target\":{\"@type\":\"EntryPoint\",\"urlTemplate\":\"https:\/\/originellaoriginal.se\/?s={search_term_string}\"},\"query-input\":{\"@type\":\"PropertyValueSpecification\",\"valueRequired\":true,\"valueName\":\"search_term_string\"}}],\"inLanguage\":\"en-US\"},{\"@type\":\"Organization\",\"@id\":\"https:\/\/originellaoriginal.se\/#organization\",\"name\":\"ORIGINELLA ORIGINAL\u00ae\",\"url\":\"https:\/\/originellaoriginal.se\/\",\"logo\":{\"@type\":\"ImageObject\",\"inLanguage\":\"en-US\",\"@id\":\"https:\/\/originellaoriginal.se\/#\/schema\/logo\/image\/\",\"url\":\"https:\/\/originellaoriginal.se\/wp-content\/uploads\/2025\/08\/cropped-cropped-cropped-LOGO_OO_2020_Sign_frilagd-1.jpg\",\"contentUrl\":\"https:\/\/originellaoriginal.se\/wp-content\/uploads\/2025\/08\/cropped-cropped-cropped-LOGO_OO_2020_Sign_frilagd-1.jpg\",\"width\":468,\"height\":253,\"caption\":\"ORIGINELLA ORIGINAL\u00ae\"},\"image\":{\"@id\":\"https:\/\/originellaoriginal.se\/#\/schema\/logo\/image\/\"},\"sameAs\":[\"https:\/\/www.facebook.com\/Originella.Original\/\",\"https:\/\/www.instagram.com\/originella_original\/\",\"https:\/\/www.linkedin.com\/in\/pia-bergvall-lundn-4704585a?trk=hp-identity-name\"]}]}<\/script>\n<!-- \/ Yoast SEO plugin. -->","yoast_head_json":{"title":"Frukostbricka Springtime Bloom - ORIGINELLA ORIGINAL\u00ae","robots":{"index":"index","follow":"follow","max-snippet":"max-snippet:-1","max-image-preview":"max-image-preview:large","max-video-preview":"max-video-preview:-1"},"canonical":"https:\/\/originellaoriginal.se\/shop\/frukostbricka\/","og_locale":"en_US","og_type":"article","og_title":"Frukostbricka Springtime Bloom - ORIGINELLA ORIGINAL\u00ae","og_url":"https:\/\/originellaoriginal.se\/shop\/frukostbricka\/","og_site_name":"ORIGINELLA ORIGINAL\u00ae","article_publisher":"https:\/\/www.facebook.com\/Originella.Original\/","article_modified_time":"2025-08-12T14:02:01+00:00","og_image":[{"width":1100,"height":1100,"url":"https:\/\/originellaoriginal.se\/wp-content\/uploads\/2022\/02\/Springtime-bloom_gro\u0308n_27x20_web.jpg","type":"image\/jpeg"}],"twitter_card":"summary_large_image","twitter_misc":{"Est. reading time":"1 minute"},"schema":{"@context":"https:\/\/schema.org","@graph":[{"@type":"WebPage","@id":"https:\/\/originellaoriginal.se\/shop\/frukostbricka\/","url":"https:\/\/originellaoriginal.se\/shop\/frukostbricka\/","name":"Frukostbricka Springtime Bloom - ORIGINELLA ORIGINAL\u00ae","isPartOf":{"@id":"https:\/\/originellaoriginal.se\/#website"},"primaryImageOfPage":{"@id":"https:\/\/originellaoriginal.se\/shop\/frukostbricka\/#primaryimage"},"image":{"@id":"https:\/\/originellaoriginal.se\/shop\/frukostbricka\/#primaryimage"},"thumbnailUrl":"https:\/\/originellaoriginal.se\/wp-content\/uploads\/2022\/02\/Springtime-bloom_gro\u0308n_27x20_web.jpg","datePublished":"2022-02-07T11:20:27+00:00","dateModified":"2025-08-12T14:02:01+00:00","description":"Frukostbricka i design av Pia Bergvall Lund\u00e9n. Springtime bloom \u00e4r som en kaskad av blommor p\u00e5 en gr\u00f6n och turkos sommar\u00e4ng.","breadcrumb":{"@id":"https:\/\/originellaoriginal.se\/shop\/frukostbricka\/#breadcrumb"},"inLanguage":"en-US","potentialAction":[{"@type":"ReadAction","target":["https:\/\/originellaoriginal.se\/shop\/frukostbricka\/"]}]},{"@type":"ImageObject","inLanguage":"en-US","@id":"https:\/\/originellaoriginal.se\/shop\/frukostbricka\/#primaryimage","url":"https:\/\/originellaoriginal.se\/wp-content\/uploads\/2022\/02\/Springtime-bloom_gro\u0308n_27x20_web.jpg","contentUrl":"https:\/\/originellaoriginal.se\/wp-content\/uploads\/2022\/02\/Springtime-bloom_gro\u0308n_27x20_web.jpg","width":1100,"height":1100,"caption":"Frukostbricka med gr\u00f6na blommor"},{"@type":"BreadcrumbList","@id":"https:\/\/originellaoriginal.se\/shop\/frukostbricka\/#breadcrumb","itemListElement":[{"@type":"ListItem","position":1,"name":"Hem","item":"https:\/\/originellaoriginal.se\/"},{"@type":"ListItem","position":2,"name":"Originella Original Webshop","item":"https:\/\/originellaoriginal.se\/originella-original-webshop-heminredningsdetaljer\/"},{"@type":"ListItem","position":3,"name":"Frukostbricka Springtime Bloom"}]},{"@type":"WebSite","@id":"https:\/\/originellaoriginal.se\/#website","url":"https:\/\/originellaoriginal.se\/","name":"ORIGINELLA ORIGINAL\u00ae","description":"Art &amp; Design by Pia Bergvall Lund\u00e9n","publisher":{"@id":"https:\/\/originellaoriginal.se\/#organization"},"potentialAction":[{"@type":"SearchAction","target":{"@type":"EntryPoint","urlTemplate":"https:\/\/originellaoriginal.se\/?s={search_term_string}"},"query-input":{"@type":"PropertyValueSpecification","valueRequired":true,"valueName":"search_term_string"}}],"inLanguage":"en-US"},{"@type":"Organization","@id":"https:\/\/originellaoriginal.se\/#organization","name":"ORIGINELLA ORIGINAL\u00ae","url":"https:\/\/originellaoriginal.se\/","logo":{"@type":"ImageObject","inLanguage":"en-US","@id":"https:\/\/originellaoriginal.se\/#\/schema\/logo\/image\/","url":"https:\/\/originellaoriginal.se\/wp-content\/uploads\/2025\/08\/cropped-cropped-cropped-LOGO_OO_2020_Sign_frilagd-1.jpg","contentUrl":"https:\/\/originellaoriginal.se\/wp-content\/uploads\/2025\/08\/cropped-cropped-cropped-LOGO_OO_2020_Sign_frilagd-1.jpg","width":468,"height":253,"caption":"ORIGINELLA ORIGINAL\u00ae"},"image":{"@id":"https:\/\/originellaoriginal.se\/#\/schema\/logo\/image\/"},"sameAs":["https:\/\/www.facebook.com\/Originella.Original\/","https:\/\/www.instagram.com\/originella_original\/","https:\/\/www.linkedin.com\/in\/pia-bergvall-lundn-4704585a?trk=hp-identity-name"]}]}},"_links":{"self":[{"href":"https:\/\/originellaoriginal.se\/en\/wp-json\/wp\/v2\/product\/11416","targetHints":{"allow":["GET"]}}],"collection":[{"href":"https:\/\/originellaoriginal.se\/en\/wp-json\/wp\/v2\/product"}],"about":[{"href":"https:\/\/originellaoriginal.se\/en\/wp-json\/wp\/v2\/types\/product"}],"replies":[{"embeddable":true,"href":"https:\/\/originellaoriginal.se\/en\/wp-json\/wp\/v2\/comments?post=11416"}],"wp:featuredmedia":[{"embeddable":true,"href":"https:\/\/originellaoriginal.se\/en\/wp-json\/wp\/v2\/media\/11418"}],"wp:attachment":[{"href":"https:\/\/originellaoriginal.se\/en\/wp-json\/wp\/v2\/media?parent=11416"}],"wp:term":[{"taxonomy":"product_brand","embeddable":true,"href":"https:\/\/originellaoriginal.se\/en\/wp-json\/wp\/v2\/product_brand?post=11416"},{"taxonomy":"product_cat","embeddable":true,"href":"https:\/\/originellaoriginal.se\/en\/wp-json\/wp\/v2\/product_cat?post=11416"},{"taxonomy":"product_tag","embeddable":true,"href":"https:\/\/originellaoriginal.se\/en\/wp-json\/wp\/v2\/product_tag?post=11416"}],"curies":[{"name":"wp","href":"https:\/\/api.w.org\/{rel}","templated":true}]}}