{"id":6473,"date":"2018-02-13T22:09:28","date_gmt":"2018-02-13T22:09:28","guid":{"rendered":"https:\/\/originellaoriginal.se\/?page_id=6473"},"modified":"2022-02-09T13:41:52","modified_gmt":"2022-02-09T13:41:52","slug":"villkor","status":"publish","type":"page","link":"https:\/\/originellaoriginal.se\/en\/villkor\/","title":{"rendered":"Villkor &#038; info"},"content":{"rendered":"<div class=\"page\" title=\"Page 1\">\n<div class=\"layoutArea\">\n<div class=\"column\"><span style=\"color: #0000ff;\">GDPR\/Integritet:<\/span><br \/>\nDin personliga integritet a\u0308r viktig fo\u0308r oss.<\/div>\n<\/div>\n<div class=\"layoutArea\">\n<div class=\"column\">Da\u0308rfo\u0308r har vi anpassat va\u030ar hantering av dina personuppgifter till<br \/>\nden nya dataskyddsfo\u0308rordningen (GDPR). Det kommer inte bli na\u030agon ma\u0308rkbar fo\u0308ra\u0308ndring, men hanteringen av dina personuppgifter fo\u0308rsta\u0308rks.<br \/>\nVa\u030art kundregister inneha\u030aller dina kontaktuppgifter och kundko\u0308pshistorik.Uppgifter vi har lagrade pa\u030a dig:<br \/>\n&#8211; Fo\u0308r och efternamn<br \/>\n&#8211; Fo\u0308retag<br \/>\n&#8211; Adress<br \/>\n&#8211; E-mail<br \/>\n&#8211; Telefonnummer<br \/>\n&#8211; Organisationsnummer<br \/>\n&#8211; Kundko\u0308pshistorik.Originella Original Sweden AB skickar da\u030a och da\u030a ut nyhetsbrev med information om nya produkter och ha\u0308ndelser.<br \/>\nOm du vill fortsa\u0308tta ta emot va\u030ara nyhetsbrev beho\u0308ver du inte go\u0308ra na\u030agonting!<br \/>\nDu kan sja\u0308lvklart na\u0308r som helst va\u0308lja att avsluta va\u030ara nyhetsbrev genom att skicka ett mail till oss.<\/div>\n<p><span style=\"color: #0000ff;\">Leveransvillkor inom Sverige:<\/span><br \/>\nLeveranstiden (n\u00e4r din order skickas fr\u00e5n v\u00e5rt lager) \u00e4r normalt 2-4 arbetsdagar fr\u00e5n det att vi har mottagit din order. Om n\u00e5gon vara \u00e4r slut i lager, informerar vi dig om det. Leveranser skickar vi med DHL om inget annat avtalats med oss.<br \/>\n<span style=\"color: #0000ff;\">Reklamationer:<br \/>\n<\/span><span style=\"font-size: revert; font-family: -apple-system, BlinkMacSystemFont, 'Segoe UI', Roboto, Oxygen-Sans, Ubuntu, Cantarell, 'Helvetica Neue', sans-serif;\">Kontrollera alltid din vara direkt vid leveransen. \u00c4r ytteremballaget trasigt &#8211; fota, samt se till att notera det n\u00e4r du signerar mottagandet f\u00f6r din vara. Eventuella felaktigheter i din leverans skall rapporteras till oss inom tre arbetsdagar fr\u00e5n det att du mottagit din leverans.<br \/>\n<\/span><span style=\"color: #0000ff;\">Leveranser utanf\u00f6r Sverige:<br \/>\n<span style=\"color: #000000;\">Vi har avtal med DHL Express samt DHL Freight och UPS. Vi j\u00e4mf\u00f6r priset mellan dem f\u00f6r att erbjuda dig som kund det b\u00e4sta priset.\u00a0<\/span><\/span><\/p>\n<div class=\"entry-content\"><span style=\"color: #0000ff;\">Fraktkostnad:<\/span><br \/>\nFast kostnad p\u00e5 240 kr exkl. moms vid ordrar inom Sverige f\u00f6r \u00e5terf\u00f6rs\u00e4ljare.<br \/>\nFast kostnad p\u00e5 69 kr inkl.moms f\u00f6r webshopsordrar till privatpersoner.<br \/>\n<span style=\"color: #0000ff;\">Betalningsvillkor &#8211; \u00c5terf\u00f6rs\u00e4ljare:<\/span><br \/>\nVi fakturerar n\u00e4r din order skickas fr\u00e5n oss. Betalningsvillkoret \u00e4r som regel 20 dgr netto, om inget annat har avtalats med oss.<br \/>\n\u00c4r du ny kund hos oss g\u00f6r vi en sedvanlig kreditpr\u00f6vning. I vissa fall beg\u00e4r vi f\u00f6rskottsbetalning f\u00f6re din f\u00f6rsta leverans.<br \/>\n<span style=\"color: #0000ff;\">\u00d6ppet k\u00f6p:<\/span><br \/>\nDu har alltid \u00f6ppet k\u00f6p i 14 dagar fr\u00e5n v\u00e5rt leveransdatum. Varan skall vara oskadd. Du st\u00e5r sj\u00e4lv f\u00f6r returfrakten till oss.\u00a0Det \u00e4r viktigt att varan packas ordentligt. Kvitto (faktura) samt kunduppgifter skall medf\u00f6lja returvaran.<br \/>\nVill du byta ut en vara st\u00e5r du f\u00f6r b\u00e5de returfrakten samt ny frakt av ers\u00e4ttningsvaran.<\/p>\n<p><span style=\"color: #0000ff;\">V\u00e5ra kontaktuppgifter &#8211; Kundsupport:<\/span><br \/>\nOriginella Original Sweden AB<br \/>\nRosenlundsv\u00e4gen 11<br \/>\nSE-18642 Vallentuna<br \/>\nTel: +46 (0)709 555662<br \/>\nE-post: info@originellaoriginal.se<br \/>\nOrganisationsnummer: 556952-9125<\/div>\n<\/div>\n<\/div>\n","protected":false},"excerpt":{"rendered":"<p>GDPR\/Integritet: Din personliga integritet a\u0308r viktig fo\u0308r oss. Da\u0308rfo\u0308r har vi anpassat va\u030ar hantering av dina personuppgifter till den nya dataskyddsfo\u0308rordningen (GDPR). Det kommer inte&hellip;<\/p>\n","protected":false},"author":2,"featured_media":0,"parent":0,"menu_order":0,"comment_status":"closed","ping_status":"closed","template":"","meta":{"footnotes":""},"class_list":["post-6473","page","type-page","status-publish","hentry"],"translation":{"provider":"WPGlobus","version":"3.0.1","language":"en","enabled_languages":["sv","en","undefined"],"languages":{"sv":{"title":true,"content":true,"excerpt":false},"en":{"title":false,"content":false,"excerpt":false},"undefined":{"title":false,"content":false,"excerpt":false}}},"yoast_head":"<!-- This site is optimized with the Yoast SEO plugin v26.6 - https:\/\/yoast.com\/wordpress\/plugins\/seo\/ -->\n<title>- ORIGINELLA ORIGINAL\u00ae<\/title>\n<meta name=\"robots\" content=\"index, follow, max-snippet:-1, max-image-preview:large, max-video-preview:-1\" \/>\n<link rel=\"canonical\" href=\"https:\/\/originellaoriginal.se\/villkor\/\" \/>\n<meta property=\"og:locale\" content=\"en_US\" \/>\n<meta property=\"og:type\" content=\"article\" \/>\n<meta property=\"og:title\" content=\"- ORIGINELLA ORIGINAL\u00ae\" \/>\n<meta property=\"og:url\" content=\"https:\/\/originellaoriginal.se\/villkor\/\" \/>\n<meta property=\"og:site_name\" content=\"ORIGINELLA ORIGINAL\u00ae\" \/>\n<meta property=\"article:publisher\" content=\"https:\/\/www.facebook.com\/Originella.Original\/\" \/>\n<meta property=\"article:modified_time\" content=\"2022-02-09T13:41:52+00:00\" \/>\n<meta name=\"twitter:card\" content=\"summary_large_image\" \/>\n<meta name=\"twitter:label1\" content=\"Est. reading time\" \/>\n\t<meta name=\"twitter:data1\" content=\"3 minutes\" \/>\n<script type=\"application\/ld+json\" class=\"yoast-schema-graph\">{\"@context\":\"https:\/\/schema.org\",\"@graph\":[{\"@type\":\"WebPage\",\"@id\":\"https:\/\/originellaoriginal.se\/villkor\/\",\"url\":\"https:\/\/originellaoriginal.se\/villkor\/\",\"name\":\"- ORIGINELLA ORIGINAL\u00ae\",\"isPartOf\":{\"@id\":\"https:\/\/originellaoriginal.se\/#website\"},\"datePublished\":\"2018-02-13T22:09:28+00:00\",\"dateModified\":\"2022-02-09T13:41:52+00:00\",\"breadcrumb\":{\"@id\":\"https:\/\/originellaoriginal.se\/villkor\/#breadcrumb\"},\"inLanguage\":\"en-US\",\"potentialAction\":[{\"@type\":\"ReadAction\",\"target\":[\"https:\/\/originellaoriginal.se\/villkor\/\"]}]},{\"@type\":\"BreadcrumbList\",\"@id\":\"https:\/\/originellaoriginal.se\/villkor\/#breadcrumb\",\"itemListElement\":[{\"@type\":\"ListItem\",\"position\":1,\"name\":\"Hem\",\"item\":\"https:\/\/originellaoriginal.se\/\"},{\"@type\":\"ListItem\",\"position\":2,\"name\":\"Villkor &#038; info\"}]},{\"@type\":\"WebSite\",\"@id\":\"https:\/\/originellaoriginal.se\/#website\",\"url\":\"https:\/\/originellaoriginal.se\/\",\"name\":\"ORIGINELLA ORIGINAL\u00ae\",\"description\":\"Art &amp; Design by Pia Bergvall Lund\u00e9n\",\"publisher\":{\"@id\":\"https:\/\/originellaoriginal.se\/#organization\"},\"potentialAction\":[{\"@type\":\"SearchAction\",\"target\":{\"@type\":\"EntryPoint\",\"urlTemplate\":\"https:\/\/originellaoriginal.se\/?s={search_term_string}\"},\"query-input\":{\"@type\":\"PropertyValueSpecification\",\"valueRequired\":true,\"valueName\":\"search_term_string\"}}],\"inLanguage\":\"en-US\"},{\"@type\":\"Organization\",\"@id\":\"https:\/\/originellaoriginal.se\/#organization\",\"name\":\"ORIGINELLA ORIGINAL\u00ae\",\"url\":\"https:\/\/originellaoriginal.se\/\",\"logo\":{\"@type\":\"ImageObject\",\"inLanguage\":\"en-US\",\"@id\":\"https:\/\/originellaoriginal.se\/#\/schema\/logo\/image\/\",\"url\":\"https:\/\/originellaoriginal.se\/wp-content\/uploads\/2025\/08\/cropped-cropped-cropped-LOGO_OO_2020_Sign_frilagd-1.jpg\",\"contentUrl\":\"https:\/\/originellaoriginal.se\/wp-content\/uploads\/2025\/08\/cropped-cropped-cropped-LOGO_OO_2020_Sign_frilagd-1.jpg\",\"width\":468,\"height\":253,\"caption\":\"ORIGINELLA ORIGINAL\u00ae\"},\"image\":{\"@id\":\"https:\/\/originellaoriginal.se\/#\/schema\/logo\/image\/\"},\"sameAs\":[\"https:\/\/www.facebook.com\/Originella.Original\/\",\"https:\/\/www.instagram.com\/originella_original\/\",\"https:\/\/www.linkedin.com\/in\/pia-bergvall-lundn-4704585a?trk=hp-identity-name\"]}]}<\/script>\n<!-- \/ Yoast SEO plugin. -->","yoast_head_json":{"title":"- ORIGINELLA ORIGINAL\u00ae","robots":{"index":"index","follow":"follow","max-snippet":"max-snippet:-1","max-image-preview":"max-image-preview:large","max-video-preview":"max-video-preview:-1"},"canonical":"https:\/\/originellaoriginal.se\/villkor\/","og_locale":"en_US","og_type":"article","og_title":"- ORIGINELLA ORIGINAL\u00ae","og_url":"https:\/\/originellaoriginal.se\/villkor\/","og_site_name":"ORIGINELLA ORIGINAL\u00ae","article_publisher":"https:\/\/www.facebook.com\/Originella.Original\/","article_modified_time":"2022-02-09T13:41:52+00:00","twitter_card":"summary_large_image","twitter_misc":{"Est. reading time":"3 minutes"},"schema":{"@context":"https:\/\/schema.org","@graph":[{"@type":"WebPage","@id":"https:\/\/originellaoriginal.se\/villkor\/","url":"https:\/\/originellaoriginal.se\/villkor\/","name":"- ORIGINELLA ORIGINAL\u00ae","isPartOf":{"@id":"https:\/\/originellaoriginal.se\/#website"},"datePublished":"2018-02-13T22:09:28+00:00","dateModified":"2022-02-09T13:41:52+00:00","breadcrumb":{"@id":"https:\/\/originellaoriginal.se\/villkor\/#breadcrumb"},"inLanguage":"en-US","potentialAction":[{"@type":"ReadAction","target":["https:\/\/originellaoriginal.se\/villkor\/"]}]},{"@type":"BreadcrumbList","@id":"https:\/\/originellaoriginal.se\/villkor\/#breadcrumb","itemListElement":[{"@type":"ListItem","position":1,"name":"Hem","item":"https:\/\/originellaoriginal.se\/"},{"@type":"ListItem","position":2,"name":"Villkor &#038; info"}]},{"@type":"WebSite","@id":"https:\/\/originellaoriginal.se\/#website","url":"https:\/\/originellaoriginal.se\/","name":"ORIGINELLA ORIGINAL\u00ae","description":"Art &amp; Design by Pia Bergvall Lund\u00e9n","publisher":{"@id":"https:\/\/originellaoriginal.se\/#organization"},"potentialAction":[{"@type":"SearchAction","target":{"@type":"EntryPoint","urlTemplate":"https:\/\/originellaoriginal.se\/?s={search_term_string}"},"query-input":{"@type":"PropertyValueSpecification","valueRequired":true,"valueName":"search_term_string"}}],"inLanguage":"en-US"},{"@type":"Organization","@id":"https:\/\/originellaoriginal.se\/#organization","name":"ORIGINELLA ORIGINAL\u00ae","url":"https:\/\/originellaoriginal.se\/","logo":{"@type":"ImageObject","inLanguage":"en-US","@id":"https:\/\/originellaoriginal.se\/#\/schema\/logo\/image\/","url":"https:\/\/originellaoriginal.se\/wp-content\/uploads\/2025\/08\/cropped-cropped-cropped-LOGO_OO_2020_Sign_frilagd-1.jpg","contentUrl":"https:\/\/originellaoriginal.se\/wp-content\/uploads\/2025\/08\/cropped-cropped-cropped-LOGO_OO_2020_Sign_frilagd-1.jpg","width":468,"height":253,"caption":"ORIGINELLA ORIGINAL\u00ae"},"image":{"@id":"https:\/\/originellaoriginal.se\/#\/schema\/logo\/image\/"},"sameAs":["https:\/\/www.facebook.com\/Originella.Original\/","https:\/\/www.instagram.com\/originella_original\/","https:\/\/www.linkedin.com\/in\/pia-bergvall-lundn-4704585a?trk=hp-identity-name"]}]}},"_links":{"self":[{"href":"https:\/\/originellaoriginal.se\/en\/wp-json\/wp\/v2\/pages\/6473","targetHints":{"allow":["GET"]}}],"collection":[{"href":"https:\/\/originellaoriginal.se\/en\/wp-json\/wp\/v2\/pages"}],"about":[{"href":"https:\/\/originellaoriginal.se\/en\/wp-json\/wp\/v2\/types\/page"}],"author":[{"embeddable":true,"href":"https:\/\/originellaoriginal.se\/en\/wp-json\/wp\/v2\/users\/2"}],"replies":[{"embeddable":true,"href":"https:\/\/originellaoriginal.se\/en\/wp-json\/wp\/v2\/comments?post=6473"}],"version-history":[{"count":36,"href":"https:\/\/originellaoriginal.se\/en\/wp-json\/wp\/v2\/pages\/6473\/revisions"}],"predecessor-version":[{"id":11481,"href":"https:\/\/originellaoriginal.se\/en\/wp-json\/wp\/v2\/pages\/6473\/revisions\/11481"}],"wp:attachment":[{"href":"https:\/\/originellaoriginal.se\/en\/wp-json\/wp\/v2\/media?parent=6473"}],"curies":[{"name":"wp","href":"https:\/\/api.w.org\/{rel}","templated":true}]}}