{"id":11008,"date":"2023-01-20T09:51:46","date_gmt":"2023-01-20T09:51:46","guid":{"rendered":"https:\/\/originellaoriginal.se\/?page_id=11008"},"modified":"2025-03-13T14:42:37","modified_gmt":"2025-03-13T13:42:37","slug":"vara-aterforsaljare","status":"publish","type":"page","link":"https:\/\/originellaoriginal.se\/en\/vara-aterforsaljare\/","title":{"rendered":"V\u00e5ra \u00e5terf\u00f6rs\u00e4ljare"},"content":{"rendered":"\n<h2 class=\"wp-block-heading has-text-align-center\">V\u00e5ra \u00c5terf\u00f6rs\u00e4ljare \/ Our retailers<\/h2>\n\n\n\n<p>Observera att v\u00e5ra \u00e5terf\u00f6rs\u00e4ljare har olika produkter i sina sortiment.<\/p>\n\n\n\n<figure class=\"wp-block-table is-style-regular\"><table><tbody><tr><td><strong>SVERIGE<\/strong><\/td><\/tr><tr><td><strong>STOCKHOLM<\/strong><br>Clemontin AB V\u00e4sterl\u00e5nggatan 6 STOCKHOLM<br>Clemontin AB V\u00e4sterl\u00e5nggatan 73 STOCKHOLM<br>Everaftersweden STOCKHOLM<br>Alka Design AB STOCKHOLM<br>ANN ADOLPHSON WADLE V\u00e4sterl\u00e5nggatan 60 11129 STOCKHOLM <br>Handkraft Svea Rike V\u00e4sterl\u00e5nggatan 24 11129 STOCKHOLM <br>Grindstugan\u00a0 Veit Wittrocksv\u00e4g 1 11418 STOCKHOLM <br>SoftHoney Sj\u00f6viksv\u00e4gen 51 11758 STOCKHOLM <br>Bysis Bok &amp; Papper Bysistorget 8 11821 STOCKHOLM <br><br><strong>UT\u00d6<\/strong><br>Butik Kompassen Ut\u00f6 All\u00e9viken 12 13056 UT\u00d6<br><br><strong>V\u00c4LLINGBY <\/strong><br>Kattstallet Kattstallets Butik 162 60 V\u00e4llingby <br><br><strong>HUDDINGE<\/strong><br>Delikatessboden Sj\u00f6dalstorget 5 14147 Huddinge <br>St\u00e5lh\u00e4lsan Egnahemsv\u00e4gen 57 141 37 Huddinge<br>Mitt s\u00f6ta skafferi H\u00e4radsv\u00e4gen 119 14172 SEGELTORP <br><br><strong>TULLINGE<\/strong><br>Auntie Inredning &amp; Presenter Ny\u00e4ngsv\u00e4gen 3 14630 Tullinge <br><br><strong>TUMBA<\/strong><br>Tumba Blomstercity J&amp;C Tumba torg 1 14730 TUMBA <br><br><strong>NYN\u00c4SHAMN<\/strong><br>Ohl\u00e9ns Diversehandel AB Fredsgatan 11 14930 NYN\u00c4SHAMN<br><br><strong>BROMMA <\/strong><br>\u00c4ppelvikens Bokhandel Alviksv\u00e4gen 34 16753 Bromma <br><br><strong>LIDING\u00d6<\/strong><br>R\u00f6nneberga Konferens\u00a0 R\u00f6nnebergav\u00e4gen 1 18190 Liding\u00f6<br><br><strong>VAXHOLM<\/strong> <br>Magasinet i Waxholm AB Fiskaregatan 1 18532 Vaxholm<br><br><strong>VALLENTUNA<\/strong> <br>Originella Original atelj\u00e9butik, B\u00e4llsta, Vallentuna <br>Lejonkulan Trend &amp; Interi\u00f6r AB Tuna Torg 4 18631 Vallentuna <br>Ullgrens Handelstr\u00e4dg\u00e5rd HB Karlbergsv\u00e4gen 73 18642 Vallentuna<br>Katt Katt Gr\u00e4velsta 16 18692 Vallentuna <br>H\u00f6keriet, Vallentuna<br>\u00d6sby Handelstr\u00e4dg\u00e5rd, Brottby<br><br><strong>ANDERSL\u00d6V<\/strong><br>Lenas Skaparatelje Sillesj\u00f6v\u00e4gen 2-0 23173 Andersl\u00f6v <br><br><strong>HALMSTAD<\/strong><br>Gerdas Te &amp; Kaffehandel, Pr\u00e4stv\u00e4gen 1, Halmstad<br><br><strong>FALKENBERG<\/strong><br>Lyckohj\u00e4rtat AB Nygatan 44 31131 FALKENBERG<br> <br><strong>SM\u00c5LANDSSTENAR<\/strong><br>Mellinus present S\u00f6dra Nissastigen 3 33332 Sm\u00e5landsstenar <br><br><strong>V\u00c4XJ\u00d6<\/strong><br>Hantverket\u00a0 Sandg\u00e4rdsgatan 9 35230 V\u00e4xj\u00f6<br>Gerdas Te &amp; Kaffehandel, Lagergatan 6, V\u00e4xj\u00f6<br><br><strong>SV\u00c4NGSTA<\/strong> <br>Bomagasinet AB Nissav\u00e4gen 7 37636 Sv\u00e4ngsta<br><br><strong>M\u00d6NSTER\u00c5S<\/strong> <br>Emida-Fridas f\u00f6nster\u00a0 STORGATAN 25\u00a0 38330 M\u00d6NSTER\u00c5S<br><br><strong>KALMAR<\/strong><br>Gerdas Te &amp; Kaffehandel, Storgatan 20, Kalmar<br><br><strong>G\u00d6TEBORG <\/strong><br>Vitlycke Museum FE004 40583 G\u00f6teborg<br>House of Ellen Mariebergsliden 16A 44231 Kung\u00e4lv<br>Kamixa AB, Burggrevegatan 29, G\u00f6teborg<br><br><strong>STR\u00d6MSTAD <\/strong><br>Heidi och Willy AB Skolgatan 7 45230 Str\u00f6mstad<br><br><strong>SM\u00d6GEN <\/strong><br>Sm\u00f6genbryggan AB HAMNGATAN 9 45651 SM\u00d6GEN<br> <br><strong>STILLINGS\u00d6N<\/strong><br>K\u00f6ksgl\u00e4dje.se \u00c4nghagen 412 47291 STILLINGS\u00d6N<br><br><strong>LIDK\u00d6PING <\/strong><br>Bergsg\u00e5rdens FinaTing AB Brantab\u00e4cksgatan 8 53133 Lidk\u00f6ping<br><br><strong>MARIESTAD <\/strong><br>Saker &amp; Sm\u00e5tt AB Charlott Granstr\u00f6m 54293 Mariestad &#8211; WEBSHOP<br> <br><strong>LINK\u00d6PING<\/strong><br>Sk\u00f6nf\u00e4rgareg\u00e5rden Butik, VK Yacht AB \/ Ernia Hovslagaregatan 4 58246 LINK\u00d6PING<br><br><strong>STAVSJ\u00d6 <\/strong><br>Hemma i Stavsj\u00f6 (poab) Stavsj\u00f6 trafikplats 2 61895 STAVSJ\u00d6<br><br><strong>GOTLAND <\/strong><br>Hembutiken Tofta\u00a0 Tofta Dyple 302 62265 GOTLANDS TOFTA<br>Krutbr\u00e4nnaren Tingst\u00e4dev\u00e4gen 42 62444 Tingst\u00e4de <br><br><strong>KARLSTAD<\/strong><br>V\u00e4rmlands Hemsl\u00f6jd Aktiebolag V\u00c4STRA TORGGATAN 18 65224 KARLSTAD<br><br><strong>ARVIKA <\/strong><br>Boktr\u00e4det Storgatan 34 67131 Arvika <br><br><strong>KRISTINEHAMN<\/strong><br>Krukmakeri Hemjord Nya Kyrkogatan 15 68131 Kristinehamn<br>\u00d6lmeljus diversehandel, V\u00e4nersvik 3, Kristinehamn<br><br><strong>MUNKFORS<\/strong><br>Blommor &amp; Ting i Munkfors, Lillbergsv\u00e4gen 4, Munkfors<br><br><strong>KARLSKOGA <\/strong><br>Karlskoga katthotell Norav\u00e4gen 186 69154 KARLSKOGA<br><br><strong>\u00d6REGRUND<\/strong> <br>Sundboden Skinn\u00e4s\u00e4ngarna 102 74243 \u00d6REGRUND<br><br><strong>B\u00c5LSTA<\/strong> <br>Grans G\u00e5rd Butik &amp; Caf\u00e9 AB Enk\u00f6pingsv\u00e4gen 3\u00a0 74652 B\u00e5lsta<br>Lastberget Konferens &amp; Upplevelse Lastbergsv\u00e4gen 39 74691 B\u00e5lsta<br> <br><strong>UPPSALA<\/strong><br>Teh\u00f6rnan, Svartb\u00e4cksgatan 75450 Uppsala<br> <br><strong>NORRT\u00c4LJE<\/strong><br>Akeba Posthusgatan 4 76130 Norrt\u00e4lje<br>Linneladan AB Penningby all\u00e9 4 76193 Norrt\u00e4lje<br><br><strong>MARIESTAD<\/strong><br>Saker &amp; Sm\u00e5tt Ab, Mariestad<br><br><strong>RIMBO <\/strong><br>V\u00e4xplats Nybyn Nybyn 5767 76292 Rimbo<br> <br><strong>S\u00c4LEN<\/strong><br>Mindful Living N\u00e4sv\u00e4gen 8 78067 S\u00e4len<br><br><strong>MORA <\/strong><br>Mora Quality Store Kyrkogatan 16 79230 MORA<br> <br><strong>NUSN\u00c4S<\/strong><br>Grannas A Olssons Hemsl\u00f6jds Aktiebolag ED\u00c5KERSV\u00c4GEN 24 79277 NUSN\u00c4S<br>Nils Olsson Hemsl\u00f6jd AB ED\u00c5KERSV\u00c4GEN 17 79277 NUSN\u00c4S<br><br><strong>SILJANSN\u00c4S<\/strong><br>Siljansn\u00e4s Snickerikaf\u00e9, K\u00e4llsvadsv. 10, 79360 Siljansn\u00e4s<br><br><strong>R\u00c4TTVIK <\/strong><br>R\u00e4ttviks Sl\u00f6jd Aktiebolag Hemsl\u00f6jdsstugan, Torget 79530 R\u00e4ttvik<br> <br><strong>\u00d6STERSUND<\/strong><br>Lyckorummet web-butik HB Brunflov\u00e4gen 51 83146 \u00d6STERSUND &#8211; WEBBUTIK<br><br><strong>STR\u00d6MSUND<\/strong><br>\u00d6-bua Storgatan 14 A 83335 Str\u00f6msund <br><br><strong>UME\u00c5<\/strong><br>Supercat Sweden AB Kronoskogsv\u00e4gen 8 90361 UME\u00c5 &#8211; WEBBUTIK<br><br><strong>G\u00c4LLIVARE <\/strong><br>Belle Bi\u00a0 C\/O Marlene Lingebrand 98238 G\u00e4llivare <br><br><strong>NYKVARN<\/strong><br>Taxinge Keramik \u2105 Zelahn Stenkullev\u00e4gen 2D\u00a0 155 34 Nykvarn<br><br><strong>ESKILSTUNA<\/strong> <br>V\u00e4vknuten Fristadstorget 6 632 20 Eskilstuna Atelj\u00e9<br><br><br><br><strong>BELGIEN<\/strong><br>Lectures et loisirs, 6120 Nalinnes BE <br><br>Studi&#8217;eau 66, 2890 Puurs-Sint-Amands BE<br><br><br><strong>SCHWEIZ<\/strong><br>Recto Verso, 2502 Biel-Bienne CH <br><br>Catambo, 1260 Nyon CH<br><br><br><strong>TYSKLAND<\/strong><br>Die kleine Stube, 23769 Burg DE <br><br>Henriettes Kuchenladen, 44137 Dortmund DE <br><br>Wohngerade, 91054 Erlangen DE <br><br>Kalevala Spirit, GmbH 4315 Leipzig DE <br><br>Petra Reimann, 1662 Meissen DE <br><br>Schweden Stil, 22869 Schenefeld DE <br><br>Sc\u00e5ntex &#8211; Nordic Styles, 72070 T\u00fcbingen DE <br><br>Kunsthantwerk &amp; Antiquitaten, 97332 Volkach DE <br><br>Lite Vitt Hus, 9405 Zschopau DE<br><br><br><strong>FRANKRIKE<\/strong><br>Droguerie Pommery, 31700 Blagnac FR <br><br>POIVRE ET MIEL, 79300 Bressuire FR <br><br>Moment Deco, 64250 Cambo les bains FR <br><br>Aude Bain, 11000 Carcassonne FR <br><br>Tuvache &amp; Fils, 28000 Chartres FR <br><br>Solangine Deco, 76520 Fanqueville St Pierre FR <br><br>La Plan\u00e8te Verte, 60210 Grandvillers FR <br><br>Le comptoir du the, 87000 Limoges FR <br><br>VILLA GIU, 29930 Pont-Aven FR <br><br>HDC decor, 29000 Quimper FR <br><br>Th\u00e9 &amp; Tis&#8217;Anne, 38140 RIVES FR<br><br>Tigres de Salon, 16 rue Saint Gen\u00e8s, 63000 Clermont-Ferrand, FR<br><br>Comme chez Grand mere, 4 rue du march\u00e9, 42700 Firminy, FR<br><br><br><strong>STORBRITTANNIEN<\/strong><br>Goodbrand &amp; Ross, AB368YL Aberdeenshire GB <br><br>C &amp; J\u2019s Little Shop Of Allsorts, BS23 1QW Weston Super Mare GB<br><br><br><strong>JAPAN<\/strong><br>Hokusei Products company, toyama, Japan JP<br><br><br><strong>SYD KOREA<\/strong><br>Damso Living Co.,Ltd 10431 Goyang-si, Gyeonggi-do KR<br><br><br><strong>NEDERL\u00c4NDERNA<\/strong><br>Atelier Galerie Fascino, 3051 GS\u00a0 Rotterdam NL<br><br><br><strong>NORGE<\/strong><br>Moellerens Hus, 1798 Aremark NO<br> <br>Det Glade Hj\u00f8rnet AS, 1830 Askim NO <br><br><br><strong>PORTUGAL<\/strong><br>Portal das Campainhas, 7100-112 Estremoz PT<br><br><br><strong>USA<\/strong><br>MOOSE International, California US<br><br>Little Scandinavia, NE 68022 Elkhorn US <br><br>IE Swift CO, MI49931 Houghton US <br><br>National Museum of Wildlife Art, 83001 Jackson US <br><br>Sweetish Candy, 17601 Lancaster, PA US <br><br>Rustic Treasure Shed LLC, NH03055 Milford US <br><br>Plum Plums Cheese LLC, CT 06840 New Canaan US <br><br>Irma&#8217;s Finland House, MN55792 Virginia US <br><\/td><\/tr><\/tbody><\/table><\/figure>\n\n\n\n<div class=\"wp-block-columns is-layout-flex wp-container-core-columns-is-layout-9d6595d7 wp-block-columns-is-layout-flex\">\n<div class=\"wp-block-column is-layout-flow wp-block-column-is-layout-flow\">\n<p><\/p>\n<\/div>\n\n\n\n<div class=\"wp-block-column is-layout-flow wp-block-column-is-layout-flow\"><\/div>\n<\/div>\n\n\n\n<p><\/p>\n","protected":false},"excerpt":{"rendered":"<p>V\u00e5ra \u00c5terf\u00f6rs\u00e4ljare \/ Our retailers Observera att v\u00e5ra \u00e5terf\u00f6rs\u00e4ljare har olika produkter i sina sortiment. SVERIGE STOCKHOLMClemontin AB V\u00e4sterl\u00e5nggatan 6 STOCKHOLMClemontin AB V\u00e4sterl\u00e5nggatan 73 STOCKHOLMEveraftersweden&hellip;<\/p>\n","protected":false},"author":2,"featured_media":0,"parent":0,"menu_order":0,"comment_status":"closed","ping_status":"closed","template":"","meta":{"footnotes":""},"class_list":["post-11008","page","type-page","status-publish","hentry"],"translation":{"provider":"WPGlobus","version":"3.0.1","language":"en","enabled_languages":["sv","en","undefined"],"languages":{"sv":{"title":true,"content":true,"excerpt":false},"en":{"title":false,"content":false,"excerpt":false},"undefined":{"title":false,"content":false,"excerpt":false}}},"yoast_head":"<!-- This site is optimized with the Yoast SEO plugin v26.6 - https:\/\/yoast.com\/wordpress\/plugins\/seo\/ -->\n<title>V\u00e5ra \u00e5terf\u00f6rs\u00e4ljare - ORIGINELLA ORIGINAL\u00ae<\/title>\n<meta name=\"robots\" content=\"index, follow, max-snippet:-1, max-image-preview:large, max-video-preview:-1\" \/>\n<link rel=\"canonical\" href=\"https:\/\/originellaoriginal.se\/vara-aterforsaljare\/\" \/>\n<meta property=\"og:locale\" content=\"en_US\" \/>\n<meta property=\"og:type\" content=\"article\" \/>\n<meta property=\"og:title\" content=\"V\u00e5ra \u00e5terf\u00f6rs\u00e4ljare - ORIGINELLA ORIGINAL\u00ae\" \/>\n<meta property=\"og:url\" content=\"https:\/\/originellaoriginal.se\/vara-aterforsaljare\/\" \/>\n<meta property=\"og:site_name\" content=\"ORIGINELLA ORIGINAL\u00ae\" \/>\n<meta property=\"article:publisher\" content=\"https:\/\/www.facebook.com\/Originella.Original\/\" \/>\n<meta property=\"article:modified_time\" content=\"2025-03-13T13:42:37+00:00\" \/>\n<meta name=\"twitter:card\" content=\"summary_large_image\" \/>\n<meta name=\"twitter:label1\" content=\"Est. reading time\" \/>\n\t<meta name=\"twitter:data1\" content=\"5 minutes\" \/>\n<script type=\"application\/ld+json\" class=\"yoast-schema-graph\">{\"@context\":\"https:\/\/schema.org\",\"@graph\":[{\"@type\":\"WebPage\",\"@id\":\"https:\/\/originellaoriginal.se\/vara-aterforsaljare\/\",\"url\":\"https:\/\/originellaoriginal.se\/vara-aterforsaljare\/\",\"name\":\"V\u00e5ra \u00e5terf\u00f6rs\u00e4ljare - ORIGINELLA ORIGINAL\u00ae\",\"isPartOf\":{\"@id\":\"https:\/\/originellaoriginal.se\/#website\"},\"datePublished\":\"2023-01-20T09:51:46+00:00\",\"dateModified\":\"2025-03-13T13:42:37+00:00\",\"description\":\"V\u00e5ra \u00e5terf\u00f6rs\u00e4ljare i Sverige och \u00f6vriga v\u00e4rlden.\",\"breadcrumb\":{\"@id\":\"https:\/\/originellaoriginal.se\/vara-aterforsaljare\/#breadcrumb\"},\"inLanguage\":\"en-US\",\"potentialAction\":[{\"@type\":\"ReadAction\",\"target\":[\"https:\/\/originellaoriginal.se\/vara-aterforsaljare\/\"]}]},{\"@type\":\"BreadcrumbList\",\"@id\":\"https:\/\/originellaoriginal.se\/vara-aterforsaljare\/#breadcrumb\",\"itemListElement\":[{\"@type\":\"ListItem\",\"position\":1,\"name\":\"Hem\",\"item\":\"https:\/\/originellaoriginal.se\/\"},{\"@type\":\"ListItem\",\"position\":2,\"name\":\"V\u00e5ra \u00e5terf\u00f6rs\u00e4ljare\"}]},{\"@type\":\"WebSite\",\"@id\":\"https:\/\/originellaoriginal.se\/#website\",\"url\":\"https:\/\/originellaoriginal.se\/\",\"name\":\"ORIGINELLA ORIGINAL\u00ae\",\"description\":\"Art &amp; Design by Pia Bergvall Lund\u00e9n\",\"publisher\":{\"@id\":\"https:\/\/originellaoriginal.se\/#organization\"},\"potentialAction\":[{\"@type\":\"SearchAction\",\"target\":{\"@type\":\"EntryPoint\",\"urlTemplate\":\"https:\/\/originellaoriginal.se\/?s={search_term_string}\"},\"query-input\":{\"@type\":\"PropertyValueSpecification\",\"valueRequired\":true,\"valueName\":\"search_term_string\"}}],\"inLanguage\":\"en-US\"},{\"@type\":\"Organization\",\"@id\":\"https:\/\/originellaoriginal.se\/#organization\",\"name\":\"ORIGINELLA ORIGINAL\u00ae\",\"url\":\"https:\/\/originellaoriginal.se\/\",\"logo\":{\"@type\":\"ImageObject\",\"inLanguage\":\"en-US\",\"@id\":\"https:\/\/originellaoriginal.se\/#\/schema\/logo\/image\/\",\"url\":\"https:\/\/originellaoriginal.se\/wp-content\/uploads\/2025\/08\/cropped-cropped-cropped-LOGO_OO_2020_Sign_frilagd-1.jpg\",\"contentUrl\":\"https:\/\/originellaoriginal.se\/wp-content\/uploads\/2025\/08\/cropped-cropped-cropped-LOGO_OO_2020_Sign_frilagd-1.jpg\",\"width\":468,\"height\":253,\"caption\":\"ORIGINELLA ORIGINAL\u00ae\"},\"image\":{\"@id\":\"https:\/\/originellaoriginal.se\/#\/schema\/logo\/image\/\"},\"sameAs\":[\"https:\/\/www.facebook.com\/Originella.Original\/\",\"https:\/\/www.instagram.com\/originella_original\/\",\"https:\/\/www.linkedin.com\/in\/pia-bergvall-lundn-4704585a?trk=hp-identity-name\"]}]}<\/script>\n<!-- \/ Yoast SEO plugin. -->","yoast_head_json":{"title":"V\u00e5ra \u00e5terf\u00f6rs\u00e4ljare - ORIGINELLA ORIGINAL\u00ae","robots":{"index":"index","follow":"follow","max-snippet":"max-snippet:-1","max-image-preview":"max-image-preview:large","max-video-preview":"max-video-preview:-1"},"canonical":"https:\/\/originellaoriginal.se\/vara-aterforsaljare\/","og_locale":"en_US","og_type":"article","og_title":"V\u00e5ra \u00e5terf\u00f6rs\u00e4ljare - ORIGINELLA ORIGINAL\u00ae","og_url":"https:\/\/originellaoriginal.se\/vara-aterforsaljare\/","og_site_name":"ORIGINELLA ORIGINAL\u00ae","article_publisher":"https:\/\/www.facebook.com\/Originella.Original\/","article_modified_time":"2025-03-13T13:42:37+00:00","twitter_card":"summary_large_image","twitter_misc":{"Est. reading time":"5 minutes"},"schema":{"@context":"https:\/\/schema.org","@graph":[{"@type":"WebPage","@id":"https:\/\/originellaoriginal.se\/vara-aterforsaljare\/","url":"https:\/\/originellaoriginal.se\/vara-aterforsaljare\/","name":"V\u00e5ra \u00e5terf\u00f6rs\u00e4ljare - ORIGINELLA ORIGINAL\u00ae","isPartOf":{"@id":"https:\/\/originellaoriginal.se\/#website"},"datePublished":"2023-01-20T09:51:46+00:00","dateModified":"2025-03-13T13:42:37+00:00","description":"V\u00e5ra \u00e5terf\u00f6rs\u00e4ljare i Sverige och \u00f6vriga v\u00e4rlden.","breadcrumb":{"@id":"https:\/\/originellaoriginal.se\/vara-aterforsaljare\/#breadcrumb"},"inLanguage":"en-US","potentialAction":[{"@type":"ReadAction","target":["https:\/\/originellaoriginal.se\/vara-aterforsaljare\/"]}]},{"@type":"BreadcrumbList","@id":"https:\/\/originellaoriginal.se\/vara-aterforsaljare\/#breadcrumb","itemListElement":[{"@type":"ListItem","position":1,"name":"Hem","item":"https:\/\/originellaoriginal.se\/"},{"@type":"ListItem","position":2,"name":"V\u00e5ra \u00e5terf\u00f6rs\u00e4ljare"}]},{"@type":"WebSite","@id":"https:\/\/originellaoriginal.se\/#website","url":"https:\/\/originellaoriginal.se\/","name":"ORIGINELLA ORIGINAL\u00ae","description":"Art &amp; Design by Pia Bergvall Lund\u00e9n","publisher":{"@id":"https:\/\/originellaoriginal.se\/#organization"},"potentialAction":[{"@type":"SearchAction","target":{"@type":"EntryPoint","urlTemplate":"https:\/\/originellaoriginal.se\/?s={search_term_string}"},"query-input":{"@type":"PropertyValueSpecification","valueRequired":true,"valueName":"search_term_string"}}],"inLanguage":"en-US"},{"@type":"Organization","@id":"https:\/\/originellaoriginal.se\/#organization","name":"ORIGINELLA ORIGINAL\u00ae","url":"https:\/\/originellaoriginal.se\/","logo":{"@type":"ImageObject","inLanguage":"en-US","@id":"https:\/\/originellaoriginal.se\/#\/schema\/logo\/image\/","url":"https:\/\/originellaoriginal.se\/wp-content\/uploads\/2025\/08\/cropped-cropped-cropped-LOGO_OO_2020_Sign_frilagd-1.jpg","contentUrl":"https:\/\/originellaoriginal.se\/wp-content\/uploads\/2025\/08\/cropped-cropped-cropped-LOGO_OO_2020_Sign_frilagd-1.jpg","width":468,"height":253,"caption":"ORIGINELLA ORIGINAL\u00ae"},"image":{"@id":"https:\/\/originellaoriginal.se\/#\/schema\/logo\/image\/"},"sameAs":["https:\/\/www.facebook.com\/Originella.Original\/","https:\/\/www.instagram.com\/originella_original\/","https:\/\/www.linkedin.com\/in\/pia-bergvall-lundn-4704585a?trk=hp-identity-name"]}]}},"_links":{"self":[{"href":"https:\/\/originellaoriginal.se\/en\/wp-json\/wp\/v2\/pages\/11008","targetHints":{"allow":["GET"]}}],"collection":[{"href":"https:\/\/originellaoriginal.se\/en\/wp-json\/wp\/v2\/pages"}],"about":[{"href":"https:\/\/originellaoriginal.se\/en\/wp-json\/wp\/v2\/types\/page"}],"author":[{"embeddable":true,"href":"https:\/\/originellaoriginal.se\/en\/wp-json\/wp\/v2\/users\/2"}],"replies":[{"embeddable":true,"href":"https:\/\/originellaoriginal.se\/en\/wp-json\/wp\/v2\/comments?post=11008"}],"version-history":[{"count":15,"href":"https:\/\/originellaoriginal.se\/en\/wp-json\/wp\/v2\/pages\/11008\/revisions"}],"predecessor-version":[{"id":15416,"href":"https:\/\/originellaoriginal.se\/en\/wp-json\/wp\/v2\/pages\/11008\/revisions\/15416"}],"wp:attachment":[{"href":"https:\/\/originellaoriginal.se\/en\/wp-json\/wp\/v2\/media?parent=11008"}],"curies":[{"name":"wp","href":"https:\/\/api.w.org\/{rel}","templated":true}]}}